{"id":23,"date":"2023-04-19T12:38:49","date_gmt":"2023-04-19T10:38:49","guid":{"rendered":"https:\/\/treeofhope.ro\/?page_id=23"},"modified":"2026-02-12T16:28:59","modified_gmt":"2026-02-12T15:28:59","slug":"bemutatkozasok","status":"publish","type":"page","link":"https:\/\/treeofhope.ro\/hu\/bemutatkozasok\/","title":{"rendered":"Bemutatkoz\u00e1sok"},"content":{"rendered":"\t\t<div data-elementor-type=\"wp-page\" data-elementor-id=\"23\" class=\"elementor elementor-23\">\n\t\t\t\t\t\t\t\t\t<section class=\"elementor-section elementor-top-section elementor-element elementor-element-d241227 team-block elementor-section-content-middle elementor-section-boxed elementor-section-height-default elementor-section-height-default\" data-id=\"d241227\" data-element_type=\"section\">\n\t\t\t\t\t\t<div class=\"elementor-container elementor-column-gap-default\">\n\t\t\t\t\t<div class=\"aux-parallax-section elementor-column elementor-col-33 elementor-top-column elementor-element elementor-element-981dd68\" data-id=\"981dd68\" data-element_type=\"column\">\n\t\t\t<div class=\"elementor-widget-wrap elementor-element-populated\">\n\t\t\t\t\t\t\t\t<div class=\"elementor-element elementor-element-0e77b9d elementor-widget elementor-widget-image\" data-id=\"0e77b9d\" data-element_type=\"widget\" data-widget_type=\"image.default\">\n\t\t\t\t<div class=\"elementor-widget-container\">\n\t\t\t<style>\/*! elementor - v3.12.1 - 02-04-2023 *\/\n.elementor-widget-image{text-align:center}.elementor-widget-image a{display:inline-block}.elementor-widget-image a img[src$=\".svg\"]{width:48px}.elementor-widget-image img{vertical-align:middle;display:inline-block}<\/style>\t\t\t\t\t\t\t\t\t\t\t\t<img decoding=\"async\" width=\"413\" height=\"525\" src=\"https:\/\/treeofhope.ro\/wp-content\/uploads\/2023\/04\/zolyomi-reka.jpg\" class=\"attachment-full size-full wp-image-161\" alt=\"\" loading=\"lazy\" \/>\t\t\t\t\t\t\t\t\t\t\t\t\t\t\t<\/div>\n\t\t\t\t<\/div>\n\t\t\t\t\t<\/div>\n\t\t<\/div>\n\t\t\t\t<div class=\"aux-parallax-section elementor-column elementor-col-66 elementor-top-column elementor-element elementor-element-3ac2519\" data-id=\"3ac2519\" data-element_type=\"column\">\n\t\t\t<div class=\"elementor-widget-wrap elementor-element-populated\">\n\t\t\t\t\t\t\t\t<div class=\"elementor-element elementor-element-5ebdb83 elementor-widget elementor-widget-heading\" data-id=\"5ebdb83\" data-element_type=\"widget\" data-widget_type=\"heading.default\">\n\t\t\t\t<div class=\"elementor-widget-container\">\n\t\t\t<style>\/*! elementor - v3.12.1 - 02-04-2023 *\/\n.elementor-heading-title{padding:0;margin:0;line-height:1}.elementor-widget-heading .elementor-heading-title[class*=elementor-size-]>a{color:inherit;font-size:inherit;line-height:inherit}.elementor-widget-heading .elementor-heading-title.elementor-size-small{font-size:15px}.elementor-widget-heading .elementor-heading-title.elementor-size-medium{font-size:19px}.elementor-widget-heading .elementor-heading-title.elementor-size-large{font-size:29px}.elementor-widget-heading .elementor-heading-title.elementor-size-xl{font-size:39px}.elementor-widget-heading .elementor-heading-title.elementor-size-xxl{font-size:59px}<\/style><h2 class=\"elementor-heading-title elementor-size-default\">ZOLYOMI K\u00c1RMEN R\u00c9KA <\/h2>\t\t<\/div>\n\t\t\t\t<\/div>\n\t\t\t\t<div class=\"elementor-element elementor-element-e2b93f1 elementor-widget elementor-widget-heading\" data-id=\"e2b93f1\" data-element_type=\"widget\" data-widget_type=\"heading.default\">\n\t\t\t\t<div class=\"elementor-widget-container\">\n\t\t\t<h4 class=\"elementor-heading-title elementor-size-default\">Msc, szakk\u00e9pzett sz\u00fcl\u00e9szn\u0151, okleveles k\u00e9pz\u0151<\/h4>\t\t<\/div>\n\t\t\t\t<\/div>\n\t\t\t\t<div class=\"elementor-element elementor-element-c4fc6dd elementor-widget elementor-widget-text-editor\" data-id=\"c4fc6dd\" data-element_type=\"widget\" data-widget_type=\"text-editor.default\">\n\t\t\t\t<div class=\"elementor-widget-container\">\n\t\t\t<style>\/*! elementor - v3.12.1 - 02-04-2023 *\/\n.elementor-widget-text-editor.elementor-drop-cap-view-stacked .elementor-drop-cap{background-color:#69727d;color:#fff}.elementor-widget-text-editor.elementor-drop-cap-view-framed .elementor-drop-cap{color:#69727d;border:3px solid;background-color:transparent}.elementor-widget-text-editor:not(.elementor-drop-cap-view-default) .elementor-drop-cap{margin-top:8px}.elementor-widget-text-editor:not(.elementor-drop-cap-view-default) .elementor-drop-cap-letter{width:1em;height:1em}.elementor-widget-text-editor .elementor-drop-cap{float:left;text-align:center;line-height:1;font-size:50px}.elementor-widget-text-editor .elementor-drop-cap-letter{display:inline-block}<\/style>\t\t\t\t<p>M\u00e1r gyermekkoromban megfogalmaz\u00f3dott bennem, hogyha feln\u00f6v\u00f6k eg\u00e9szs\u00e9g\u00fcgyi dolgoz\u00f3 leszek. Ebben meghat\u00e1roz\u00f3 szerepe volt apai nagyap\u00e1m t\u00f6rt\u00e9neteinek, melyeket gyermekk\u00e9nt \u00f3r\u00e1kon \u00e1t hallgattam.<\/p><p>2010-ben fels\u0151fok\u00fa sz\u00fcl\u00e9szn\u0151i k\u00e9pes\u00edt\u00e9st szereztem a MOGYE Sz\u00fcl\u00e9szn\u0151 k\u00e9pz\u0151 kar\u00e1n, ugyanebben az \u00e9vben sz\u00fcl\u00e9szn\u0151k\u00e9nt alkalmaztak a Marosv\u00e1s\u00e1rhelyi Megyei S\u00fcrg\u0151ss\u00e9gi K\u00f3rh\u00e1z Sz\u00fcl\u00e9szet-N\u0151gy\u00f3gy\u00e1szat oszt\u00e1ly\u00e1ra, ahol az\u00f3ta is megszak\u00edt\u00e1s n\u00e9lk\u00fcl dolgozom. Ezt k\u00f6vet\u0151en 2012-ben Eg\u00e9szs\u00e9g\u00fcgyi Menedzsment ter\u00fclet\u00e9n mesteri diplom\u00e1t szereztem. 2013-ban a Munka\u00fcgyi Miniszt\u00e9rium \u00e1ltal kibocs\u00e1tott Feln\u0151tt K\u00e9pz\u0151 diplom\u00e1t, majd 2023-ban Szoptat\u00e1s seg\u00edt\u0151i oklevelet.<\/p><p>A szakmai tud\u00e1s mellett fontosnak tartom a mindennapi gyakorlatot, a folyamatos fejl\u0151d\u00e9st. C\u00e9lom \u00e9s hivat\u00e1som, hogy legjobb tud\u00e1som \u00e9s k\u00e9pess\u00e9geim szerint, a leend\u0151 any\u00e1k, bab\u00e1k seg\u00edt\u0151je legyek.<\/p>\t\t\t\t\t\t<\/div>\n\t\t\t\t<\/div>\n\t\t\t\t\t<\/div>\n\t\t<\/div>\n\t\t\t\t\t\t\t<\/div>\n\t\t<\/section>\n\t\t\t\t<section class=\"elementor-section elementor-top-section elementor-element elementor-element-8df13cf team-block elementor-section-content-middle elementor-section-boxed elementor-section-height-default elementor-section-height-default\" data-id=\"8df13cf\" data-element_type=\"section\">\n\t\t\t\t\t\t<div class=\"elementor-container elementor-column-gap-default\">\n\t\t\t\t\t<div class=\"aux-parallax-section elementor-column elementor-col-33 elementor-top-column elementor-element elementor-element-cbb0371\" data-id=\"cbb0371\" data-element_type=\"column\">\n\t\t\t<div class=\"elementor-widget-wrap elementor-element-populated\">\n\t\t\t\t\t\t\t\t<div class=\"elementor-element elementor-element-bad7f04 elementor-widget elementor-widget-image\" data-id=\"bad7f04\" data-element_type=\"widget\" data-widget_type=\"image.default\">\n\t\t\t\t<div class=\"elementor-widget-container\">\n\t\t\t\t\t\t\t\t\t\t\t\t\t\t\t<img decoding=\"async\" width=\"413\" height=\"525\" src=\"https:\/\/treeofhope.ro\/wp-content\/uploads\/2023\/04\/donath-emoke.jpg\" class=\"attachment-full size-full wp-image-159\" alt=\"\" loading=\"lazy\" \/>\t\t\t\t\t\t\t\t\t\t\t\t\t\t\t<\/div>\n\t\t\t\t<\/div>\n\t\t\t\t\t<\/div>\n\t\t<\/div>\n\t\t\t\t<div class=\"aux-parallax-section elementor-column elementor-col-66 elementor-top-column elementor-element elementor-element-e1c915f\" data-id=\"e1c915f\" data-element_type=\"column\">\n\t\t\t<div class=\"elementor-widget-wrap elementor-element-populated\">\n\t\t\t\t\t\t\t\t<div class=\"elementor-element elementor-element-47d9b21 elementor-widget elementor-widget-heading\" data-id=\"47d9b21\" data-element_type=\"widget\" data-widget_type=\"heading.default\">\n\t\t\t\t<div class=\"elementor-widget-container\">\n\t\t\t<h2 class=\"elementor-heading-title elementor-size-default\">DON\u00c1TH EM\u0150KE<\/h2>\t\t<\/div>\n\t\t\t\t<\/div>\n\t\t\t\t<div class=\"elementor-element elementor-element-61a049a elementor-widget elementor-widget-heading\" data-id=\"61a049a\" data-element_type=\"widget\" data-widget_type=\"heading.default\">\n\t\t\t\t<div class=\"elementor-widget-container\">\n\t\t\t<h4 class=\"elementor-heading-title elementor-size-default\">Msc, szakk\u00e9pzett sz\u00fcl\u00e9szn\u0151, okleveles Lamaze sz\u00fcl\u00e9sfelk\u00e9sz\u00edt\u0151, nemzetk\u00f6zi lakt\u00e1ci\u00f3s szaktan\u00e1csad\u00f3 - IBCLC<\/h4>\t\t<\/div>\n\t\t\t\t<\/div>\n\t\t\t\t<div class=\"elementor-element elementor-element-4b3ffea elementor-widget elementor-widget-text-editor\" data-id=\"4b3ffea\" data-element_type=\"widget\" data-widget_type=\"text-editor.default\">\n\t\t\t\t<div class=\"elementor-widget-container\">\n\t\t\t\t\t\t\t<p>Elhivat\u00e1somat \u00e1ltal\u00e1nos asszisztensn\u0151k\u00e9nt kezdtem 2001-ben, majd 2008-ban a MOGYE Sz\u00fcl\u00e9szn\u0151 szak\u00e1n az els\u0151 \u00e9vfolyam v\u00e9gz\u0151sek\u00e9nt sikeres z\u00e1r\u00f3vizsg\u00e1t tettem. 2003-t\u00f3l a Marosv\u00e1s\u00e1rhelyi Megyei S\u00fcrg\u0151ss\u00e9gi K\u00f3rh\u00e1z Sz\u00fcl\u00e9szet- N\u0151gy\u00f3gy\u00e1szat oszt\u00e1ly\u00e1n, a sz\u00fcl\u0151szob\u00e1n dolgozom. 2009-t\u0151l Lamaze terhesfelk\u00e9sz\u00edt\u0151 oklev\u00e9llel rendelkezem. 2012-ben az Eg\u00e9szs\u00e9g\u00fcgyi Menedzsment ter\u00fclet\u00e9n mesteri diplom\u00e1t szereztem a MOGYE-n. Folyamatosan pr\u00f3b\u00e1lok l\u00e9p\u00e9st tartani az \u00faj ir\u00e1nyelvekkel, r\u00e9szt veszek tov\u00e1bbk\u00e9pz\u00e9seken, ami a terhesek, gyerek\u00e1gyasok, \u00fajsz\u00fcl\u00f6ttek ell\u00e1t\u00e1s\u00e1t \u00e9rinti.<\/p>\t\t\t\t\t\t<\/div>\n\t\t\t\t<\/div>\n\t\t\t\t\t<\/div>\n\t\t<\/div>\n\t\t\t\t\t\t\t<\/div>\n\t\t<\/section>\n\t\t\t\t<section class=\"elementor-section elementor-top-section elementor-element elementor-element-79707a1 team-block elementor-section-content-middle elementor-section-boxed elementor-section-height-default elementor-section-height-default\" data-id=\"79707a1\" data-element_type=\"section\">\n\t\t\t\t\t\t<div class=\"elementor-container elementor-column-gap-default\">\n\t\t\t\t\t<div class=\"aux-parallax-section elementor-column elementor-col-33 elementor-top-column elementor-element elementor-element-6a5249c\" data-id=\"6a5249c\" data-element_type=\"column\">\n\t\t\t<div class=\"elementor-widget-wrap elementor-element-populated\">\n\t\t\t\t\t\t\t\t<div class=\"elementor-element elementor-element-407444a elementor-widget elementor-widget-image\" data-id=\"407444a\" data-element_type=\"widget\" data-widget_type=\"image.default\">\n\t\t\t\t<div class=\"elementor-widget-container\">\n\t\t\t\t\t\t\t\t\t\t\t\t\t\t\t<img decoding=\"async\" width=\"1080\" height=\"1506\" src=\"https:\/\/treeofhope.ro\/wp-content\/uploads\/2023\/12\/unnamed-5-1.jpg\" class=\"attachment-full size-full wp-image-848\" alt=\"\" loading=\"lazy\" \/>\t\t\t\t\t\t\t\t\t\t\t\t\t\t\t<\/div>\n\t\t\t\t<\/div>\n\t\t\t\t\t<\/div>\n\t\t<\/div>\n\t\t\t\t<div class=\"aux-parallax-section elementor-column elementor-col-66 elementor-top-column elementor-element elementor-element-3423883\" data-id=\"3423883\" data-element_type=\"column\">\n\t\t\t<div class=\"elementor-widget-wrap elementor-element-populated\">\n\t\t\t\t\t\t\t\t<div class=\"elementor-element elementor-element-7796c60 elementor-widget elementor-widget-heading\" data-id=\"7796c60\" data-element_type=\"widget\" data-widget_type=\"heading.default\">\n\t\t\t\t<div class=\"elementor-widget-container\">\n\t\t\t<h2 class=\"elementor-heading-title elementor-size-default\">\u00c1d\u00e1m Andrea<\/h2>\t\t<\/div>\n\t\t\t\t<\/div>\n\t\t\t\t<div class=\"elementor-element elementor-element-328968e elementor-widget elementor-widget-heading\" data-id=\"328968e\" data-element_type=\"widget\" data-widget_type=\"heading.default\">\n\t\t\t\t<div class=\"elementor-widget-container\">\n\t\t\t<h4 class=\"elementor-heading-title elementor-size-default\">Msc, szakk\u00e9pzett sz\u00fcl\u00e9szn\u0151, okleveles k\u00e9pz\u0151, reszuszcit\u00e1ci\u00f3s alapismeretekkel rendelkez\u0151, szoptat\u00e1si seg\u00edt\u0151<\/h4>\t\t<\/div>\n\t\t\t\t<\/div>\n\t\t\t\t<div class=\"elementor-element elementor-element-f90d4f7 elementor-widget elementor-widget-text-editor\" data-id=\"f90d4f7\" data-element_type=\"widget\" data-widget_type=\"text-editor.default\">\n\t\t\t\t<div class=\"elementor-widget-container\">\n\t\t\t\t\t\t\t<p>A Marosv\u00e1s\u00e1rhelyi Megyei S\u00fcrg\u0151ss\u00e9gi K\u00f3rh\u00e1z sz\u00fcl\u0151szob\u00e1j\u00e1n dolgozom, sz\u00fcl\u00e9szn\u0151k\u00e9nt. 2009-ben v\u00e9geztem a Marosv\u00e1s\u00e1rhelyi Orvosi \u00e9s Gy\u00f3gyszer\u00e9szeti Egyetem B\u00e1bak\u00e9pz\u0151 kar\u00e1n. Mesterdiplom\u00e1t szereztem klinikai pszichol\u00f3gi\u00e1b\u00f3l (UDC &#8211; 2013) \u00e9s hum\u00e1n reprodukci\u00f3 szakter\u00fcleten (UMF &#8211; 2017).<\/p><p><br \/>P\u00e1lyafut\u00e1som elej\u00e9n \u00fajsz\u00fcl\u00f6tt oszt\u00e1lyon is dolgoztam, ahol tapasztalatot szereztem a gyermek\u00e1gyas id\u0151szakban felmer\u00fcl\u0151 szoptat\u00e1si probl\u00e9m\u00e1k ell\u00e1t\u00e1s\u00e1ban. T\u00f6bbsz\u00f6r r\u00e9szt vettem csecsem\u0151 \u00fajra\u00e9leszt\u0151 tanfolyamon, a k\u00f6zelm\u00faltban pedig a rom\u00e1niai Els\u0151seg\u00e9lyny\u00fajt\u00f3 Akad\u00e9mia csecsem\u0151 \u00e9s gyermek els\u0151seg\u00e9ly programj\u00e1n m\u00e9ly\u00edtettem el a megl\u00e9v\u0151 tud\u00e1somat.<\/p><p><br \/>Arra t\u00f6rekszem, hogy mindig a legfrissebb inform\u00e1ci\u00f3kat ny\u00fajtsam szakmai t\u00e9ren \u00fagy a kismam\u00e1knak a korh\u00e1zban, mint az el\u0151ad\u00e1sokon a r\u00e9sztvev\u0151knek. <\/p>\t\t\t\t\t\t<\/div>\n\t\t\t\t<\/div>\n\t\t\t\t\t<\/div>\n\t\t<\/div>\n\t\t\t\t\t\t\t<\/div>\n\t\t<\/section>\n\t\t\t\t<section class=\"elementor-section elementor-top-section elementor-element elementor-element-10b1807 team-block elementor-section-content-middle elementor-section-boxed elementor-section-height-default elementor-section-height-default\" data-id=\"10b1807\" data-element_type=\"section\">\n\t\t\t\t\t\t<div class=\"elementor-container elementor-column-gap-default\">\n\t\t\t\t\t<div class=\"aux-parallax-section elementor-column elementor-col-33 elementor-top-column elementor-element elementor-element-5ef59df\" data-id=\"5ef59df\" data-element_type=\"column\">\n\t\t\t<div class=\"elementor-widget-wrap elementor-element-populated\">\n\t\t\t\t\t\t\t\t<div class=\"elementor-element elementor-element-9787268 elementor-widget elementor-widget-image\" data-id=\"9787268\" data-element_type=\"widget\" data-widget_type=\"image.default\">\n\t\t\t\t<div class=\"elementor-widget-container\">\n\t\t\t\t\t\t\t\t\t\t\t\t\t\t\t<img decoding=\"async\" width=\"413\" height=\"525\" src=\"https:\/\/treeofhope.ro\/wp-content\/uploads\/2023\/04\/sandor-eva.jpg\" class=\"attachment-full size-full wp-image-160\" alt=\"\" loading=\"lazy\" \/>\t\t\t\t\t\t\t\t\t\t\t\t\t\t\t<\/div>\n\t\t\t\t<\/div>\n\t\t\t\t\t<\/div>\n\t\t<\/div>\n\t\t\t\t<div class=\"aux-parallax-section elementor-column elementor-col-66 elementor-top-column elementor-element elementor-element-302adaa\" data-id=\"302adaa\" data-element_type=\"column\">\n\t\t\t<div class=\"elementor-widget-wrap elementor-element-populated\">\n\t\t\t\t\t\t\t\t<div class=\"elementor-element elementor-element-ef728dd elementor-widget elementor-widget-heading\" data-id=\"ef728dd\" data-element_type=\"widget\" data-widget_type=\"heading.default\">\n\t\t\t\t<div class=\"elementor-widget-container\">\n\t\t\t<h2 class=\"elementor-heading-title elementor-size-default\">S\u00c1NDOR \u00c9VA VICA<\/h2>\t\t<\/div>\n\t\t\t\t<\/div>\n\t\t\t\t<div class=\"elementor-element elementor-element-91177cf elementor-widget elementor-widget-heading\" data-id=\"91177cf\" data-element_type=\"widget\" data-widget_type=\"heading.default\">\n\t\t\t\t<div class=\"elementor-widget-container\">\n\t\t\t<h4 class=\"elementor-heading-title elementor-size-default\">gy\u00f3gytorn\u00e1sz<\/h4>\t\t<\/div>\n\t\t\t\t<\/div>\n\t\t\t\t<div class=\"elementor-element elementor-element-d4ffca6 elementor-widget elementor-widget-text-editor\" data-id=\"d4ffca6\" data-element_type=\"widget\" data-widget_type=\"text-editor.default\">\n\t\t\t\t<div class=\"elementor-widget-container\">\n\t\t\t\t\t\t\t<p>Marosv\u00e1s\u00e1rhelyen szereztem meg 2012-ben a Marosv\u00e1s\u00e1rhelyi Orvosi \u00e9s Gy\u00f3gyszer\u00e9szeti Egyetem Balneofiziokinetoter\u00e1pia szakon a diplom\u00e1m, majd ugyanitt v\u00e9geztem el a mesterk\u00e9pz\u00e9st \u00e9s az\u00f3ta hivat\u00e1somnak \u00e9rzem a mozg\u00e1st \u00e9s \u00e1ltala seg\u00edteni m\u00e1sokon. 4 \u00e9vig Ausztri\u00e1ban dolgoztam, mint gy\u00f3gytorn\u00e1sz, ahol siker\u00fclt b\u0151v\u00edteni az ismereteimet \u00e9s rengeteg tapasztalatot gy\u0171jt\u00f6ttem. A szakter\u00fcletem a gerinc- \u00e9s mozg\u00e1sszervi megbeteged\u00e9sek. Fontosnak tartom a prevenci\u00f3t, hogy amennyiben lehet, tudjuk megel\u0151zni a k\u00fcl\u00f6nf\u00e9le \u00edz\u00fcleti \u00e9s egy\u00e9b f\u00e1jdalmakat, ez\u00e1ltal a v\u00e1rand\u00f3s kismam\u00e1knak is kifejezetten fontosnak gondolom a torn\u00e1t. A torna seg\u00edts\u00e9g\u00e9vel kevesebb der\u00e9k f\u00e1jdalom jelentkezik a v\u00e1rand\u00f3ss\u00e1g alatt \u00e9s felk\u00e9sz\u00fcltebbek lesznek a leend\u0151 kismam\u00e1k a sz\u00fcl\u00e9sre, ak\u00e1r k\u00f6nny\u00edthetik a vaj\u00fad\u00e1s f\u00e1zisait is.&nbsp;<\/p>\n<p>A mozg\u00e1s aranyat \u00e9r, \u00e9lj\u00fcnk vele!<\/p>\t\t\t\t\t\t<\/div>\n\t\t\t\t<\/div>\n\t\t\t\t\t<\/div>\n\t\t<\/div>\n\t\t\t\t\t\t\t<\/div>\n\t\t<\/section>\n\t\t\t\t\t\t\t<\/div>\n\t\t","protected":false},"excerpt":{"rendered":"<p>ZOLYOMI K\u00c1RMEN R\u00c9KA Msc, szakk\u00e9pzett sz\u00fcl\u00e9szn\u0151, okleveles k\u00e9pz\u0151 M\u00e1r gyermekkoromban megfogalmaz\u00f3dott bennem, hogyha feln\u00f6v\u00f6k eg\u00e9szs\u00e9g\u00fcgyi dolgoz\u00f3 leszek. Ebben meghat\u00e1roz\u00f3 szerepe volt apai nagyap\u00e1m t\u00f6rt\u00e9neteinek, melyeket gyermekk\u00e9nt \u00f3r\u00e1kon \u00e1t hallgattam. 2010-ben fels\u0151fok\u00fa sz\u00fcl\u00e9szn\u0151i k\u00e9pes\u00edt\u00e9st szereztem a MOGYE Sz\u00fcl\u00e9szn\u0151 k\u00e9pz\u0151 kar\u00e1n, ugyanebben az \u00e9vben sz\u00fcl\u00e9szn\u0151k\u00e9nt alkalmaztak a Marosv\u00e1s\u00e1rhelyi Megyei S\u00fcrg\u0151ss\u00e9gi K\u00f3rh\u00e1z Sz\u00fcl\u00e9szet-N\u0151gy\u00f3gy\u00e1szat oszt\u00e1ly\u00e1ra, ahol az\u00f3ta is megszak\u00edt\u00e1s [&hellip;]<\/p>\n","protected":false},"author":1,"featured_media":0,"parent":0,"menu_order":0,"comment_status":"closed","ping_status":"closed","template":"","meta":[],"yoast_head":"<!-- This site is optimized with the Yoast SEO plugin v21.7 - https:\/\/yoast.com\/wordpress\/plugins\/seo\/ -->\n<title>Bemutatkoz\u00e1sok - Tree of Hope<\/title>\n<meta name=\"robots\" content=\"index, follow, max-snippet:-1, max-image-preview:large, max-video-preview:-1\" \/>\n<link rel=\"canonical\" href=\"https:\/\/treeofhope.ro\/hu\/bemutatkozasok\/\" \/>\n<meta property=\"og:locale\" content=\"hu_HU\" \/>\n<meta property=\"og:type\" content=\"article\" \/>\n<meta property=\"og:title\" content=\"Bemutatkoz\u00e1sok - Tree of Hope\" \/>\n<meta property=\"og:description\" content=\"ZOLYOMI K\u00c1RMEN R\u00c9KA Msc, szakk\u00e9pzett sz\u00fcl\u00e9szn\u0151, okleveles k\u00e9pz\u0151 M\u00e1r gyermekkoromban megfogalmaz\u00f3dott bennem, hogyha feln\u00f6v\u00f6k eg\u00e9szs\u00e9g\u00fcgyi dolgoz\u00f3 leszek. Ebben meghat\u00e1roz\u00f3 szerepe volt apai nagyap\u00e1m t\u00f6rt\u00e9neteinek, melyeket gyermekk\u00e9nt \u00f3r\u00e1kon \u00e1t hallgattam. 2010-ben fels\u0151fok\u00fa sz\u00fcl\u00e9szn\u0151i k\u00e9pes\u00edt\u00e9st szereztem a MOGYE Sz\u00fcl\u00e9szn\u0151 k\u00e9pz\u0151 kar\u00e1n, ugyanebben az \u00e9vben sz\u00fcl\u00e9szn\u0151k\u00e9nt alkalmaztak a Marosv\u00e1s\u00e1rhelyi Megyei S\u00fcrg\u0151ss\u00e9gi K\u00f3rh\u00e1z Sz\u00fcl\u00e9szet-N\u0151gy\u00f3gy\u00e1szat oszt\u00e1ly\u00e1ra, ahol az\u00f3ta is megszak\u00edt\u00e1s [&hellip;]\" \/>\n<meta property=\"og:url\" content=\"https:\/\/treeofhope.ro\/hu\/bemutatkozasok\/\" \/>\n<meta property=\"og:site_name\" content=\"Tree of Hope\" \/>\n<meta property=\"article:publisher\" content=\"https:\/\/www.facebook.com\/profile.php?id=100091503315415\" \/>\n<meta property=\"article:modified_time\" content=\"2026-02-12T15:28:59+00:00\" \/>\n<meta property=\"og:image\" content=\"https:\/\/treeofhope.ro\/wp-content\/uploads\/2023\/04\/zolyomi-reka.jpg\" \/>\n<meta name=\"twitter:card\" content=\"summary_large_image\" \/>\n<meta name=\"twitter:label1\" content=\"Est. reading time\" \/>\n\t<meta name=\"twitter:data1\" content=\"3 perc\" \/>\n<script type=\"application\/ld+json\" class=\"yoast-schema-graph\">{\"@context\":\"https:\/\/schema.org\",\"@graph\":[{\"@type\":\"WebPage\",\"@id\":\"https:\/\/treeofhope.ro\/hu\/bemutatkozasok\/\",\"url\":\"https:\/\/treeofhope.ro\/hu\/bemutatkozasok\/\",\"name\":\"Bemutatkoz\u00e1sok - Tree of Hope\",\"isPartOf\":{\"@id\":\"https:\/\/treeofhope.ro\/#website\"},\"datePublished\":\"2023-04-19T10:38:49+00:00\",\"dateModified\":\"2026-02-12T15:28:59+00:00\",\"breadcrumb\":{\"@id\":\"https:\/\/treeofhope.ro\/hu\/bemutatkozasok\/#breadcrumb\"},\"inLanguage\":\"hu\",\"potentialAction\":[{\"@type\":\"ReadAction\",\"target\":[\"https:\/\/treeofhope.ro\/hu\/bemutatkozasok\/\"]}]},{\"@type\":\"BreadcrumbList\",\"@id\":\"https:\/\/treeofhope.ro\/hu\/bemutatkozasok\/#breadcrumb\",\"itemListElement\":[{\"@type\":\"ListItem\",\"position\":1,\"name\":\"Home\",\"item\":\"https:\/\/treeofhope.ro\/hu\/\"},{\"@type\":\"ListItem\",\"position\":2,\"name\":\"Bemutatkoz\u00e1sok\"}]},{\"@type\":\"WebSite\",\"@id\":\"https:\/\/treeofhope.ro\/#website\",\"url\":\"https:\/\/treeofhope.ro\/\",\"name\":\"Tree of Hope\",\"description\":\"Sz\u00fcl\u00e9sfelk\u00e9sz\u00edt\u0151k, csecsem\u0151gondoz\u00e1s, els\u0151seg\u00e9ly tanfolyam, terhestorna.\",\"publisher\":{\"@id\":\"https:\/\/treeofhope.ro\/#organization\"},\"potentialAction\":[{\"@type\":\"SearchAction\",\"target\":{\"@type\":\"EntryPoint\",\"urlTemplate\":\"https:\/\/treeofhope.ro\/?s={search_term_string}\"},\"query-input\":\"required name=search_term_string\"}],\"inLanguage\":\"hu\"},{\"@type\":\"Organization\",\"@id\":\"https:\/\/treeofhope.ro\/#organization\",\"name\":\"Tree of Hope\",\"url\":\"https:\/\/treeofhope.ro\/\",\"logo\":{\"@type\":\"ImageObject\",\"inLanguage\":\"hu\",\"@id\":\"https:\/\/treeofhope.ro\/#\/schema\/logo\/image\/\",\"url\":\"https:\/\/treeofhope.ro\/wp-content\/uploads\/2023\/04\/logo-treeofhope-150.png\",\"contentUrl\":\"https:\/\/treeofhope.ro\/wp-content\/uploads\/2023\/04\/logo-treeofhope-150.png\",\"width\":150,\"height\":150,\"caption\":\"Tree of Hope\"},\"image\":{\"@id\":\"https:\/\/treeofhope.ro\/#\/schema\/logo\/image\/\"},\"sameAs\":[\"https:\/\/www.facebook.com\/profile.php?id=100091503315415\"]}]}<\/script>\n<!-- \/ Yoast SEO plugin. -->","yoast_head_json":{"title":"Bemutatkoz\u00e1sok - Tree of Hope","robots":{"index":"index","follow":"follow","max-snippet":"max-snippet:-1","max-image-preview":"max-image-preview:large","max-video-preview":"max-video-preview:-1"},"canonical":"https:\/\/treeofhope.ro\/hu\/bemutatkozasok\/","og_locale":"hu_HU","og_type":"article","og_title":"Bemutatkoz\u00e1sok - Tree of Hope","og_description":"ZOLYOMI K\u00c1RMEN R\u00c9KA Msc, szakk\u00e9pzett sz\u00fcl\u00e9szn\u0151, okleveles k\u00e9pz\u0151 M\u00e1r gyermekkoromban megfogalmaz\u00f3dott bennem, hogyha feln\u00f6v\u00f6k eg\u00e9szs\u00e9g\u00fcgyi dolgoz\u00f3 leszek. Ebben meghat\u00e1roz\u00f3 szerepe volt apai nagyap\u00e1m t\u00f6rt\u00e9neteinek, melyeket gyermekk\u00e9nt \u00f3r\u00e1kon \u00e1t hallgattam. 2010-ben fels\u0151fok\u00fa sz\u00fcl\u00e9szn\u0151i k\u00e9pes\u00edt\u00e9st szereztem a MOGYE Sz\u00fcl\u00e9szn\u0151 k\u00e9pz\u0151 kar\u00e1n, ugyanebben az \u00e9vben sz\u00fcl\u00e9szn\u0151k\u00e9nt alkalmaztak a Marosv\u00e1s\u00e1rhelyi Megyei S\u00fcrg\u0151ss\u00e9gi K\u00f3rh\u00e1z Sz\u00fcl\u00e9szet-N\u0151gy\u00f3gy\u00e1szat oszt\u00e1ly\u00e1ra, ahol az\u00f3ta is megszak\u00edt\u00e1s [&hellip;]","og_url":"https:\/\/treeofhope.ro\/hu\/bemutatkozasok\/","og_site_name":"Tree of Hope","article_publisher":"https:\/\/www.facebook.com\/profile.php?id=100091503315415","article_modified_time":"2026-02-12T15:28:59+00:00","og_image":[{"url":"https:\/\/treeofhope.ro\/wp-content\/uploads\/2023\/04\/zolyomi-reka.jpg"}],"twitter_card":"summary_large_image","twitter_misc":{"Est. reading time":"3 perc"},"schema":{"@context":"https:\/\/schema.org","@graph":[{"@type":"WebPage","@id":"https:\/\/treeofhope.ro\/hu\/bemutatkozasok\/","url":"https:\/\/treeofhope.ro\/hu\/bemutatkozasok\/","name":"Bemutatkoz\u00e1sok - Tree of Hope","isPartOf":{"@id":"https:\/\/treeofhope.ro\/#website"},"datePublished":"2023-04-19T10:38:49+00:00","dateModified":"2026-02-12T15:28:59+00:00","breadcrumb":{"@id":"https:\/\/treeofhope.ro\/hu\/bemutatkozasok\/#breadcrumb"},"inLanguage":"hu","potentialAction":[{"@type":"ReadAction","target":["https:\/\/treeofhope.ro\/hu\/bemutatkozasok\/"]}]},{"@type":"BreadcrumbList","@id":"https:\/\/treeofhope.ro\/hu\/bemutatkozasok\/#breadcrumb","itemListElement":[{"@type":"ListItem","position":1,"name":"Home","item":"https:\/\/treeofhope.ro\/hu\/"},{"@type":"ListItem","position":2,"name":"Bemutatkoz\u00e1sok"}]},{"@type":"WebSite","@id":"https:\/\/treeofhope.ro\/#website","url":"https:\/\/treeofhope.ro\/","name":"Tree of Hope","description":"Sz\u00fcl\u00e9sfelk\u00e9sz\u00edt\u0151k, csecsem\u0151gondoz\u00e1s, els\u0151seg\u00e9ly tanfolyam, terhestorna.","publisher":{"@id":"https:\/\/treeofhope.ro\/#organization"},"potentialAction":[{"@type":"SearchAction","target":{"@type":"EntryPoint","urlTemplate":"https:\/\/treeofhope.ro\/?s={search_term_string}"},"query-input":"required name=search_term_string"}],"inLanguage":"hu"},{"@type":"Organization","@id":"https:\/\/treeofhope.ro\/#organization","name":"Tree of Hope","url":"https:\/\/treeofhope.ro\/","logo":{"@type":"ImageObject","inLanguage":"hu","@id":"https:\/\/treeofhope.ro\/#\/schema\/logo\/image\/","url":"https:\/\/treeofhope.ro\/wp-content\/uploads\/2023\/04\/logo-treeofhope-150.png","contentUrl":"https:\/\/treeofhope.ro\/wp-content\/uploads\/2023\/04\/logo-treeofhope-150.png","width":150,"height":150,"caption":"Tree of Hope"},"image":{"@id":"https:\/\/treeofhope.ro\/#\/schema\/logo\/image\/"},"sameAs":["https:\/\/www.facebook.com\/profile.php?id=100091503315415"]}]}},"_links":{"self":[{"href":"https:\/\/treeofhope.ro\/hu\/wp-json\/wp\/v2\/pages\/23"}],"collection":[{"href":"https:\/\/treeofhope.ro\/hu\/wp-json\/wp\/v2\/pages"}],"about":[{"href":"https:\/\/treeofhope.ro\/hu\/wp-json\/wp\/v2\/types\/page"}],"author":[{"embeddable":true,"href":"https:\/\/treeofhope.ro\/hu\/wp-json\/wp\/v2\/users\/1"}],"replies":[{"embeddable":true,"href":"https:\/\/treeofhope.ro\/hu\/wp-json\/wp\/v2\/comments?post=23"}],"version-history":[{"count":33,"href":"https:\/\/treeofhope.ro\/hu\/wp-json\/wp\/v2\/pages\/23\/revisions"}],"predecessor-version":[{"id":3292,"href":"https:\/\/treeofhope.ro\/hu\/wp-json\/wp\/v2\/pages\/23\/revisions\/3292"}],"wp:attachment":[{"href":"https:\/\/treeofhope.ro\/hu\/wp-json\/wp\/v2\/media?parent=23"}],"curies":[{"name":"wp","href":"https:\/\/api.w.org\/{rel}","templated":true}]}}