{"id":254,"date":"2023-04-19T22:54:21","date_gmt":"2023-04-19T20:54:21","guid":{"rendered":"https:\/\/treeofhope.ro\/?page_id=254"},"modified":"2026-02-12T16:30:14","modified_gmt":"2026-02-12T15:30:14","slug":"ii-hazavaro","status":"publish","type":"page","link":"https:\/\/treeofhope.ro\/hu\/ii-hazavaro\/","title":{"rendered":"II. Hazav\u00e1r\u00f3 program"},"content":{"rendered":"\t\t<div data-elementor-type=\"wp-page\" data-elementor-id=\"254\" class=\"elementor elementor-254\">\n\t\t\t\t\t\t\t\t\t<section class=\"elementor-section elementor-top-section elementor-element elementor-element-b4086ec elementor-section-boxed elementor-section-height-default elementor-section-height-default\" data-id=\"b4086ec\" data-element_type=\"section\">\n\t\t\t\t\t\t<div class=\"elementor-container elementor-column-gap-default\">\n\t\t\t\t\t<div class=\"aux-parallax-section elementor-column elementor-col-66 elementor-top-column elementor-element elementor-element-1801fd4\" data-id=\"1801fd4\" data-element_type=\"column\">\n\t\t\t<div class=\"elementor-widget-wrap elementor-element-populated\">\n\t\t\t\t\t\t\t\t<div class=\"elementor-element elementor-element-6b50193 elementor-widget elementor-widget-text-editor\" data-id=\"6b50193\" data-element_type=\"widget\" data-widget_type=\"text-editor.default\">\n\t\t\t\t<div class=\"elementor-widget-container\">\n\t\t\t<style>\/*! elementor - v3.12.1 - 02-04-2023 *\/\n.elementor-widget-text-editor.elementor-drop-cap-view-stacked .elementor-drop-cap{background-color:#69727d;color:#fff}.elementor-widget-text-editor.elementor-drop-cap-view-framed .elementor-drop-cap{color:#69727d;border:3px solid;background-color:transparent}.elementor-widget-text-editor:not(.elementor-drop-cap-view-default) .elementor-drop-cap{margin-top:8px}.elementor-widget-text-editor:not(.elementor-drop-cap-view-default) .elementor-drop-cap-letter{width:1em;height:1em}.elementor-widget-text-editor .elementor-drop-cap{float:left;text-align:center;line-height:1;font-size:50px}.elementor-widget-text-editor .elementor-drop-cap-letter{display:inline-block}<\/style>\t\t\t\t<p>Egy alkalmas tal\u00e1lkoz\u00f3 csecsem\u0151gondoz\u00e1si alapismeretekr\u0151l &#8211; id\u0151tartama 3,5 \u00f3ra<\/p>\t\t\t\t\t\t<\/div>\n\t\t\t\t<\/div>\n\t\t\t\t<div class=\"elementor-element elementor-element-d9a5e94 mb-3 mt-3 elementor-widget elementor-widget-heading\" data-id=\"d9a5e94\" data-element_type=\"widget\" data-widget_type=\"heading.default\">\n\t\t\t\t<div class=\"elementor-widget-container\">\n\t\t\t<style>\/*! elementor - v3.12.1 - 02-04-2023 *\/\n.elementor-heading-title{padding:0;margin:0;line-height:1}.elementor-widget-heading .elementor-heading-title[class*=elementor-size-]>a{color:inherit;font-size:inherit;line-height:inherit}.elementor-widget-heading .elementor-heading-title.elementor-size-small{font-size:15px}.elementor-widget-heading .elementor-heading-title.elementor-size-medium{font-size:19px}.elementor-widget-heading .elementor-heading-title.elementor-size-large{font-size:29px}.elementor-widget-heading .elementor-heading-title.elementor-size-xl{font-size:39px}.elementor-widget-heading .elementor-heading-title.elementor-size-xxl{font-size:59px}<\/style><h3 class=\"elementor-heading-title elementor-size-default\">R\u00e9szletes le\u00edr\u00e1sa a HAZAV\u00c1R\u00d3 programnak<\/h3>\t\t<\/div>\n\t\t\t\t<\/div>\n\t\t\t\t<div class=\"elementor-element elementor-element-0fbe908 elementor-widget elementor-widget-text-editor\" data-id=\"0fbe908\" data-element_type=\"widget\" data-widget_type=\"text-editor.default\">\n\t\t\t\t<div class=\"elementor-widget-container\">\n\t\t\t\t\t\t\t<p>A program c\u00e9lja gyakorlat alap\u00fa, tudatos felk\u00e9sz\u00fcl\u00e9st biztos\u00edtani az \u00fajsz\u00fcl\u00f6tt \u00e9s \u00e9desanyja haza\u00e9rkez\u00e9s\u00e9re.<\/p>\n<p>Ap\u00e1k r\u00e9szv\u00e9tele eset\u00e9n bizony\u00edtv\u00e1nyt adunk csecsem\u0151gondoz\u00e1si alapismeretekr\u0151l, ami 15 nap apas\u00e1gi szabads\u00e1gra jogos\u00edtja fel az \u00fajsz\u00fcl\u00f6tt \u00e9rkez\u00e9s\u00e9t k\u00f6vet\u0151en.<\/p>\n<p><b>\u00c9rintett t\u00e9m\u00e1k:<\/b><\/p>\n<ul>\n<li>els\u0151 hat h\u00e9t kih\u00edv\u00e1sai<\/li>\n<li>\u00fajsz\u00fcl\u00f6tt szob\u00e1ja: berendez\u00e9s, h\u0151m\u00e9rs\u00e9klet, f\u00e9nyek, hangok<\/li>\n<li>hogyan tartsuk az \u00fajsz\u00fcl\u00f6ttet<\/li>\n<li>tiszt\u00e1ba t\u00e9tel<\/li>\n<li>f\u00fcrdet\u00e9s, \u00f6lt\u00f6ztet\u00e9s, orrsz\u00edv\u00e1s<\/li>\n<li>altat\u00e1s<\/li>\n<li>els\u0151 s\u00e9ta<\/li>\n<li>szoptat\u00e1s-mellre helyez\u00e9s<\/li>\n<li>anyatej fej\u00e9se, t\u00e1rol\u00e1sa<\/li>\n<li>\u00fajsz\u00fcl\u00f6tt-anya egys\u00e9g<\/li>\n<li>gyerek\u00e1gy-anyatest<\/li>\n<li>apa szerepe<\/li>\n<\/ul>\t\t\t\t\t\t<\/div>\n\t\t\t\t<\/div>\n\t\t\t\t\t<\/div>\n\t\t<\/div>\n\t\t\t\t<div class=\"aux-parallax-section elementor-column elementor-col-33 elementor-top-column elementor-element elementor-element-556e605\" data-id=\"556e605\" data-element_type=\"column\">\n\t\t\t<div class=\"elementor-widget-wrap elementor-element-populated\">\n\t\t\t\t\t\t\t\t<div class=\"elementor-element elementor-element-eeca656 box-price elementor-widget elementor-widget-text-editor\" data-id=\"eeca656\" data-element_type=\"widget\" data-widget_type=\"text-editor.default\">\n\t\t\t\t<div class=\"elementor-widget-container\">\n\t\t\t\t\t\t\t<p>Program \u00e1ra:<\/p><p><strong>150 lej<\/strong><\/p>\t\t\t\t\t\t<\/div>\n\t\t\t\t<\/div>\n\t\t\t\t<div class=\"elementor-element elementor-element-4f26845 elementor-align-center elementor-widget elementor-widget-button\" data-id=\"4f26845\" data-element_type=\"widget\" data-widget_type=\"button.default\">\n\t\t\t\t<div class=\"elementor-widget-container\">\n\t\t\t\t\t<div class=\"elementor-button-wrapper\">\n\t\t\t<a href=\"https:\/\/treeofhope.ro\/hu\/jelentkezes-hazavaro-program\/\" class=\"elementor-button-link elementor-button elementor-size-md\" role=\"button\">\n\t\t\t\t\t\t<span class=\"elementor-button-content-wrapper\">\n\t\t\t\t\t\t<span class=\"elementor-button-text\">Jelentkezem<\/span>\n\t\t<\/span>\n\t\t\t\t\t<\/a>\n\t\t<\/div>\n\t\t\t\t<\/div>\n\t\t\t\t<\/div>\n\t\t\t\t\t<\/div>\n\t\t<\/div>\n\t\t\t\t\t\t\t<\/div>\n\t\t<\/section>\n\t\t\t\t<section class=\"elementor-section elementor-top-section elementor-element elementor-element-d6d901d elementor-section-boxed elementor-section-height-default elementor-section-height-default\" data-id=\"d6d901d\" data-element_type=\"section\">\n\t\t\t\t\t\t<div class=\"elementor-container elementor-column-gap-default\">\n\t\t\t\t\t<div class=\"aux-parallax-section elementor-column elementor-col-100 elementor-top-column elementor-element elementor-element-e04c888\" data-id=\"e04c888\" data-element_type=\"column\">\n\t\t\t<div class=\"elementor-widget-wrap\">\n\t\t\t\t\t\t\t\t\t<\/div>\n\t\t<\/div>\n\t\t\t\t\t\t\t<\/div>\n\t\t<\/section>\n\t\t\t\t<section class=\"elementor-section elementor-top-section elementor-element elementor-element-453f573 elementor-section-boxed elementor-section-height-default elementor-section-height-default\" data-id=\"453f573\" data-element_type=\"section\">\n\t\t\t\t\t\t<div class=\"elementor-container elementor-column-gap-default\">\n\t\t\t\t\t<div class=\"aux-parallax-section elementor-column elementor-col-100 elementor-top-column elementor-element elementor-element-f601907\" data-id=\"f601907\" data-element_type=\"column\">\n\t\t\t<div class=\"elementor-widget-wrap\">\n\t\t\t\t\t\t\t\t\t<\/div>\n\t\t<\/div>\n\t\t\t\t\t\t\t<\/div>\n\t\t<\/section>\n\t\t\t\t\t\t\t<\/div>\n\t\t","protected":false},"excerpt":{"rendered":"<p>Egy alkalmas tal\u00e1lkoz\u00f3 csecsem\u0151gondoz\u00e1si alapismeretekr\u0151l &#8211; id\u0151tartama 3,5 \u00f3ra R\u00e9szletes le\u00edr\u00e1sa a HAZAV\u00c1R\u00d3 programnak A program c\u00e9lja gyakorlat alap\u00fa, tudatos felk\u00e9sz\u00fcl\u00e9st biztos\u00edtani az \u00fajsz\u00fcl\u00f6tt \u00e9s \u00e9desanyja haza\u00e9rkez\u00e9s\u00e9re. Ap\u00e1k r\u00e9szv\u00e9tele eset\u00e9n bizony\u00edtv\u00e1nyt adunk csecsem\u0151gondoz\u00e1si alapismeretekr\u0151l, ami 15 nap apas\u00e1gi szabads\u00e1gra jogos\u00edtja fel az \u00fajsz\u00fcl\u00f6tt \u00e9rkez\u00e9s\u00e9t k\u00f6vet\u0151en. \u00c9rintett t\u00e9m\u00e1k: els\u0151 hat h\u00e9t kih\u00edv\u00e1sai \u00fajsz\u00fcl\u00f6tt szob\u00e1ja: berendez\u00e9s, h\u0151m\u00e9rs\u00e9klet, [&hellip;]<\/p>\n","protected":false},"author":1,"featured_media":0,"parent":0,"menu_order":0,"comment_status":"closed","ping_status":"closed","template":"","meta":[],"yoast_head":"<!-- This site is optimized with the Yoast SEO plugin v21.7 - https:\/\/yoast.com\/wordpress\/plugins\/seo\/ -->\n<title>II. Hazav\u00e1r\u00f3 program - Tree of Hope<\/title>\n<meta name=\"robots\" content=\"index, follow, max-snippet:-1, max-image-preview:large, max-video-preview:-1\" \/>\n<link rel=\"canonical\" href=\"https:\/\/treeofhope.ro\/hu\/ii-hazavaro\/\" \/>\n<meta property=\"og:locale\" content=\"hu_HU\" \/>\n<meta property=\"og:type\" content=\"article\" \/>\n<meta property=\"og:title\" content=\"II. Hazav\u00e1r\u00f3 program - Tree of Hope\" \/>\n<meta property=\"og:description\" content=\"Egy alkalmas tal\u00e1lkoz\u00f3 csecsem\u0151gondoz\u00e1si alapismeretekr\u0151l &#8211; id\u0151tartama 3,5 \u00f3ra R\u00e9szletes le\u00edr\u00e1sa a HAZAV\u00c1R\u00d3 programnak A program c\u00e9lja gyakorlat alap\u00fa, tudatos felk\u00e9sz\u00fcl\u00e9st biztos\u00edtani az \u00fajsz\u00fcl\u00f6tt \u00e9s \u00e9desanyja haza\u00e9rkez\u00e9s\u00e9re. Ap\u00e1k r\u00e9szv\u00e9tele eset\u00e9n bizony\u00edtv\u00e1nyt adunk csecsem\u0151gondoz\u00e1si alapismeretekr\u0151l, ami 15 nap apas\u00e1gi szabads\u00e1gra jogos\u00edtja fel az \u00fajsz\u00fcl\u00f6tt \u00e9rkez\u00e9s\u00e9t k\u00f6vet\u0151en. \u00c9rintett t\u00e9m\u00e1k: els\u0151 hat h\u00e9t kih\u00edv\u00e1sai \u00fajsz\u00fcl\u00f6tt szob\u00e1ja: berendez\u00e9s, h\u0151m\u00e9rs\u00e9klet, [&hellip;]\" \/>\n<meta property=\"og:url\" content=\"https:\/\/treeofhope.ro\/hu\/ii-hazavaro\/\" \/>\n<meta property=\"og:site_name\" content=\"Tree of Hope\" \/>\n<meta property=\"article:publisher\" content=\"https:\/\/www.facebook.com\/profile.php?id=100091503315415\" \/>\n<meta property=\"article:modified_time\" content=\"2026-02-12T15:30:14+00:00\" \/>\n<meta property=\"og:image\" content=\"https:\/\/treeofhope.ro\/wp-content\/uploads\/2023\/04\/bg-hometop.jpg\" \/>\n\t<meta property=\"og:image:width\" content=\"1400\" \/>\n\t<meta property=\"og:image:height\" content=\"754\" \/>\n\t<meta property=\"og:image:type\" content=\"image\/jpeg\" \/>\n<meta name=\"twitter:card\" content=\"summary_large_image\" \/>\n<meta name=\"twitter:label1\" content=\"Est. reading time\" \/>\n\t<meta name=\"twitter:data1\" content=\"1 perc\" \/>\n<script type=\"application\/ld+json\" class=\"yoast-schema-graph\">{\"@context\":\"https:\/\/schema.org\",\"@graph\":[{\"@type\":\"WebPage\",\"@id\":\"https:\/\/treeofhope.ro\/hu\/ii-hazavaro\/\",\"url\":\"https:\/\/treeofhope.ro\/hu\/ii-hazavaro\/\",\"name\":\"II. Hazav\u00e1r\u00f3 program - Tree of Hope\",\"isPartOf\":{\"@id\":\"https:\/\/treeofhope.ro\/#website\"},\"datePublished\":\"2023-04-19T20:54:21+00:00\",\"dateModified\":\"2026-02-12T15:30:14+00:00\",\"breadcrumb\":{\"@id\":\"https:\/\/treeofhope.ro\/hu\/ii-hazavaro\/#breadcrumb\"},\"inLanguage\":\"hu\",\"potentialAction\":[{\"@type\":\"ReadAction\",\"target\":[\"https:\/\/treeofhope.ro\/hu\/ii-hazavaro\/\"]}]},{\"@type\":\"BreadcrumbList\",\"@id\":\"https:\/\/treeofhope.ro\/hu\/ii-hazavaro\/#breadcrumb\",\"itemListElement\":[{\"@type\":\"ListItem\",\"position\":1,\"name\":\"Home\",\"item\":\"https:\/\/treeofhope.ro\/hu\/\"},{\"@type\":\"ListItem\",\"position\":2,\"name\":\"II. Hazav\u00e1r\u00f3 program\"}]},{\"@type\":\"WebSite\",\"@id\":\"https:\/\/treeofhope.ro\/#website\",\"url\":\"https:\/\/treeofhope.ro\/\",\"name\":\"Tree of Hope\",\"description\":\"Sz\u00fcl\u00e9sfelk\u00e9sz\u00edt\u0151k, csecsem\u0151gondoz\u00e1s, els\u0151seg\u00e9ly tanfolyam, terhestorna.\",\"publisher\":{\"@id\":\"https:\/\/treeofhope.ro\/#organization\"},\"potentialAction\":[{\"@type\":\"SearchAction\",\"target\":{\"@type\":\"EntryPoint\",\"urlTemplate\":\"https:\/\/treeofhope.ro\/?s={search_term_string}\"},\"query-input\":\"required name=search_term_string\"}],\"inLanguage\":\"hu\"},{\"@type\":\"Organization\",\"@id\":\"https:\/\/treeofhope.ro\/#organization\",\"name\":\"Tree of Hope\",\"url\":\"https:\/\/treeofhope.ro\/\",\"logo\":{\"@type\":\"ImageObject\",\"inLanguage\":\"hu\",\"@id\":\"https:\/\/treeofhope.ro\/#\/schema\/logo\/image\/\",\"url\":\"https:\/\/treeofhope.ro\/wp-content\/uploads\/2023\/04\/logo-treeofhope-150.png\",\"contentUrl\":\"https:\/\/treeofhope.ro\/wp-content\/uploads\/2023\/04\/logo-treeofhope-150.png\",\"width\":150,\"height\":150,\"caption\":\"Tree of Hope\"},\"image\":{\"@id\":\"https:\/\/treeofhope.ro\/#\/schema\/logo\/image\/\"},\"sameAs\":[\"https:\/\/www.facebook.com\/profile.php?id=100091503315415\"]}]}<\/script>\n<!-- \/ Yoast SEO plugin. -->","yoast_head_json":{"title":"II. Hazav\u00e1r\u00f3 program - Tree of Hope","robots":{"index":"index","follow":"follow","max-snippet":"max-snippet:-1","max-image-preview":"max-image-preview:large","max-video-preview":"max-video-preview:-1"},"canonical":"https:\/\/treeofhope.ro\/hu\/ii-hazavaro\/","og_locale":"hu_HU","og_type":"article","og_title":"II. Hazav\u00e1r\u00f3 program - Tree of Hope","og_description":"Egy alkalmas tal\u00e1lkoz\u00f3 csecsem\u0151gondoz\u00e1si alapismeretekr\u0151l &#8211; id\u0151tartama 3,5 \u00f3ra R\u00e9szletes le\u00edr\u00e1sa a HAZAV\u00c1R\u00d3 programnak A program c\u00e9lja gyakorlat alap\u00fa, tudatos felk\u00e9sz\u00fcl\u00e9st biztos\u00edtani az \u00fajsz\u00fcl\u00f6tt \u00e9s \u00e9desanyja haza\u00e9rkez\u00e9s\u00e9re. Ap\u00e1k r\u00e9szv\u00e9tele eset\u00e9n bizony\u00edtv\u00e1nyt adunk csecsem\u0151gondoz\u00e1si alapismeretekr\u0151l, ami 15 nap apas\u00e1gi szabads\u00e1gra jogos\u00edtja fel az \u00fajsz\u00fcl\u00f6tt \u00e9rkez\u00e9s\u00e9t k\u00f6vet\u0151en. \u00c9rintett t\u00e9m\u00e1k: els\u0151 hat h\u00e9t kih\u00edv\u00e1sai \u00fajsz\u00fcl\u00f6tt szob\u00e1ja: berendez\u00e9s, h\u0151m\u00e9rs\u00e9klet, [&hellip;]","og_url":"https:\/\/treeofhope.ro\/hu\/ii-hazavaro\/","og_site_name":"Tree of Hope","article_publisher":"https:\/\/www.facebook.com\/profile.php?id=100091503315415","article_modified_time":"2026-02-12T15:30:14+00:00","og_image":[{"width":1400,"height":754,"url":"https:\/\/treeofhope.ro\/wp-content\/uploads\/2023\/04\/bg-hometop.jpg","type":"image\/jpeg"}],"twitter_card":"summary_large_image","twitter_misc":{"Est. reading time":"1 perc"},"schema":{"@context":"https:\/\/schema.org","@graph":[{"@type":"WebPage","@id":"https:\/\/treeofhope.ro\/hu\/ii-hazavaro\/","url":"https:\/\/treeofhope.ro\/hu\/ii-hazavaro\/","name":"II. Hazav\u00e1r\u00f3 program - Tree of Hope","isPartOf":{"@id":"https:\/\/treeofhope.ro\/#website"},"datePublished":"2023-04-19T20:54:21+00:00","dateModified":"2026-02-12T15:30:14+00:00","breadcrumb":{"@id":"https:\/\/treeofhope.ro\/hu\/ii-hazavaro\/#breadcrumb"},"inLanguage":"hu","potentialAction":[{"@type":"ReadAction","target":["https:\/\/treeofhope.ro\/hu\/ii-hazavaro\/"]}]},{"@type":"BreadcrumbList","@id":"https:\/\/treeofhope.ro\/hu\/ii-hazavaro\/#breadcrumb","itemListElement":[{"@type":"ListItem","position":1,"name":"Home","item":"https:\/\/treeofhope.ro\/hu\/"},{"@type":"ListItem","position":2,"name":"II. Hazav\u00e1r\u00f3 program"}]},{"@type":"WebSite","@id":"https:\/\/treeofhope.ro\/#website","url":"https:\/\/treeofhope.ro\/","name":"Tree of Hope","description":"Sz\u00fcl\u00e9sfelk\u00e9sz\u00edt\u0151k, csecsem\u0151gondoz\u00e1s, els\u0151seg\u00e9ly tanfolyam, terhestorna.","publisher":{"@id":"https:\/\/treeofhope.ro\/#organization"},"potentialAction":[{"@type":"SearchAction","target":{"@type":"EntryPoint","urlTemplate":"https:\/\/treeofhope.ro\/?s={search_term_string}"},"query-input":"required name=search_term_string"}],"inLanguage":"hu"},{"@type":"Organization","@id":"https:\/\/treeofhope.ro\/#organization","name":"Tree of Hope","url":"https:\/\/treeofhope.ro\/","logo":{"@type":"ImageObject","inLanguage":"hu","@id":"https:\/\/treeofhope.ro\/#\/schema\/logo\/image\/","url":"https:\/\/treeofhope.ro\/wp-content\/uploads\/2023\/04\/logo-treeofhope-150.png","contentUrl":"https:\/\/treeofhope.ro\/wp-content\/uploads\/2023\/04\/logo-treeofhope-150.png","width":150,"height":150,"caption":"Tree of Hope"},"image":{"@id":"https:\/\/treeofhope.ro\/#\/schema\/logo\/image\/"},"sameAs":["https:\/\/www.facebook.com\/profile.php?id=100091503315415"]}]}},"_links":{"self":[{"href":"https:\/\/treeofhope.ro\/hu\/wp-json\/wp\/v2\/pages\/254"}],"collection":[{"href":"https:\/\/treeofhope.ro\/hu\/wp-json\/wp\/v2\/pages"}],"about":[{"href":"https:\/\/treeofhope.ro\/hu\/wp-json\/wp\/v2\/types\/page"}],"author":[{"embeddable":true,"href":"https:\/\/treeofhope.ro\/hu\/wp-json\/wp\/v2\/users\/1"}],"replies":[{"embeddable":true,"href":"https:\/\/treeofhope.ro\/hu\/wp-json\/wp\/v2\/comments?post=254"}],"version-history":[{"count":37,"href":"https:\/\/treeofhope.ro\/hu\/wp-json\/wp\/v2\/pages\/254\/revisions"}],"predecessor-version":[{"id":3293,"href":"https:\/\/treeofhope.ro\/hu\/wp-json\/wp\/v2\/pages\/254\/revisions\/3293"}],"wp:attachment":[{"href":"https:\/\/treeofhope.ro\/hu\/wp-json\/wp\/v2\/media?parent=254"}],"curies":[{"name":"wp","href":"https:\/\/api.w.org\/{rel}","templated":true}]}}