{"id":268,"date":"2023-04-19T23:04:25","date_gmt":"2023-04-19T21:04:25","guid":{"rendered":"https:\/\/treeofhope.ro\/?page_id=268"},"modified":"2025-02-12T11:40:05","modified_gmt":"2025-02-12T10:40:05","slug":"iii-hazavaro-plusz","status":"publish","type":"page","link":"https:\/\/treeofhope.ro\/hu\/iii-hazavaro-plusz\/","title":{"rendered":"III. Hazav\u00e1r\u00f3 Plusz csomag"},"content":{"rendered":"\t\t<div data-elementor-type=\"wp-page\" data-elementor-id=\"268\" class=\"elementor elementor-268\">\n\t\t\t\t\t\t\t\t\t<section class=\"elementor-section elementor-top-section elementor-element elementor-element-e7478ff elementor-section-boxed elementor-section-height-default elementor-section-height-default\" data-id=\"e7478ff\" data-element_type=\"section\">\n\t\t\t\t\t\t<div class=\"elementor-container elementor-column-gap-default\">\n\t\t\t\t\t<div class=\"aux-parallax-section elementor-column elementor-col-66 elementor-top-column elementor-element elementor-element-17c97ff\" data-id=\"17c97ff\" data-element_type=\"column\">\n\t\t\t<div class=\"elementor-widget-wrap elementor-element-populated\">\n\t\t\t\t\t\t\t\t<div class=\"elementor-element elementor-element-2417585 elementor-widget elementor-widget-text-editor\" data-id=\"2417585\" data-element_type=\"widget\" data-widget_type=\"text-editor.default\">\n\t\t\t\t<div class=\"elementor-widget-container\">\n\t\t\t<style>\/*! elementor - v3.12.1 - 02-04-2023 *\/\n.elementor-widget-text-editor.elementor-drop-cap-view-stacked .elementor-drop-cap{background-color:#69727d;color:#fff}.elementor-widget-text-editor.elementor-drop-cap-view-framed .elementor-drop-cap{color:#69727d;border:3px solid;background-color:transparent}.elementor-widget-text-editor:not(.elementor-drop-cap-view-default) .elementor-drop-cap{margin-top:8px}.elementor-widget-text-editor:not(.elementor-drop-cap-view-default) .elementor-drop-cap-letter{width:1em;height:1em}.elementor-widget-text-editor .elementor-drop-cap{float:left;text-align:center;line-height:1;font-size:50px}.elementor-widget-text-editor .elementor-drop-cap-letter{display:inline-block}<\/style>\t\t\t\t<p>Tartalmazza a\u00a0\u201cII. HAZAV\u00c1R\u00d3 programot<span style=\"color: var(--brown);\">\u201d<\/span><span style=\"color: var(--brown);\">\u00a0+ 1 hazal\u00e1togat\u00e1st<\/span><\/p>\t\t\t\t\t\t<\/div>\n\t\t\t\t<\/div>\n\t\t\t\t<div class=\"elementor-element elementor-element-5a3bbed mb-3 mt-3 elementor-widget elementor-widget-heading\" data-id=\"5a3bbed\" data-element_type=\"widget\" data-widget_type=\"heading.default\">\n\t\t\t\t<div class=\"elementor-widget-container\">\n\t\t\t<style>\/*! elementor - v3.12.1 - 02-04-2023 *\/\n.elementor-heading-title{padding:0;margin:0;line-height:1}.elementor-widget-heading .elementor-heading-title[class*=elementor-size-]>a{color:inherit;font-size:inherit;line-height:inherit}.elementor-widget-heading .elementor-heading-title.elementor-size-small{font-size:15px}.elementor-widget-heading .elementor-heading-title.elementor-size-medium{font-size:19px}.elementor-widget-heading .elementor-heading-title.elementor-size-large{font-size:29px}.elementor-widget-heading .elementor-heading-title.elementor-size-xl{font-size:39px}.elementor-widget-heading .elementor-heading-title.elementor-size-xxl{font-size:59px}<\/style><h3 class=\"elementor-heading-title elementor-size-default\">R\u00e9szletes le\u00edr\u00e1sa a HAZAV\u00c1R\u00d3 Plusz csomagnak<\/h3>\t\t<\/div>\n\t\t\t\t<\/div>\n\t\t\t\t<div class=\"elementor-element elementor-element-8a73eeb elementor-widget elementor-widget-text-editor\" data-id=\"8a73eeb\" data-element_type=\"widget\" data-widget_type=\"text-editor.default\">\n\t\t\t\t<div class=\"elementor-widget-container\">\n\t\t\t\t\t\t\t<ul><li>Egy alkalmas tal\u00e1lkoz\u00f3 csecsem\u0151gondoz\u00e1si alapismeretekr\u0151l &#8211; id\u0151tartama 3,5 \u00f3ra<ul><li>els\u0151 hat h\u00e9t kih\u00edv\u00e1sai<\/li><li>\u00fajsz\u00fcl\u00f6tt szob\u00e1ja: berendez\u00e9s, h\u0151m\u00e9rs\u00e9klet, f\u00e9nyek, hangok<\/li><li>hogyan tartsuk az \u00fajsz\u00fcl\u00f6ttet<\/li><li>tiszt\u00e1ba t\u00e9tel<\/li><li>f\u00fcrdet\u00e9s, \u00f6lt\u00f6ztet\u00e9s, orrsz\u00edv\u00e1s<\/li><li>altat\u00e1s<\/li><li>els\u0151 s\u00e9ta<\/li><li>szoptat\u00e1s-mellre helyez\u00e9s<\/li><li>anyatej fej\u00e9se, t\u00e1rol\u00e1sa<\/li><li>\u00fajsz\u00fcl\u00f6tt-anya egys\u00e9g<\/li><li>gyerek\u00e1gy-anyatest<\/li><li>apa szerepe<\/li><\/ul><\/li><li>A sz\u00fcl\u00e9szetr\u0151l val\u00f3 haza\u00e9rkez\u00e9s ut\u00e1ni 48 \u00f3r\u00e1n bel\u00fcl a tanultak gyakorlatba helyez\u00e9se a kismama lak\u00e1s\u00e1n, fizik\u00e1lis seg\u00edts\u00e9ggel &#8211; id\u0151tartama 3-3,5 \u00f3ra<\/li><\/ul><p>* Amennyiben a kismama els\u0151dlegesen csak az el\u0151ad\u00e1st tartalmaz\u00f3 II. Hazav\u00e1r\u00f3 programon vett r\u00e9szt, az ut\u00f3lagosan ig\u00e9nyelt hazal\u00e1togat\u00e1s \u00e1ra 350 RON.<\/p>\t\t\t\t\t\t<\/div>\n\t\t\t\t<\/div>\n\t\t\t\t\t<\/div>\n\t\t<\/div>\n\t\t\t\t<div class=\"aux-parallax-section elementor-column elementor-col-33 elementor-top-column elementor-element elementor-element-2818456\" data-id=\"2818456\" data-element_type=\"column\">\n\t\t\t<div class=\"elementor-widget-wrap elementor-element-populated\">\n\t\t\t\t\t\t\t\t<div class=\"elementor-element elementor-element-2d17f7a box-price elementor-widget elementor-widget-text-editor\" data-id=\"2d17f7a\" data-element_type=\"widget\" data-widget_type=\"text-editor.default\">\n\t\t\t\t<div class=\"elementor-widget-container\">\n\t\t\t\t\t\t\t<p>Program \u00e1ra:<\/p><p><strong>450 lej<\/strong><\/p>\t\t\t\t\t\t<\/div>\n\t\t\t\t<\/div>\n\t\t\t\t<div class=\"elementor-element elementor-element-96fda55 elementor-align-center elementor-widget elementor-widget-button\" data-id=\"96fda55\" data-element_type=\"widget\" data-widget_type=\"button.default\">\n\t\t\t\t<div class=\"elementor-widget-container\">\n\t\t\t\t\t<div class=\"elementor-button-wrapper\">\n\t\t\t<a href=\"https:\/\/treeofhope.ro\/hu\/jelentkezes-hazavaro-plusz-csomag\/\" class=\"elementor-button-link elementor-button elementor-size-md\" role=\"button\">\n\t\t\t\t\t\t<span class=\"elementor-button-content-wrapper\">\n\t\t\t\t\t\t<span class=\"elementor-button-text\">Jelentkezem<\/span>\n\t\t<\/span>\n\t\t\t\t\t<\/a>\n\t\t<\/div>\n\t\t\t\t<\/div>\n\t\t\t\t<\/div>\n\t\t\t\t\t<\/div>\n\t\t<\/div>\n\t\t\t\t\t\t\t<\/div>\n\t\t<\/section>\n\t\t\t\t<section class=\"elementor-section elementor-top-section elementor-element elementor-element-131f00a elementor-section-boxed elementor-section-height-default elementor-section-height-default\" data-id=\"131f00a\" data-element_type=\"section\">\n\t\t\t\t\t\t<div class=\"elementor-container elementor-column-gap-default\">\n\t\t\t\t\t<div class=\"aux-parallax-section elementor-column elementor-col-100 elementor-top-column elementor-element elementor-element-9d2cf27\" data-id=\"9d2cf27\" data-element_type=\"column\">\n\t\t\t<div class=\"elementor-widget-wrap\">\n\t\t\t\t\t\t\t\t\t<\/div>\n\t\t<\/div>\n\t\t\t\t\t\t\t<\/div>\n\t\t<\/section>\n\t\t\t\t<section class=\"elementor-section elementor-top-section elementor-element elementor-element-38cee5d elementor-section-boxed elementor-section-height-default elementor-section-height-default\" data-id=\"38cee5d\" data-element_type=\"section\">\n\t\t\t\t\t\t<div class=\"elementor-container elementor-column-gap-default\">\n\t\t\t\t\t<div class=\"aux-parallax-section elementor-column elementor-col-100 elementor-top-column elementor-element elementor-element-b6579d8\" data-id=\"b6579d8\" data-element_type=\"column\">\n\t\t\t<div class=\"elementor-widget-wrap\">\n\t\t\t\t\t\t\t\t\t<\/div>\n\t\t<\/div>\n\t\t\t\t\t\t\t<\/div>\n\t\t<\/section>\n\t\t\t\t\t\t\t<\/div>\n\t\t","protected":false},"excerpt":{"rendered":"<p>Tartalmazza a\u00a0\u201cII. HAZAV\u00c1R\u00d3 programot\u201d\u00a0+ 1 hazal\u00e1togat\u00e1st R\u00e9szletes le\u00edr\u00e1sa a HAZAV\u00c1R\u00d3 Plusz csomagnak Egy alkalmas tal\u00e1lkoz\u00f3 csecsem\u0151gondoz\u00e1si alapismeretekr\u0151l &#8211; id\u0151tartama 3,5 \u00f3ra els\u0151 hat h\u00e9t kih\u00edv\u00e1sai \u00fajsz\u00fcl\u00f6tt szob\u00e1ja: berendez\u00e9s, h\u0151m\u00e9rs\u00e9klet, f\u00e9nyek, hangok hogyan tartsuk az \u00fajsz\u00fcl\u00f6ttet tiszt\u00e1ba t\u00e9tel f\u00fcrdet\u00e9s, \u00f6lt\u00f6ztet\u00e9s, orrsz\u00edv\u00e1s altat\u00e1s els\u0151 s\u00e9ta szoptat\u00e1s-mellre helyez\u00e9s anyatej fej\u00e9se, t\u00e1rol\u00e1sa \u00fajsz\u00fcl\u00f6tt-anya egys\u00e9g gyerek\u00e1gy-anyatest apa szerepe A sz\u00fcl\u00e9szetr\u0151l [&hellip;]<\/p>\n","protected":false},"author":1,"featured_media":0,"parent":0,"menu_order":0,"comment_status":"closed","ping_status":"closed","template":"","meta":[],"yoast_head":"<!-- This site is optimized with the Yoast SEO plugin v21.7 - https:\/\/yoast.com\/wordpress\/plugins\/seo\/ -->\n<title>III. Hazav\u00e1r\u00f3 Plusz csomag - Tree of Hope<\/title>\n<meta name=\"robots\" content=\"index, follow, max-snippet:-1, max-image-preview:large, max-video-preview:-1\" \/>\n<link rel=\"canonical\" href=\"https:\/\/treeofhope.ro\/hu\/iii-hazavaro-plusz\/\" \/>\n<meta property=\"og:locale\" content=\"hu_HU\" \/>\n<meta property=\"og:type\" content=\"article\" \/>\n<meta property=\"og:title\" content=\"III. Hazav\u00e1r\u00f3 Plusz csomag - Tree of Hope\" \/>\n<meta property=\"og:description\" content=\"Tartalmazza a\u00a0\u201cII. HAZAV\u00c1R\u00d3 programot\u201d\u00a0+ 1 hazal\u00e1togat\u00e1st R\u00e9szletes le\u00edr\u00e1sa a HAZAV\u00c1R\u00d3 Plusz csomagnak Egy alkalmas tal\u00e1lkoz\u00f3 csecsem\u0151gondoz\u00e1si alapismeretekr\u0151l &#8211; id\u0151tartama 3,5 \u00f3ra els\u0151 hat h\u00e9t kih\u00edv\u00e1sai \u00fajsz\u00fcl\u00f6tt szob\u00e1ja: berendez\u00e9s, h\u0151m\u00e9rs\u00e9klet, f\u00e9nyek, hangok hogyan tartsuk az \u00fajsz\u00fcl\u00f6ttet tiszt\u00e1ba t\u00e9tel f\u00fcrdet\u00e9s, \u00f6lt\u00f6ztet\u00e9s, orrsz\u00edv\u00e1s altat\u00e1s els\u0151 s\u00e9ta szoptat\u00e1s-mellre helyez\u00e9s anyatej fej\u00e9se, t\u00e1rol\u00e1sa \u00fajsz\u00fcl\u00f6tt-anya egys\u00e9g gyerek\u00e1gy-anyatest apa szerepe A sz\u00fcl\u00e9szetr\u0151l [&hellip;]\" \/>\n<meta property=\"og:url\" content=\"https:\/\/treeofhope.ro\/hu\/iii-hazavaro-plusz\/\" \/>\n<meta property=\"og:site_name\" content=\"Tree of Hope\" \/>\n<meta property=\"article:publisher\" content=\"https:\/\/www.facebook.com\/profile.php?id=100091503315415\" \/>\n<meta property=\"article:modified_time\" content=\"2025-02-12T10:40:05+00:00\" \/>\n<meta property=\"og:image\" content=\"https:\/\/treeofhope.ro\/wp-content\/uploads\/2023\/04\/bg-hometop.jpg\" \/>\n\t<meta property=\"og:image:width\" content=\"1400\" \/>\n\t<meta property=\"og:image:height\" content=\"754\" \/>\n\t<meta property=\"og:image:type\" content=\"image\/jpeg\" \/>\n<meta name=\"twitter:card\" content=\"summary_large_image\" \/>\n<meta name=\"twitter:label1\" content=\"Est. reading time\" \/>\n\t<meta name=\"twitter:data1\" content=\"1 perc\" \/>\n<script type=\"application\/ld+json\" class=\"yoast-schema-graph\">{\"@context\":\"https:\/\/schema.org\",\"@graph\":[{\"@type\":\"WebPage\",\"@id\":\"https:\/\/treeofhope.ro\/hu\/iii-hazavaro-plusz\/\",\"url\":\"https:\/\/treeofhope.ro\/hu\/iii-hazavaro-plusz\/\",\"name\":\"III. Hazav\u00e1r\u00f3 Plusz csomag - Tree of Hope\",\"isPartOf\":{\"@id\":\"https:\/\/treeofhope.ro\/#website\"},\"datePublished\":\"2023-04-19T21:04:25+00:00\",\"dateModified\":\"2025-02-12T10:40:05+00:00\",\"breadcrumb\":{\"@id\":\"https:\/\/treeofhope.ro\/hu\/iii-hazavaro-plusz\/#breadcrumb\"},\"inLanguage\":\"hu\",\"potentialAction\":[{\"@type\":\"ReadAction\",\"target\":[\"https:\/\/treeofhope.ro\/hu\/iii-hazavaro-plusz\/\"]}]},{\"@type\":\"BreadcrumbList\",\"@id\":\"https:\/\/treeofhope.ro\/hu\/iii-hazavaro-plusz\/#breadcrumb\",\"itemListElement\":[{\"@type\":\"ListItem\",\"position\":1,\"name\":\"Home\",\"item\":\"https:\/\/treeofhope.ro\/hu\/\"},{\"@type\":\"ListItem\",\"position\":2,\"name\":\"III. Hazav\u00e1r\u00f3 Plusz csomag\"}]},{\"@type\":\"WebSite\",\"@id\":\"https:\/\/treeofhope.ro\/#website\",\"url\":\"https:\/\/treeofhope.ro\/\",\"name\":\"Tree of Hope\",\"description\":\"Sz\u00fcl\u00e9sfelk\u00e9sz\u00edt\u0151k, csecsem\u0151gondoz\u00e1s, els\u0151seg\u00e9ly tanfolyam, terhestorna.\",\"publisher\":{\"@id\":\"https:\/\/treeofhope.ro\/#organization\"},\"potentialAction\":[{\"@type\":\"SearchAction\",\"target\":{\"@type\":\"EntryPoint\",\"urlTemplate\":\"https:\/\/treeofhope.ro\/?s={search_term_string}\"},\"query-input\":\"required name=search_term_string\"}],\"inLanguage\":\"hu\"},{\"@type\":\"Organization\",\"@id\":\"https:\/\/treeofhope.ro\/#organization\",\"name\":\"Tree of Hope\",\"url\":\"https:\/\/treeofhope.ro\/\",\"logo\":{\"@type\":\"ImageObject\",\"inLanguage\":\"hu\",\"@id\":\"https:\/\/treeofhope.ro\/#\/schema\/logo\/image\/\",\"url\":\"https:\/\/treeofhope.ro\/wp-content\/uploads\/2023\/04\/logo-treeofhope-150.png\",\"contentUrl\":\"https:\/\/treeofhope.ro\/wp-content\/uploads\/2023\/04\/logo-treeofhope-150.png\",\"width\":150,\"height\":150,\"caption\":\"Tree of Hope\"},\"image\":{\"@id\":\"https:\/\/treeofhope.ro\/#\/schema\/logo\/image\/\"},\"sameAs\":[\"https:\/\/www.facebook.com\/profile.php?id=100091503315415\"]}]}<\/script>\n<!-- \/ Yoast SEO plugin. -->","yoast_head_json":{"title":"III. Hazav\u00e1r\u00f3 Plusz csomag - Tree of Hope","robots":{"index":"index","follow":"follow","max-snippet":"max-snippet:-1","max-image-preview":"max-image-preview:large","max-video-preview":"max-video-preview:-1"},"canonical":"https:\/\/treeofhope.ro\/hu\/iii-hazavaro-plusz\/","og_locale":"hu_HU","og_type":"article","og_title":"III. Hazav\u00e1r\u00f3 Plusz csomag - Tree of Hope","og_description":"Tartalmazza a\u00a0\u201cII. HAZAV\u00c1R\u00d3 programot\u201d\u00a0+ 1 hazal\u00e1togat\u00e1st R\u00e9szletes le\u00edr\u00e1sa a HAZAV\u00c1R\u00d3 Plusz csomagnak Egy alkalmas tal\u00e1lkoz\u00f3 csecsem\u0151gondoz\u00e1si alapismeretekr\u0151l &#8211; id\u0151tartama 3,5 \u00f3ra els\u0151 hat h\u00e9t kih\u00edv\u00e1sai \u00fajsz\u00fcl\u00f6tt szob\u00e1ja: berendez\u00e9s, h\u0151m\u00e9rs\u00e9klet, f\u00e9nyek, hangok hogyan tartsuk az \u00fajsz\u00fcl\u00f6ttet tiszt\u00e1ba t\u00e9tel f\u00fcrdet\u00e9s, \u00f6lt\u00f6ztet\u00e9s, orrsz\u00edv\u00e1s altat\u00e1s els\u0151 s\u00e9ta szoptat\u00e1s-mellre helyez\u00e9s anyatej fej\u00e9se, t\u00e1rol\u00e1sa \u00fajsz\u00fcl\u00f6tt-anya egys\u00e9g gyerek\u00e1gy-anyatest apa szerepe A sz\u00fcl\u00e9szetr\u0151l [&hellip;]","og_url":"https:\/\/treeofhope.ro\/hu\/iii-hazavaro-plusz\/","og_site_name":"Tree of Hope","article_publisher":"https:\/\/www.facebook.com\/profile.php?id=100091503315415","article_modified_time":"2025-02-12T10:40:05+00:00","og_image":[{"width":1400,"height":754,"url":"https:\/\/treeofhope.ro\/wp-content\/uploads\/2023\/04\/bg-hometop.jpg","type":"image\/jpeg"}],"twitter_card":"summary_large_image","twitter_misc":{"Est. reading time":"1 perc"},"schema":{"@context":"https:\/\/schema.org","@graph":[{"@type":"WebPage","@id":"https:\/\/treeofhope.ro\/hu\/iii-hazavaro-plusz\/","url":"https:\/\/treeofhope.ro\/hu\/iii-hazavaro-plusz\/","name":"III. Hazav\u00e1r\u00f3 Plusz csomag - Tree of Hope","isPartOf":{"@id":"https:\/\/treeofhope.ro\/#website"},"datePublished":"2023-04-19T21:04:25+00:00","dateModified":"2025-02-12T10:40:05+00:00","breadcrumb":{"@id":"https:\/\/treeofhope.ro\/hu\/iii-hazavaro-plusz\/#breadcrumb"},"inLanguage":"hu","potentialAction":[{"@type":"ReadAction","target":["https:\/\/treeofhope.ro\/hu\/iii-hazavaro-plusz\/"]}]},{"@type":"BreadcrumbList","@id":"https:\/\/treeofhope.ro\/hu\/iii-hazavaro-plusz\/#breadcrumb","itemListElement":[{"@type":"ListItem","position":1,"name":"Home","item":"https:\/\/treeofhope.ro\/hu\/"},{"@type":"ListItem","position":2,"name":"III. Hazav\u00e1r\u00f3 Plusz csomag"}]},{"@type":"WebSite","@id":"https:\/\/treeofhope.ro\/#website","url":"https:\/\/treeofhope.ro\/","name":"Tree of Hope","description":"Sz\u00fcl\u00e9sfelk\u00e9sz\u00edt\u0151k, csecsem\u0151gondoz\u00e1s, els\u0151seg\u00e9ly tanfolyam, terhestorna.","publisher":{"@id":"https:\/\/treeofhope.ro\/#organization"},"potentialAction":[{"@type":"SearchAction","target":{"@type":"EntryPoint","urlTemplate":"https:\/\/treeofhope.ro\/?s={search_term_string}"},"query-input":"required name=search_term_string"}],"inLanguage":"hu"},{"@type":"Organization","@id":"https:\/\/treeofhope.ro\/#organization","name":"Tree of Hope","url":"https:\/\/treeofhope.ro\/","logo":{"@type":"ImageObject","inLanguage":"hu","@id":"https:\/\/treeofhope.ro\/#\/schema\/logo\/image\/","url":"https:\/\/treeofhope.ro\/wp-content\/uploads\/2023\/04\/logo-treeofhope-150.png","contentUrl":"https:\/\/treeofhope.ro\/wp-content\/uploads\/2023\/04\/logo-treeofhope-150.png","width":150,"height":150,"caption":"Tree of Hope"},"image":{"@id":"https:\/\/treeofhope.ro\/#\/schema\/logo\/image\/"},"sameAs":["https:\/\/www.facebook.com\/profile.php?id=100091503315415"]}]}},"_links":{"self":[{"href":"https:\/\/treeofhope.ro\/hu\/wp-json\/wp\/v2\/pages\/268"}],"collection":[{"href":"https:\/\/treeofhope.ro\/hu\/wp-json\/wp\/v2\/pages"}],"about":[{"href":"https:\/\/treeofhope.ro\/hu\/wp-json\/wp\/v2\/types\/page"}],"author":[{"embeddable":true,"href":"https:\/\/treeofhope.ro\/hu\/wp-json\/wp\/v2\/users\/1"}],"replies":[{"embeddable":true,"href":"https:\/\/treeofhope.ro\/hu\/wp-json\/wp\/v2\/comments?post=268"}],"version-history":[{"count":37,"href":"https:\/\/treeofhope.ro\/hu\/wp-json\/wp\/v2\/pages\/268\/revisions"}],"predecessor-version":[{"id":2479,"href":"https:\/\/treeofhope.ro\/hu\/wp-json\/wp\/v2\/pages\/268\/revisions\/2479"}],"wp:attachment":[{"href":"https:\/\/treeofhope.ro\/hu\/wp-json\/wp\/v2\/media?parent=268"}],"curies":[{"name":"wp","href":"https:\/\/api.w.org\/{rel}","templated":true}]}}