{"id":2731,"date":"2025-04-09T09:52:57","date_gmt":"2025-04-09T07:52:57","guid":{"rendered":"https:\/\/treeofhope.ro\/?page_id=2731"},"modified":"2025-04-11T10:37:09","modified_gmt":"2025-04-11T08:37:09","slug":"vii-babahordozo-kalauz","status":"publish","type":"page","link":"https:\/\/treeofhope.ro\/hu\/vii-babahordozo-kalauz\/","title":{"rendered":"VII. Babahordoz\u00f3 kalauz"},"content":{"rendered":"\t\t<div data-elementor-type=\"wp-page\" data-elementor-id=\"2731\" class=\"elementor elementor-2731\">\n\t\t\t\t\t\t\t\t\t<section class=\"elementor-section elementor-top-section elementor-element elementor-element-1d76a12 elementor-section-boxed elementor-section-height-default elementor-section-height-default\" data-id=\"1d76a12\" data-element_type=\"section\">\n\t\t\t\t\t\t<div class=\"elementor-container elementor-column-gap-default\">\n\t\t\t\t\t<div class=\"aux-parallax-section elementor-column elementor-col-100 elementor-top-column elementor-element elementor-element-768b785\" data-id=\"768b785\" data-element_type=\"column\">\n\t\t\t<div class=\"elementor-widget-wrap elementor-element-populated\">\n\t\t\t\t\t\t\t\t<div class=\"elementor-element elementor-element-5233037 elementor-widget elementor-widget-heading\" data-id=\"5233037\" data-element_type=\"widget\" data-widget_type=\"heading.default\">\n\t\t\t\t<div class=\"elementor-widget-container\">\n\t\t\t<style>\/*! elementor - v3.12.1 - 02-04-2023 *\/\n.elementor-heading-title{padding:0;margin:0;line-height:1}.elementor-widget-heading .elementor-heading-title[class*=elementor-size-]>a{color:inherit;font-size:inherit;line-height:inherit}.elementor-widget-heading .elementor-heading-title.elementor-size-small{font-size:15px}.elementor-widget-heading .elementor-heading-title.elementor-size-medium{font-size:19px}.elementor-widget-heading .elementor-heading-title.elementor-size-large{font-size:29px}.elementor-widget-heading .elementor-heading-title.elementor-size-xl{font-size:39px}.elementor-widget-heading .elementor-heading-title.elementor-size-xxl{font-size:59px}<\/style><h3 class=\"elementor-heading-title elementor-size-default\">Babahordoz\u00f3 kalauz workshop<\/h3>\t\t<\/div>\n\t\t\t\t<\/div>\n\t\t\t\t\t<\/div>\n\t\t<\/div>\n\t\t\t\t\t\t\t<\/div>\n\t\t<\/section>\n\t\t\t\t<section class=\"elementor-section elementor-top-section elementor-element elementor-element-074af91 elementor-section-boxed elementor-section-height-default elementor-section-height-default\" data-id=\"074af91\" data-element_type=\"section\">\n\t\t\t\t\t\t<div class=\"elementor-container elementor-column-gap-default\">\n\t\t\t\t\t<div class=\"aux-parallax-section elementor-column elementor-col-66 elementor-top-column elementor-element elementor-element-0b641d5\" data-id=\"0b641d5\" data-element_type=\"column\">\n\t\t\t<div class=\"elementor-widget-wrap elementor-element-populated\">\n\t\t\t\t\t\t\t\t<div class=\"elementor-element elementor-element-90d5790 elementor-widget__width-initial elementor-widget elementor-widget-text-editor\" data-id=\"90d5790\" data-element_type=\"widget\" data-widget_type=\"text-editor.default\">\n\t\t\t\t<div class=\"elementor-widget-container\">\n\t\t\t<style>\/*! elementor - v3.12.1 - 02-04-2023 *\/\n.elementor-widget-text-editor.elementor-drop-cap-view-stacked .elementor-drop-cap{background-color:#69727d;color:#fff}.elementor-widget-text-editor.elementor-drop-cap-view-framed .elementor-drop-cap{color:#69727d;border:3px solid;background-color:transparent}.elementor-widget-text-editor:not(.elementor-drop-cap-view-default) .elementor-drop-cap{margin-top:8px}.elementor-widget-text-editor:not(.elementor-drop-cap-view-default) .elementor-drop-cap-letter{width:1em;height:1em}.elementor-widget-text-editor .elementor-drop-cap{float:left;text-align:center;line-height:1;font-size:50px}.elementor-widget-text-editor .elementor-drop-cap-letter{display:inline-block}<\/style>\t\t\t\t<p>A babahordoz\u00f3 kalauz egy-alkalmas workshop, amely mag\u00e1val viszi az \u00e9rdekl\u0151d\u0151ket a babahordoz\u00e1s vil\u00e1g\u00e1ba.<\/p><p>El\u0151ad\u00f3nk mesterfokozat\u00fa eg\u00e9szs\u00e9g\u00fcgyi \u00e9s pszihol\u00f3giai szakemberk\u00e9nt k\u00f6zel\u00edti meg a t\u00e9m\u00e1t. R\u00e1vil\u00e1g\u00edt a babahordoz\u00e1s el\u0151nyeire, f\u00f3kuszba helyezve a bab\u00e1k ig\u00e9nyeit \u00e9s kognit\u00edv fejl\u0151d\u00e9s\u00e9t, ugyanakkor bemutatva a bab\u00e1k anat\u00f3mi\u00e1j\u00e1t \u00e9s fiziol\u00f3gi\u00e1s gerincform\u00e1j\u00e1t, ezzel hangs\u00falyozva a helyes illetve ker\u00fclend\u0151 hordoz\u00e1si m\u00f3dokat.<\/p><p>A gyakorlati r\u00e9szben (az elm\u00e9letet m\u00e1r ismerve) a babahordoz\u00e1shoz sz\u00fcks\u00e9ges hordoz\u00f3eszk\u00f6z\u00f6k\u00e9 lesz a f\u0151szerep.<\/p><p><strong>Melyik eszk\u00f6z mikort\u00f3l aj\u00e1nlott \u00e9s mi\u00e9rt?<\/strong><\/p><p>Fontos meg\u00e9rteni a bab\u00e1k anat\u00f3mi\u00e1j\u00e1nak szempontj\u00e1b\u00f3l \u00e9s az \u00e9letkoruknak megfelel\u0151 fizi\u00f3l\u00f3gi\u00e1s l\u00e1btart\u00e1s meg\u0151rz\u00e9se \u00e9rdek\u00e9ben, valamint a gerinc\u00edv vonal\u00e1t figyelembe v\u00e9ve, az al\u00e1t\u00e1maszt\u00e1sok fontoss\u00e1g\u00e1t. Megtudhatj\u00e1k a r\u00e9szvev\u0151k, hogy melyek az ergon\u00f3mikus hordoz\u00f3eszk\u00f6z\u00f6k \u00e9s saj\u00e1t bab\u00e1ikkal vagy a rendelkez\u00e9s\u00fckre bocs\u00e1tott j\u00e1t\u00e9kbab\u00e1kkal kipr\u00f3b\u00e1lhatj\u00e1k azokat, miut\u00e1n v\u00e9gign\u00e9znek n\u00e9h\u00e1ny alap kend\u0151k\u00f6t\u00e9st, \u00e9s csatos hordoz\u00f3 felv\u00e9tel\u00e9t.<\/p><p>Azoknak a r\u00e9sztvev\u0151knek, akik bab\u00e1val \u00e9rkeznek, egy kis babasarkot alak\u00edtunk ki. Szeretettel v\u00e1rjuk az anyuk\u00e1kat, apuk\u00e1kat, bab\u00e1kat, v\u00e1rand\u00f3s kismam\u00e1kat, nagysz\u00fcl\u0151ket, k\u00f6zeli csal\u00e1dtagokat \u00e9s mindazokat, akik \u00e9rdekl\u0151dnek a babhordoz\u00e1s ir\u00e1nt.<\/p>\t\t\t\t\t\t<\/div>\n\t\t\t\t<\/div>\n\t\t\t\t\t<\/div>\n\t\t<\/div>\n\t\t\t\t<div class=\"aux-parallax-section elementor-column elementor-col-33 elementor-top-column elementor-element elementor-element-f81995a\" data-id=\"f81995a\" data-element_type=\"column\">\n\t\t\t<div class=\"elementor-widget-wrap elementor-element-populated\">\n\t\t\t\t\t\t\t\t<div class=\"elementor-element elementor-element-e718296 box-price smaller elementor-widget elementor-widget-text-editor\" data-id=\"e718296\" data-element_type=\"widget\" data-widget_type=\"text-editor.default\">\n\t\t\t\t<div class=\"elementor-widget-container\">\n\t\t\t\t\t\t\t<p><b><u>R\u00e9szv\u00e9teli d\u00edj:<\/u><\/b><\/p><p><b>\u00a0150\u00a0RON<\/b><\/p><p><i>*az \u00e1r tartalmazza a p\u00e1ros r\u00e9szv\u00e9telt<\/i><\/p>\t\t\t\t\t\t<\/div>\n\t\t\t\t<\/div>\n\t\t\t\t<div class=\"elementor-element elementor-element-daf5d01 elementor-align-center elementor-widget elementor-widget-button\" data-id=\"daf5d01\" data-element_type=\"widget\" data-widget_type=\"button.default\">\n\t\t\t\t<div class=\"elementor-widget-container\">\n\t\t\t\t\t<div class=\"elementor-button-wrapper\">\n\t\t\t<a href=\"https:\/\/treeofhope.ro\/hu\/jelentkezes-babahordozo-kalauz\/\" class=\"elementor-button-link elementor-button elementor-size-md\" role=\"button\">\n\t\t\t\t\t\t<span class=\"elementor-button-content-wrapper\">\n\t\t\t\t\t\t<span class=\"elementor-button-text\">Jelentkezem<\/span>\n\t\t<\/span>\n\t\t\t\t\t<\/a>\n\t\t<\/div>\n\t\t\t\t<\/div>\n\t\t\t\t<\/div>\n\t\t\t\t\t<\/div>\n\t\t<\/div>\n\t\t\t\t\t\t\t<\/div>\n\t\t<\/section>\n\t\t\t\t<section class=\"elementor-section elementor-top-section elementor-element elementor-element-f4d86a5 elementor-section-boxed elementor-section-height-default elementor-section-height-default\" data-id=\"f4d86a5\" data-element_type=\"section\">\n\t\t\t\t\t\t<div class=\"elementor-container elementor-column-gap-default\">\n\t\t\t\t\t<div class=\"aux-parallax-section elementor-column elementor-col-100 elementor-top-column elementor-element elementor-element-d0373c8\" data-id=\"d0373c8\" data-element_type=\"column\">\n\t\t\t<div class=\"elementor-widget-wrap elementor-element-populated\">\n\t\t\t\t\t\t\t\t<div class=\"elementor-element elementor-element-ebf2929 elementor-arrows-position-inside elementor-pagination-position-outside elementor-widget elementor-widget-image-carousel\" data-id=\"ebf2929\" data-element_type=\"widget\" data-settings=\"{&quot;slides_to_show&quot;:&quot;3&quot;,&quot;navigation&quot;:&quot;both&quot;,&quot;autoplay&quot;:&quot;yes&quot;,&quot;pause_on_hover&quot;:&quot;yes&quot;,&quot;pause_on_interaction&quot;:&quot;yes&quot;,&quot;autoplay_speed&quot;:5000,&quot;infinite&quot;:&quot;yes&quot;,&quot;speed&quot;:500}\" data-widget_type=\"image-carousel.default\">\n\t\t\t\t<div class=\"elementor-widget-container\">\n\t\t\t<style>\/*! elementor - v3.12.1 - 02-04-2023 *\/\n.elementor-widget-image-carousel .swiper,.elementor-widget-image-carousel .swiper-container{position:static}.elementor-widget-image-carousel .swiper-container .swiper-slide figure,.elementor-widget-image-carousel .swiper .swiper-slide figure{line-height:inherit}.elementor-widget-image-carousel .swiper-slide{text-align:center}.elementor-image-carousel-wrapper:not(.swiper-container-initialized) .swiper-slide,.elementor-image-carousel-wrapper:not(.swiper-initialized) .swiper-slide{max-width:calc(100% \/ var(--e-image-carousel-slides-to-show, 3))}<\/style>\t\t<div class=\"elementor-image-carousel-wrapper swiper\" dir=\"ltr\">\n\t\t\t<div class=\"elementor-image-carousel swiper-wrapper\">\n\t\t\t\t\t\t\t\t<div class=\"swiper-slide\"><a href=\"https:\/\/treeofhope.ro\/wp-content\/uploads\/2025\/04\/485756564_584296621297110_876258381240398206_n.jpg\"><figure class=\"swiper-slide-inner\"><img decoding=\"async\" class=\"swiper-slide-image\" src=\"https:\/\/treeofhope.ro\/wp-content\/uploads\/2025\/04\/485756564_584296621297110_876258381240398206_n-768x768.jpg\" alt=\"485756564_584296621297110_876258381240398206_n\" \/><\/figure><\/a><\/div><div class=\"swiper-slide\"><a href=\"https:\/\/treeofhope.ro\/wp-content\/uploads\/2025\/04\/485784409_584296587963780_8071025628980937177_n.jpg\"><figure class=\"swiper-slide-inner\"><img decoding=\"async\" class=\"swiper-slide-image\" src=\"https:\/\/treeofhope.ro\/wp-content\/uploads\/2025\/04\/485784409_584296587963780_8071025628980937177_n-768x768.jpg\" alt=\"485784409_584296587963780_8071025628980937177_n\" \/><\/figure><\/a><\/div><div class=\"swiper-slide\"><a href=\"https:\/\/treeofhope.ro\/wp-content\/uploads\/2025\/04\/486638115_584296344630471_7066825179560871805_n.jpg\"><figure class=\"swiper-slide-inner\"><img decoding=\"async\" class=\"swiper-slide-image\" src=\"https:\/\/treeofhope.ro\/wp-content\/uploads\/2025\/04\/486638115_584296344630471_7066825179560871805_n-768x768.jpg\" alt=\"486638115_584296344630471_7066825179560871805_n\" \/><\/figure><\/a><\/div><div class=\"swiper-slide\"><a href=\"https:\/\/treeofhope.ro\/wp-content\/uploads\/2025\/04\/485108101_584296291297143_8493393575767357702_n.jpg\"><figure class=\"swiper-slide-inner\"><img decoding=\"async\" class=\"swiper-slide-image\" src=\"https:\/\/treeofhope.ro\/wp-content\/uploads\/2025\/04\/485108101_584296291297143_8493393575767357702_n-768x768.jpg\" alt=\"485108101_584296291297143_8493393575767357702_n\" \/><\/figure><\/a><\/div><div class=\"swiper-slide\"><a href=\"https:\/\/treeofhope.ro\/wp-content\/uploads\/2025\/04\/486062993_584296221297150_2618504049855320313_n.jpg\"><figure class=\"swiper-slide-inner\"><img decoding=\"async\" class=\"swiper-slide-image\" src=\"https:\/\/treeofhope.ro\/wp-content\/uploads\/2025\/04\/486062993_584296221297150_2618504049855320313_n-768x768.jpg\" alt=\"486062993_584296221297150_2618504049855320313_n\" \/><\/figure><\/a><\/div><div class=\"swiper-slide\"><a href=\"https:\/\/treeofhope.ro\/wp-content\/uploads\/2025\/04\/486637805_584296134630492_4871288157839452652_n.jpg\"><figure class=\"swiper-slide-inner\"><img decoding=\"async\" class=\"swiper-slide-image\" src=\"https:\/\/treeofhope.ro\/wp-content\/uploads\/2025\/04\/486637805_584296134630492_4871288157839452652_n-768x768.jpg\" alt=\"486637805_584296134630492_4871288157839452652_n\" \/><\/figure><\/a><\/div><div class=\"swiper-slide\"><a href=\"https:\/\/treeofhope.ro\/wp-content\/uploads\/2025\/04\/486131934_584296101297162_8265718598391195910_n.jpg\"><figure class=\"swiper-slide-inner\"><img decoding=\"async\" class=\"swiper-slide-image\" src=\"https:\/\/treeofhope.ro\/wp-content\/uploads\/2025\/04\/486131934_584296101297162_8265718598391195910_n-768x768.jpg\" alt=\"486131934_584296101297162_8265718598391195910_n\" \/><\/figure><\/a><\/div><div class=\"swiper-slide\"><a href=\"https:\/\/treeofhope.ro\/wp-content\/uploads\/2025\/04\/486638806_584295887963850_4980511190256109669_n.jpg\"><figure class=\"swiper-slide-inner\"><img decoding=\"async\" class=\"swiper-slide-image\" src=\"https:\/\/treeofhope.ro\/wp-content\/uploads\/2025\/04\/486638806_584295887963850_4980511190256109669_n-768x768.jpg\" alt=\"486638806_584295887963850_4980511190256109669_n\" \/><\/figure><\/a><\/div><div class=\"swiper-slide\"><a href=\"https:\/\/treeofhope.ro\/wp-content\/uploads\/2025\/04\/486101239_584295764630529_6245376001518272312_n.jpg\"><figure class=\"swiper-slide-inner\"><img decoding=\"async\" class=\"swiper-slide-image\" src=\"https:\/\/treeofhope.ro\/wp-content\/uploads\/2025\/04\/486101239_584295764630529_6245376001518272312_n-768x768.jpg\" alt=\"486101239_584295764630529_6245376001518272312_n\" \/><\/figure><\/a><\/div><div class=\"swiper-slide\"><a href=\"https:\/\/treeofhope.ro\/wp-content\/uploads\/2025\/04\/486167031_584295721297200_7611335116215910085_n.jpg\"><figure class=\"swiper-slide-inner\"><img decoding=\"async\" class=\"swiper-slide-image\" src=\"https:\/\/treeofhope.ro\/wp-content\/uploads\/2025\/04\/486167031_584295721297200_7611335116215910085_n-768x768.jpg\" alt=\"486167031_584295721297200_7611335116215910085_n\" \/><\/figure><\/a><\/div><div class=\"swiper-slide\"><a href=\"https:\/\/treeofhope.ro\/wp-content\/uploads\/2025\/04\/486655053_584295637963875_2390187526013838920_n.jpg\"><figure class=\"swiper-slide-inner\"><img decoding=\"async\" class=\"swiper-slide-image\" src=\"https:\/\/treeofhope.ro\/wp-content\/uploads\/2025\/04\/486655053_584295637963875_2390187526013838920_n-768x768.jpg\" alt=\"486655053_584295637963875_2390187526013838920_n\" \/><\/figure><\/a><\/div><div class=\"swiper-slide\"><a href=\"https:\/\/treeofhope.ro\/wp-content\/uploads\/2025\/04\/486507821_584104314649674_6547917960432086757_n.jpg\"><figure class=\"swiper-slide-inner\"><img decoding=\"async\" class=\"swiper-slide-image\" src=\"https:\/\/treeofhope.ro\/wp-content\/uploads\/2025\/04\/486507821_584104314649674_6547917960432086757_n-768x768.jpg\" alt=\"486507821_584104314649674_6547917960432086757_n\" \/><\/figure><\/a><\/div><div class=\"swiper-slide\"><a href=\"https:\/\/treeofhope.ro\/wp-content\/uploads\/2025\/04\/486637749_584104274649678_6757422424519385008_n.jpg\"><figure class=\"swiper-slide-inner\"><img decoding=\"async\" class=\"swiper-slide-image\" src=\"https:\/\/treeofhope.ro\/wp-content\/uploads\/2025\/04\/486637749_584104274649678_6757422424519385008_n-768x768.jpg\" alt=\"486637749_584104274649678_6757422424519385008_n\" \/><\/figure><\/a><\/div><div class=\"swiper-slide\"><a href=\"https:\/\/treeofhope.ro\/wp-content\/uploads\/2025\/04\/486637163_584104267983012_3603162092026351924_n.jpg\"><figure class=\"swiper-slide-inner\"><img decoding=\"async\" class=\"swiper-slide-image\" src=\"https:\/\/treeofhope.ro\/wp-content\/uploads\/2025\/04\/486637163_584104267983012_3603162092026351924_n-768x768.jpg\" alt=\"486637163_584104267983012_3603162092026351924_n\" \/><\/figure><\/a><\/div>\t\t\t<\/div>\n\t\t\t\t\t\t\t\t\t\t\t\t<div class=\"swiper-pagination\"><\/div>\n\t\t\t\t\t\t\t\t\t\t\t\t\t<div class=\"elementor-swiper-button elementor-swiper-button-prev\">\n\t\t\t\t\t\t<i aria-hidden=\"true\" class=\"fas fa-arrow-alt-circle-left\"><\/i>\t\t\t\t\t\t<span class=\"elementor-screen-only\">El\u0151z\u0151<\/span>\n\t\t\t\t\t<\/div>\n\t\t\t\t\t<div class=\"elementor-swiper-button elementor-swiper-button-next\">\n\t\t\t\t\t\t<i aria-hidden=\"true\" class=\"fas fa-arrow-alt-circle-right\"><\/i>\t\t\t\t\t\t<span class=\"elementor-screen-only\">K\u00f6vetkez\u0151<\/span>\n\t\t\t\t\t<\/div>\n\t\t\t\t\t\t\t\t\t<\/div>\n\t\t\t\t<\/div>\n\t\t\t\t<\/div>\n\t\t\t\t\t<\/div>\n\t\t<\/div>\n\t\t\t\t\t\t\t<\/div>\n\t\t<\/section>\n\t\t\t\t\t\t\t<\/div>\n\t\t","protected":false},"excerpt":{"rendered":"<p>Babahordoz\u00f3 kalauz workshop A babahordoz\u00f3 kalauz egy-alkalmas workshop, amely mag\u00e1val viszi az \u00e9rdekl\u0151d\u0151ket a babahordoz\u00e1s vil\u00e1g\u00e1ba. El\u0151ad\u00f3nk mesterfokozat\u00fa eg\u00e9szs\u00e9g\u00fcgyi \u00e9s pszihol\u00f3giai szakemberk\u00e9nt k\u00f6zel\u00edti meg a t\u00e9m\u00e1t. R\u00e1vil\u00e1g\u00edt a babahordoz\u00e1s el\u0151nyeire, f\u00f3kuszba helyezve a bab\u00e1k ig\u00e9nyeit \u00e9s kognit\u00edv fejl\u0151d\u00e9s\u00e9t, ugyanakkor bemutatva a bab\u00e1k anat\u00f3mi\u00e1j\u00e1t \u00e9s fiziol\u00f3gi\u00e1s gerincform\u00e1j\u00e1t, ezzel hangs\u00falyozva a helyes illetve ker\u00fclend\u0151 hordoz\u00e1si m\u00f3dokat. A [&hellip;]<\/p>\n","protected":false},"author":2,"featured_media":0,"parent":0,"menu_order":0,"comment_status":"closed","ping_status":"closed","template":"","meta":[],"yoast_head":"<!-- This site is optimized with the Yoast SEO plugin v21.7 - https:\/\/yoast.com\/wordpress\/plugins\/seo\/ -->\n<title>VII. Babahordoz\u00f3 kalauz - Tree of Hope<\/title>\n<meta name=\"robots\" content=\"index, follow, max-snippet:-1, max-image-preview:large, max-video-preview:-1\" \/>\n<link rel=\"canonical\" href=\"https:\/\/treeofhope.ro\/hu\/vii-babahordozo-kalauz\/\" \/>\n<meta property=\"og:locale\" content=\"hu_HU\" \/>\n<meta property=\"og:type\" content=\"article\" \/>\n<meta property=\"og:title\" content=\"VII. Babahordoz\u00f3 kalauz - Tree of Hope\" \/>\n<meta property=\"og:description\" content=\"Babahordoz\u00f3 kalauz workshop A babahordoz\u00f3 kalauz egy-alkalmas workshop, amely mag\u00e1val viszi az \u00e9rdekl\u0151d\u0151ket a babahordoz\u00e1s vil\u00e1g\u00e1ba. El\u0151ad\u00f3nk mesterfokozat\u00fa eg\u00e9szs\u00e9g\u00fcgyi \u00e9s pszihol\u00f3giai szakemberk\u00e9nt k\u00f6zel\u00edti meg a t\u00e9m\u00e1t. R\u00e1vil\u00e1g\u00edt a babahordoz\u00e1s el\u0151nyeire, f\u00f3kuszba helyezve a bab\u00e1k ig\u00e9nyeit \u00e9s kognit\u00edv fejl\u0151d\u00e9s\u00e9t, ugyanakkor bemutatva a bab\u00e1k anat\u00f3mi\u00e1j\u00e1t \u00e9s fiziol\u00f3gi\u00e1s gerincform\u00e1j\u00e1t, ezzel hangs\u00falyozva a helyes illetve ker\u00fclend\u0151 hordoz\u00e1si m\u00f3dokat. A [&hellip;]\" \/>\n<meta property=\"og:url\" content=\"https:\/\/treeofhope.ro\/hu\/vii-babahordozo-kalauz\/\" \/>\n<meta property=\"og:site_name\" content=\"Tree of Hope\" \/>\n<meta property=\"article:publisher\" content=\"https:\/\/www.facebook.com\/profile.php?id=100091503315415\" \/>\n<meta property=\"article:modified_time\" content=\"2025-04-11T08:37:09+00:00\" \/>\n<meta property=\"og:image\" content=\"https:\/\/treeofhope.ro\/wp-content\/uploads\/2025\/04\/485756564_584296621297110_876258381240398206_n-768x768.jpg\" \/>\n<meta name=\"twitter:card\" content=\"summary_large_image\" \/>\n<meta name=\"twitter:label1\" content=\"Est. reading time\" \/>\n\t<meta name=\"twitter:data1\" content=\"5 perc\" \/>\n<script type=\"application\/ld+json\" class=\"yoast-schema-graph\">{\"@context\":\"https:\/\/schema.org\",\"@graph\":[{\"@type\":\"WebPage\",\"@id\":\"https:\/\/treeofhope.ro\/hu\/vii-babahordozo-kalauz\/\",\"url\":\"https:\/\/treeofhope.ro\/hu\/vii-babahordozo-kalauz\/\",\"name\":\"VII. Babahordoz\u00f3 kalauz - Tree of Hope\",\"isPartOf\":{\"@id\":\"https:\/\/treeofhope.ro\/#website\"},\"datePublished\":\"2025-04-09T07:52:57+00:00\",\"dateModified\":\"2025-04-11T08:37:09+00:00\",\"breadcrumb\":{\"@id\":\"https:\/\/treeofhope.ro\/hu\/vii-babahordozo-kalauz\/#breadcrumb\"},\"inLanguage\":\"hu\",\"potentialAction\":[{\"@type\":\"ReadAction\",\"target\":[\"https:\/\/treeofhope.ro\/hu\/vii-babahordozo-kalauz\/\"]}]},{\"@type\":\"BreadcrumbList\",\"@id\":\"https:\/\/treeofhope.ro\/hu\/vii-babahordozo-kalauz\/#breadcrumb\",\"itemListElement\":[{\"@type\":\"ListItem\",\"position\":1,\"name\":\"Home\",\"item\":\"https:\/\/treeofhope.ro\/hu\/\"},{\"@type\":\"ListItem\",\"position\":2,\"name\":\"VII. Babahordoz\u00f3 kalauz\"}]},{\"@type\":\"WebSite\",\"@id\":\"https:\/\/treeofhope.ro\/#website\",\"url\":\"https:\/\/treeofhope.ro\/\",\"name\":\"Tree of Hope\",\"description\":\"Sz\u00fcl\u00e9sfelk\u00e9sz\u00edt\u0151k, csecsem\u0151gondoz\u00e1s, els\u0151seg\u00e9ly tanfolyam, terhestorna.\",\"publisher\":{\"@id\":\"https:\/\/treeofhope.ro\/#organization\"},\"potentialAction\":[{\"@type\":\"SearchAction\",\"target\":{\"@type\":\"EntryPoint\",\"urlTemplate\":\"https:\/\/treeofhope.ro\/?s={search_term_string}\"},\"query-input\":\"required name=search_term_string\"}],\"inLanguage\":\"hu\"},{\"@type\":\"Organization\",\"@id\":\"https:\/\/treeofhope.ro\/#organization\",\"name\":\"Tree of Hope\",\"url\":\"https:\/\/treeofhope.ro\/\",\"logo\":{\"@type\":\"ImageObject\",\"inLanguage\":\"hu\",\"@id\":\"https:\/\/treeofhope.ro\/#\/schema\/logo\/image\/\",\"url\":\"https:\/\/treeofhope.ro\/wp-content\/uploads\/2023\/04\/logo-treeofhope-150.png\",\"contentUrl\":\"https:\/\/treeofhope.ro\/wp-content\/uploads\/2023\/04\/logo-treeofhope-150.png\",\"width\":150,\"height\":150,\"caption\":\"Tree of Hope\"},\"image\":{\"@id\":\"https:\/\/treeofhope.ro\/#\/schema\/logo\/image\/\"},\"sameAs\":[\"https:\/\/www.facebook.com\/profile.php?id=100091503315415\"]}]}<\/script>\n<!-- \/ Yoast SEO plugin. -->","yoast_head_json":{"title":"VII. Babahordoz\u00f3 kalauz - Tree of Hope","robots":{"index":"index","follow":"follow","max-snippet":"max-snippet:-1","max-image-preview":"max-image-preview:large","max-video-preview":"max-video-preview:-1"},"canonical":"https:\/\/treeofhope.ro\/hu\/vii-babahordozo-kalauz\/","og_locale":"hu_HU","og_type":"article","og_title":"VII. Babahordoz\u00f3 kalauz - Tree of Hope","og_description":"Babahordoz\u00f3 kalauz workshop A babahordoz\u00f3 kalauz egy-alkalmas workshop, amely mag\u00e1val viszi az \u00e9rdekl\u0151d\u0151ket a babahordoz\u00e1s vil\u00e1g\u00e1ba. El\u0151ad\u00f3nk mesterfokozat\u00fa eg\u00e9szs\u00e9g\u00fcgyi \u00e9s pszihol\u00f3giai szakemberk\u00e9nt k\u00f6zel\u00edti meg a t\u00e9m\u00e1t. R\u00e1vil\u00e1g\u00edt a babahordoz\u00e1s el\u0151nyeire, f\u00f3kuszba helyezve a bab\u00e1k ig\u00e9nyeit \u00e9s kognit\u00edv fejl\u0151d\u00e9s\u00e9t, ugyanakkor bemutatva a bab\u00e1k anat\u00f3mi\u00e1j\u00e1t \u00e9s fiziol\u00f3gi\u00e1s gerincform\u00e1j\u00e1t, ezzel hangs\u00falyozva a helyes illetve ker\u00fclend\u0151 hordoz\u00e1si m\u00f3dokat. A [&hellip;]","og_url":"https:\/\/treeofhope.ro\/hu\/vii-babahordozo-kalauz\/","og_site_name":"Tree of Hope","article_publisher":"https:\/\/www.facebook.com\/profile.php?id=100091503315415","article_modified_time":"2025-04-11T08:37:09+00:00","og_image":[{"url":"https:\/\/treeofhope.ro\/wp-content\/uploads\/2025\/04\/485756564_584296621297110_876258381240398206_n-768x768.jpg"}],"twitter_card":"summary_large_image","twitter_misc":{"Est. reading time":"5 perc"},"schema":{"@context":"https:\/\/schema.org","@graph":[{"@type":"WebPage","@id":"https:\/\/treeofhope.ro\/hu\/vii-babahordozo-kalauz\/","url":"https:\/\/treeofhope.ro\/hu\/vii-babahordozo-kalauz\/","name":"VII. Babahordoz\u00f3 kalauz - Tree of Hope","isPartOf":{"@id":"https:\/\/treeofhope.ro\/#website"},"datePublished":"2025-04-09T07:52:57+00:00","dateModified":"2025-04-11T08:37:09+00:00","breadcrumb":{"@id":"https:\/\/treeofhope.ro\/hu\/vii-babahordozo-kalauz\/#breadcrumb"},"inLanguage":"hu","potentialAction":[{"@type":"ReadAction","target":["https:\/\/treeofhope.ro\/hu\/vii-babahordozo-kalauz\/"]}]},{"@type":"BreadcrumbList","@id":"https:\/\/treeofhope.ro\/hu\/vii-babahordozo-kalauz\/#breadcrumb","itemListElement":[{"@type":"ListItem","position":1,"name":"Home","item":"https:\/\/treeofhope.ro\/hu\/"},{"@type":"ListItem","position":2,"name":"VII. Babahordoz\u00f3 kalauz"}]},{"@type":"WebSite","@id":"https:\/\/treeofhope.ro\/#website","url":"https:\/\/treeofhope.ro\/","name":"Tree of Hope","description":"Sz\u00fcl\u00e9sfelk\u00e9sz\u00edt\u0151k, csecsem\u0151gondoz\u00e1s, els\u0151seg\u00e9ly tanfolyam, terhestorna.","publisher":{"@id":"https:\/\/treeofhope.ro\/#organization"},"potentialAction":[{"@type":"SearchAction","target":{"@type":"EntryPoint","urlTemplate":"https:\/\/treeofhope.ro\/?s={search_term_string}"},"query-input":"required name=search_term_string"}],"inLanguage":"hu"},{"@type":"Organization","@id":"https:\/\/treeofhope.ro\/#organization","name":"Tree of Hope","url":"https:\/\/treeofhope.ro\/","logo":{"@type":"ImageObject","inLanguage":"hu","@id":"https:\/\/treeofhope.ro\/#\/schema\/logo\/image\/","url":"https:\/\/treeofhope.ro\/wp-content\/uploads\/2023\/04\/logo-treeofhope-150.png","contentUrl":"https:\/\/treeofhope.ro\/wp-content\/uploads\/2023\/04\/logo-treeofhope-150.png","width":150,"height":150,"caption":"Tree of Hope"},"image":{"@id":"https:\/\/treeofhope.ro\/#\/schema\/logo\/image\/"},"sameAs":["https:\/\/www.facebook.com\/profile.php?id=100091503315415"]}]}},"_links":{"self":[{"href":"https:\/\/treeofhope.ro\/hu\/wp-json\/wp\/v2\/pages\/2731"}],"collection":[{"href":"https:\/\/treeofhope.ro\/hu\/wp-json\/wp\/v2\/pages"}],"about":[{"href":"https:\/\/treeofhope.ro\/hu\/wp-json\/wp\/v2\/types\/page"}],"author":[{"embeddable":true,"href":"https:\/\/treeofhope.ro\/hu\/wp-json\/wp\/v2\/users\/2"}],"replies":[{"embeddable":true,"href":"https:\/\/treeofhope.ro\/hu\/wp-json\/wp\/v2\/comments?post=2731"}],"version-history":[{"count":14,"href":"https:\/\/treeofhope.ro\/hu\/wp-json\/wp\/v2\/pages\/2731\/revisions"}],"predecessor-version":[{"id":2813,"href":"https:\/\/treeofhope.ro\/hu\/wp-json\/wp\/v2\/pages\/2731\/revisions\/2813"}],"wp:attachment":[{"href":"https:\/\/treeofhope.ro\/hu\/wp-json\/wp\/v2\/media?parent=2731"}],"curies":[{"name":"wp","href":"https:\/\/api.w.org\/{rel}","templated":true}]}}