{"id":275,"date":"2023-04-19T23:10:11","date_gmt":"2023-04-19T21:10:11","guid":{"rendered":"https:\/\/treeofhope.ro\/?page_id=275"},"modified":"2025-02-12T11:40:26","modified_gmt":"2025-02-12T10:40:26","slug":"iv-komplex-babavaro-csomag","status":"publish","type":"page","link":"https:\/\/treeofhope.ro\/hu\/iv-komplex-babavaro-csomag\/","title":{"rendered":"IV. Komplex Babav\u00e1r\u00f3 csomag"},"content":{"rendered":"\t\t<div data-elementor-type=\"wp-page\" data-elementor-id=\"275\" class=\"elementor elementor-275\">\n\t\t\t\t\t\t\t\t\t<section class=\"elementor-section elementor-top-section elementor-element elementor-element-56a681e elementor-section-boxed elementor-section-height-default elementor-section-height-default\" data-id=\"56a681e\" data-element_type=\"section\">\n\t\t\t\t\t\t<div class=\"elementor-container elementor-column-gap-default\">\n\t\t\t\t\t<div class=\"aux-parallax-section elementor-column elementor-col-66 elementor-top-column elementor-element elementor-element-298e07e\" data-id=\"298e07e\" data-element_type=\"column\">\n\t\t\t<div class=\"elementor-widget-wrap elementor-element-populated\">\n\t\t\t\t\t\t\t\t<div class=\"elementor-element elementor-element-7fa4bd4 elementor-widget elementor-widget-text-editor\" data-id=\"7fa4bd4\" data-element_type=\"widget\" data-widget_type=\"text-editor.default\">\n\t\t\t\t<div class=\"elementor-widget-container\">\n\t\t\t<style>\/*! elementor - v3.12.1 - 02-04-2023 *\/\n.elementor-widget-text-editor.elementor-drop-cap-view-stacked .elementor-drop-cap{background-color:#69727d;color:#fff}.elementor-widget-text-editor.elementor-drop-cap-view-framed .elementor-drop-cap{color:#69727d;border:3px solid;background-color:transparent}.elementor-widget-text-editor:not(.elementor-drop-cap-view-default) .elementor-drop-cap{margin-top:8px}.elementor-widget-text-editor:not(.elementor-drop-cap-view-default) .elementor-drop-cap-letter{width:1em;height:1em}.elementor-widget-text-editor .elementor-drop-cap{float:left;text-align:center;line-height:1;font-size:50px}.elementor-widget-text-editor .elementor-drop-cap-letter{display:inline-block}<\/style>\t\t\t\t<p>Egy tal\u00e1lkoz\u00f3 2-2,5 \u00f3r\u00e1t vesz ig\u00e9nybe, az otthoni gyakorlati \u00fatmutat\u00f3 id\u0151tartama pedig 3-3,5 \u00f3ra.<\/p>\t\t\t\t\t\t<\/div>\n\t\t\t\t<\/div>\n\t\t\t\t<div class=\"elementor-element elementor-element-4dd5563 mb-3 mt-3 elementor-widget elementor-widget-heading\" data-id=\"4dd5563\" data-element_type=\"widget\" data-widget_type=\"heading.default\">\n\t\t\t\t<div class=\"elementor-widget-container\">\n\t\t\t<style>\/*! elementor - v3.12.1 - 02-04-2023 *\/\n.elementor-heading-title{padding:0;margin:0;line-height:1}.elementor-widget-heading .elementor-heading-title[class*=elementor-size-]>a{color:inherit;font-size:inherit;line-height:inherit}.elementor-widget-heading .elementor-heading-title.elementor-size-small{font-size:15px}.elementor-widget-heading .elementor-heading-title.elementor-size-medium{font-size:19px}.elementor-widget-heading .elementor-heading-title.elementor-size-large{font-size:29px}.elementor-widget-heading .elementor-heading-title.elementor-size-xl{font-size:39px}.elementor-widget-heading .elementor-heading-title.elementor-size-xxl{font-size:59px}<\/style><h3 class=\"elementor-heading-title elementor-size-default\">R\u00e9szletes le\u00edr\u00e1sa a Komplex Babav\u00e1r\u00f3 csomagnak<\/h3>\t\t<\/div>\n\t\t\t\t<\/div>\n\t\t\t\t<div class=\"elementor-element elementor-element-c88a0ca elementor-widget elementor-widget-text-editor\" data-id=\"c88a0ca\" data-element_type=\"widget\" data-widget_type=\"text-editor.default\">\n\t\t\t\t<div class=\"elementor-widget-container\">\n\t\t\t\t\t\t\t<p>Ez a programunk mag\u00e1ba foglalja a k\u00f6vetkez\u0151ket:<\/p><ul><li>A<strong> \u201cI. BAB\u00c1RA HANGOL\u00d3\u201d<\/strong> program \u00f6t el\u0151ad\u00e1s\u00e1t &#8211; Zolyomi K\u00e1rmen R\u00e9ka sz\u00fcl\u00e9szn\u0151vel<\/li><\/ul><ol><li style=\"list-style-type: none;\"><ol><li>Lelki folyamatok a v\u00e1rand\u00f3ss\u00e1g \u00e9s sz\u00fcl\u00e9s h\u00e1tter\u00e9ben<\/li><li>\u00c9lettani vaj\u00fad\u00e1s \u00e9s sz\u00fcl\u00e9s<\/li><li>A gyermek\u00e1gy kih\u00edv\u00e1sai<\/li><li>Kiegyens\u00falyozott t\u00e1pl\u00e1lkoz\u00e1s v\u00e1rand\u00f3san \u00e9s szoptat\u00e1s ideje alatt<\/li><li>A legjobb amit adhatsz, az anyatejes t\u00e1pl\u00e1l\u00e1s<\/li><\/ol><\/li><\/ol><ul><li>\u00a0A\u00a0<strong>\u201cHAZAV\u00c1R\u00d3 PLUSZ\u201d<\/strong> csomag el\u0151ad\u00e1s\u00e1t \u00e9s az ezt k\u00f6vet\u0151 otthoni gyakorlati \u00fatmutat\u00e1st (3-3,5 \u00f3ra) &#8211; Don\u00e1th Em\u0151ke sz\u00fcl\u00e9szn\u0151vel<\/li><\/ul><p>\u00a0 \u00a0 \u00c9rintett t\u00e9m\u00e1k a csecsem\u0151gondoz\u00e1si alapismeretekr\u0151l sz\u00f3l\u00f3 el\u0151ad\u00e1son:<\/p><ul><li style=\"list-style-type: none;\"><ul><li>Els\u0151 hat h\u00e9t kih\u00edv\u00e1sai<\/li><li>\u00dajsz\u00fcl\u00f6tt szob\u00e1ja: berendez\u00e9s, h\u0151m\u00e9rs\u00e9klet, f\u00e9nyek, hangok<\/li><li>Hogyan tartsuk az \u00fajsz\u00fcl\u00f6ttet<\/li><li>Tiszt\u00e1ba t\u00e9tel<\/li><li>F\u00fcrdet\u00e9s, \u00f6lt\u00f6ztet\u00e9s, orrsz\u00edv\u00e1s<\/li><li>Altat\u00e1s<\/li><li>Els\u0151 s\u00e9ta<\/li><li>Szoptat\u00e1s-mellre helyez\u00e9s<\/li><li>Anyatej fej\u00e9se, t\u00e1rol\u00e1sa<\/li><li>\u00dajsz\u00fcl\u00f6tt-anya egys\u00e9g<\/li><li>Gyerek\u00e1gy-anyatest<\/li><li>Apa szerepe<\/li><\/ul><\/li><\/ul>\t\t\t\t\t\t<\/div>\n\t\t\t\t<\/div>\n\t\t\t\t\t<\/div>\n\t\t<\/div>\n\t\t\t\t<div class=\"aux-parallax-section elementor-column elementor-col-33 elementor-top-column elementor-element elementor-element-6427d5a\" data-id=\"6427d5a\" data-element_type=\"column\">\n\t\t\t<div class=\"elementor-widget-wrap elementor-element-populated\">\n\t\t\t\t\t\t\t\t<div class=\"elementor-element elementor-element-6bc344e box-price elementor-widget elementor-widget-text-editor\" data-id=\"6bc344e\" data-element_type=\"widget\" data-widget_type=\"text-editor.default\">\n\t\t\t\t<div class=\"elementor-widget-container\">\n\t\t\t\t\t\t\t<p>Program \u00e1ra:<\/p>\n<p><strong>1000 lej<\/strong><\/p>\t\t\t\t\t\t<\/div>\n\t\t\t\t<\/div>\n\t\t\t\t<div class=\"elementor-element elementor-element-568fdd2 elementor-align-center elementor-widget elementor-widget-button\" data-id=\"568fdd2\" data-element_type=\"widget\" data-widget_type=\"button.default\">\n\t\t\t\t<div class=\"elementor-widget-container\">\n\t\t\t\t\t<div class=\"elementor-button-wrapper\">\n\t\t\t<a href=\"https:\/\/treeofhope.ro\/hu\/jelentkezes-komplex-babavaro-csomag\/\" class=\"elementor-button-link elementor-button elementor-size-md\" role=\"button\">\n\t\t\t\t\t\t<span class=\"elementor-button-content-wrapper\">\n\t\t\t\t\t\t<span class=\"elementor-button-text\">Jelentkezem<\/span>\n\t\t<\/span>\n\t\t\t\t\t<\/a>\n\t\t<\/div>\n\t\t\t\t<\/div>\n\t\t\t\t<\/div>\n\t\t\t\t\t<\/div>\n\t\t<\/div>\n\t\t\t\t\t\t\t<\/div>\n\t\t<\/section>\n\t\t\t\t\t\t\t<\/div>\n\t\t","protected":false},"excerpt":{"rendered":"<p>Egy tal\u00e1lkoz\u00f3 2-2,5 \u00f3r\u00e1t vesz ig\u00e9nybe, az otthoni gyakorlati \u00fatmutat\u00f3 id\u0151tartama pedig 3-3,5 \u00f3ra. R\u00e9szletes le\u00edr\u00e1sa a Komplex Babav\u00e1r\u00f3 csomagnak Ez a programunk mag\u00e1ba foglalja a k\u00f6vetkez\u0151ket: A \u201cI. BAB\u00c1RA HANGOL\u00d3\u201d program \u00f6t el\u0151ad\u00e1s\u00e1t &#8211; Zolyomi K\u00e1rmen R\u00e9ka sz\u00fcl\u00e9szn\u0151vel Lelki folyamatok a v\u00e1rand\u00f3ss\u00e1g \u00e9s sz\u00fcl\u00e9s h\u00e1tter\u00e9ben \u00c9lettani vaj\u00fad\u00e1s \u00e9s sz\u00fcl\u00e9s A gyermek\u00e1gy kih\u00edv\u00e1sai Kiegyens\u00falyozott t\u00e1pl\u00e1lkoz\u00e1s [&hellip;]<\/p>\n","protected":false},"author":1,"featured_media":0,"parent":0,"menu_order":0,"comment_status":"closed","ping_status":"closed","template":"","meta":[],"yoast_head":"<!-- This site is optimized with the Yoast SEO plugin v21.7 - https:\/\/yoast.com\/wordpress\/plugins\/seo\/ -->\n<title>IV. Komplex Babav\u00e1r\u00f3 csomag - Tree of Hope<\/title>\n<meta name=\"robots\" content=\"index, follow, max-snippet:-1, max-image-preview:large, max-video-preview:-1\" \/>\n<link rel=\"canonical\" href=\"https:\/\/treeofhope.ro\/hu\/iv-komplex-babavaro-csomag\/\" \/>\n<meta property=\"og:locale\" content=\"hu_HU\" \/>\n<meta property=\"og:type\" content=\"article\" \/>\n<meta property=\"og:title\" content=\"IV. Komplex Babav\u00e1r\u00f3 csomag - Tree of Hope\" \/>\n<meta property=\"og:description\" content=\"Egy tal\u00e1lkoz\u00f3 2-2,5 \u00f3r\u00e1t vesz ig\u00e9nybe, az otthoni gyakorlati \u00fatmutat\u00f3 id\u0151tartama pedig 3-3,5 \u00f3ra. R\u00e9szletes le\u00edr\u00e1sa a Komplex Babav\u00e1r\u00f3 csomagnak Ez a programunk mag\u00e1ba foglalja a k\u00f6vetkez\u0151ket: A \u201cI. BAB\u00c1RA HANGOL\u00d3\u201d program \u00f6t el\u0151ad\u00e1s\u00e1t &#8211; Zolyomi K\u00e1rmen R\u00e9ka sz\u00fcl\u00e9szn\u0151vel Lelki folyamatok a v\u00e1rand\u00f3ss\u00e1g \u00e9s sz\u00fcl\u00e9s h\u00e1tter\u00e9ben \u00c9lettani vaj\u00fad\u00e1s \u00e9s sz\u00fcl\u00e9s A gyermek\u00e1gy kih\u00edv\u00e1sai Kiegyens\u00falyozott t\u00e1pl\u00e1lkoz\u00e1s [&hellip;]\" \/>\n<meta property=\"og:url\" content=\"https:\/\/treeofhope.ro\/hu\/iv-komplex-babavaro-csomag\/\" \/>\n<meta property=\"og:site_name\" content=\"Tree of Hope\" \/>\n<meta property=\"article:publisher\" content=\"https:\/\/www.facebook.com\/profile.php?id=100091503315415\" \/>\n<meta property=\"article:modified_time\" content=\"2025-02-12T10:40:26+00:00\" \/>\n<meta property=\"og:image\" content=\"https:\/\/treeofhope.ro\/wp-content\/uploads\/2023\/04\/bg-hometop.jpg\" \/>\n\t<meta property=\"og:image:width\" content=\"1400\" \/>\n\t<meta property=\"og:image:height\" content=\"754\" \/>\n\t<meta property=\"og:image:type\" content=\"image\/jpeg\" \/>\n<meta name=\"twitter:card\" content=\"summary_large_image\" \/>\n<meta name=\"twitter:label1\" content=\"Est. reading time\" \/>\n\t<meta name=\"twitter:data1\" content=\"1 perc\" \/>\n<script type=\"application\/ld+json\" class=\"yoast-schema-graph\">{\"@context\":\"https:\/\/schema.org\",\"@graph\":[{\"@type\":\"WebPage\",\"@id\":\"https:\/\/treeofhope.ro\/hu\/iv-komplex-babavaro-csomag\/\",\"url\":\"https:\/\/treeofhope.ro\/hu\/iv-komplex-babavaro-csomag\/\",\"name\":\"IV. Komplex Babav\u00e1r\u00f3 csomag - Tree of Hope\",\"isPartOf\":{\"@id\":\"https:\/\/treeofhope.ro\/#website\"},\"datePublished\":\"2023-04-19T21:10:11+00:00\",\"dateModified\":\"2025-02-12T10:40:26+00:00\",\"breadcrumb\":{\"@id\":\"https:\/\/treeofhope.ro\/hu\/iv-komplex-babavaro-csomag\/#breadcrumb\"},\"inLanguage\":\"hu\",\"potentialAction\":[{\"@type\":\"ReadAction\",\"target\":[\"https:\/\/treeofhope.ro\/hu\/iv-komplex-babavaro-csomag\/\"]}]},{\"@type\":\"BreadcrumbList\",\"@id\":\"https:\/\/treeofhope.ro\/hu\/iv-komplex-babavaro-csomag\/#breadcrumb\",\"itemListElement\":[{\"@type\":\"ListItem\",\"position\":1,\"name\":\"Home\",\"item\":\"https:\/\/treeofhope.ro\/hu\/\"},{\"@type\":\"ListItem\",\"position\":2,\"name\":\"IV. Komplex Babav\u00e1r\u00f3 csomag\"}]},{\"@type\":\"WebSite\",\"@id\":\"https:\/\/treeofhope.ro\/#website\",\"url\":\"https:\/\/treeofhope.ro\/\",\"name\":\"Tree of Hope\",\"description\":\"Sz\u00fcl\u00e9sfelk\u00e9sz\u00edt\u0151k, csecsem\u0151gondoz\u00e1s, els\u0151seg\u00e9ly tanfolyam, terhestorna.\",\"publisher\":{\"@id\":\"https:\/\/treeofhope.ro\/#organization\"},\"potentialAction\":[{\"@type\":\"SearchAction\",\"target\":{\"@type\":\"EntryPoint\",\"urlTemplate\":\"https:\/\/treeofhope.ro\/?s={search_term_string}\"},\"query-input\":\"required name=search_term_string\"}],\"inLanguage\":\"hu\"},{\"@type\":\"Organization\",\"@id\":\"https:\/\/treeofhope.ro\/#organization\",\"name\":\"Tree of Hope\",\"url\":\"https:\/\/treeofhope.ro\/\",\"logo\":{\"@type\":\"ImageObject\",\"inLanguage\":\"hu\",\"@id\":\"https:\/\/treeofhope.ro\/#\/schema\/logo\/image\/\",\"url\":\"https:\/\/treeofhope.ro\/wp-content\/uploads\/2023\/04\/logo-treeofhope-150.png\",\"contentUrl\":\"https:\/\/treeofhope.ro\/wp-content\/uploads\/2023\/04\/logo-treeofhope-150.png\",\"width\":150,\"height\":150,\"caption\":\"Tree of Hope\"},\"image\":{\"@id\":\"https:\/\/treeofhope.ro\/#\/schema\/logo\/image\/\"},\"sameAs\":[\"https:\/\/www.facebook.com\/profile.php?id=100091503315415\"]}]}<\/script>\n<!-- \/ Yoast SEO plugin. -->","yoast_head_json":{"title":"IV. Komplex Babav\u00e1r\u00f3 csomag - Tree of Hope","robots":{"index":"index","follow":"follow","max-snippet":"max-snippet:-1","max-image-preview":"max-image-preview:large","max-video-preview":"max-video-preview:-1"},"canonical":"https:\/\/treeofhope.ro\/hu\/iv-komplex-babavaro-csomag\/","og_locale":"hu_HU","og_type":"article","og_title":"IV. Komplex Babav\u00e1r\u00f3 csomag - Tree of Hope","og_description":"Egy tal\u00e1lkoz\u00f3 2-2,5 \u00f3r\u00e1t vesz ig\u00e9nybe, az otthoni gyakorlati \u00fatmutat\u00f3 id\u0151tartama pedig 3-3,5 \u00f3ra. R\u00e9szletes le\u00edr\u00e1sa a Komplex Babav\u00e1r\u00f3 csomagnak Ez a programunk mag\u00e1ba foglalja a k\u00f6vetkez\u0151ket: A \u201cI. BAB\u00c1RA HANGOL\u00d3\u201d program \u00f6t el\u0151ad\u00e1s\u00e1t &#8211; Zolyomi K\u00e1rmen R\u00e9ka sz\u00fcl\u00e9szn\u0151vel Lelki folyamatok a v\u00e1rand\u00f3ss\u00e1g \u00e9s sz\u00fcl\u00e9s h\u00e1tter\u00e9ben \u00c9lettani vaj\u00fad\u00e1s \u00e9s sz\u00fcl\u00e9s A gyermek\u00e1gy kih\u00edv\u00e1sai Kiegyens\u00falyozott t\u00e1pl\u00e1lkoz\u00e1s [&hellip;]","og_url":"https:\/\/treeofhope.ro\/hu\/iv-komplex-babavaro-csomag\/","og_site_name":"Tree of Hope","article_publisher":"https:\/\/www.facebook.com\/profile.php?id=100091503315415","article_modified_time":"2025-02-12T10:40:26+00:00","og_image":[{"width":1400,"height":754,"url":"https:\/\/treeofhope.ro\/wp-content\/uploads\/2023\/04\/bg-hometop.jpg","type":"image\/jpeg"}],"twitter_card":"summary_large_image","twitter_misc":{"Est. reading time":"1 perc"},"schema":{"@context":"https:\/\/schema.org","@graph":[{"@type":"WebPage","@id":"https:\/\/treeofhope.ro\/hu\/iv-komplex-babavaro-csomag\/","url":"https:\/\/treeofhope.ro\/hu\/iv-komplex-babavaro-csomag\/","name":"IV. Komplex Babav\u00e1r\u00f3 csomag - Tree of Hope","isPartOf":{"@id":"https:\/\/treeofhope.ro\/#website"},"datePublished":"2023-04-19T21:10:11+00:00","dateModified":"2025-02-12T10:40:26+00:00","breadcrumb":{"@id":"https:\/\/treeofhope.ro\/hu\/iv-komplex-babavaro-csomag\/#breadcrumb"},"inLanguage":"hu","potentialAction":[{"@type":"ReadAction","target":["https:\/\/treeofhope.ro\/hu\/iv-komplex-babavaro-csomag\/"]}]},{"@type":"BreadcrumbList","@id":"https:\/\/treeofhope.ro\/hu\/iv-komplex-babavaro-csomag\/#breadcrumb","itemListElement":[{"@type":"ListItem","position":1,"name":"Home","item":"https:\/\/treeofhope.ro\/hu\/"},{"@type":"ListItem","position":2,"name":"IV. Komplex Babav\u00e1r\u00f3 csomag"}]},{"@type":"WebSite","@id":"https:\/\/treeofhope.ro\/#website","url":"https:\/\/treeofhope.ro\/","name":"Tree of Hope","description":"Sz\u00fcl\u00e9sfelk\u00e9sz\u00edt\u0151k, csecsem\u0151gondoz\u00e1s, els\u0151seg\u00e9ly tanfolyam, terhestorna.","publisher":{"@id":"https:\/\/treeofhope.ro\/#organization"},"potentialAction":[{"@type":"SearchAction","target":{"@type":"EntryPoint","urlTemplate":"https:\/\/treeofhope.ro\/?s={search_term_string}"},"query-input":"required name=search_term_string"}],"inLanguage":"hu"},{"@type":"Organization","@id":"https:\/\/treeofhope.ro\/#organization","name":"Tree of Hope","url":"https:\/\/treeofhope.ro\/","logo":{"@type":"ImageObject","inLanguage":"hu","@id":"https:\/\/treeofhope.ro\/#\/schema\/logo\/image\/","url":"https:\/\/treeofhope.ro\/wp-content\/uploads\/2023\/04\/logo-treeofhope-150.png","contentUrl":"https:\/\/treeofhope.ro\/wp-content\/uploads\/2023\/04\/logo-treeofhope-150.png","width":150,"height":150,"caption":"Tree of Hope"},"image":{"@id":"https:\/\/treeofhope.ro\/#\/schema\/logo\/image\/"},"sameAs":["https:\/\/www.facebook.com\/profile.php?id=100091503315415"]}]}},"_links":{"self":[{"href":"https:\/\/treeofhope.ro\/hu\/wp-json\/wp\/v2\/pages\/275"}],"collection":[{"href":"https:\/\/treeofhope.ro\/hu\/wp-json\/wp\/v2\/pages"}],"about":[{"href":"https:\/\/treeofhope.ro\/hu\/wp-json\/wp\/v2\/types\/page"}],"author":[{"embeddable":true,"href":"https:\/\/treeofhope.ro\/hu\/wp-json\/wp\/v2\/users\/1"}],"replies":[{"embeddable":true,"href":"https:\/\/treeofhope.ro\/hu\/wp-json\/wp\/v2\/comments?post=275"}],"version-history":[{"count":30,"href":"https:\/\/treeofhope.ro\/hu\/wp-json\/wp\/v2\/pages\/275\/revisions"}],"predecessor-version":[{"id":2482,"href":"https:\/\/treeofhope.ro\/hu\/wp-json\/wp\/v2\/pages\/275\/revisions\/2482"}],"wp:attachment":[{"href":"https:\/\/treeofhope.ro\/hu\/wp-json\/wp\/v2\/media?parent=275"}],"curies":[{"name":"wp","href":"https:\/\/api.w.org\/{rel}","templated":true}]}}