{"id":3018,"date":"2025-07-23T10:47:02","date_gmt":"2025-07-23T08:47:02","guid":{"rendered":"https:\/\/treeofhope.ro\/?page_id=3018"},"modified":"2025-07-24T10:36:00","modified_gmt":"2025-07-24T08:36:00","slug":"viii-egyeni-konzultacio","status":"publish","type":"page","link":"https:\/\/treeofhope.ro\/hu\/viii-egyeni-konzultacio\/","title":{"rendered":"VIII. Egy\u00e9ni konzult\u00e1ci\u00f3"},"content":{"rendered":"\t\t<div data-elementor-type=\"wp-page\" data-elementor-id=\"3018\" class=\"elementor elementor-3018\">\n\t\t\t\t\t\t\t\t\t<section class=\"elementor-section elementor-top-section elementor-element elementor-element-074af91 elementor-section-boxed elementor-section-height-default elementor-section-height-default\" data-id=\"074af91\" data-element_type=\"section\">\n\t\t\t\t\t\t<div class=\"elementor-container elementor-column-gap-default\">\n\t\t\t\t\t<div class=\"aux-parallax-section elementor-column elementor-col-66 elementor-top-column elementor-element elementor-element-0b641d5\" data-id=\"0b641d5\" data-element_type=\"column\">\n\t\t\t<div class=\"elementor-widget-wrap elementor-element-populated\">\n\t\t\t\t\t\t\t\t<div class=\"elementor-element elementor-element-90d5790 elementor-widget__width-initial elementor-widget elementor-widget-text-editor\" data-id=\"90d5790\" data-element_type=\"widget\" data-widget_type=\"text-editor.default\">\n\t\t\t\t<div class=\"elementor-widget-container\">\n\t\t\t<style>\/*! elementor - v3.12.1 - 02-04-2023 *\/\n.elementor-widget-text-editor.elementor-drop-cap-view-stacked .elementor-drop-cap{background-color:#69727d;color:#fff}.elementor-widget-text-editor.elementor-drop-cap-view-framed .elementor-drop-cap{color:#69727d;border:3px solid;background-color:transparent}.elementor-widget-text-editor:not(.elementor-drop-cap-view-default) .elementor-drop-cap{margin-top:8px}.elementor-widget-text-editor:not(.elementor-drop-cap-view-default) .elementor-drop-cap-letter{width:1em;height:1em}.elementor-widget-text-editor .elementor-drop-cap{float:left;text-align:center;line-height:1;font-size:50px}.elementor-widget-text-editor .elementor-drop-cap-letter{display:inline-block}<\/style>\t\t\t\t<p>Kismamak\u00e9nt rengeteg k\u00e9rd\u00e9s mer\u00fclhet fel Benned, hiszen a v\u00e1rand\u00f3ss\u00e1g egyar\u00e1nt hoz fizikai \u00e9s \u00e9rzelmi v\u00e1ltoz\u00e1sokat. Pontosan ez\u00e9rt hoztuk l\u00e9tre \u00faj szolg\u00e1ltat\u00e1sunkat, az EGY\u00c9NI KONZULT\u00c1CI\u00d3T, melynek c\u00e9lja, hogy <b>a k\u00e9rd\u00e9seidb\u0151l v\u00e1laszok, az esetleges aggodalmaidb\u00f3l pedig magabiztoss\u00e1g sz\u00fclessen.<\/b><\/p><p>A konzult\u00e1ci\u00f3 t\u00e9m\u00e1j\u00e1t Te hat\u00e1rozod meg \u2013 nincsenek el\u0151re megszabott vagy k\u00f6telez\u0151 k\u00e9rd\u00e9sk\u00f6r\u00f6k. <b>Te d\u00f6nt\u00f6d el, mir\u0151l szeretn\u00e9l besz\u00e9lni<\/b>: a korh\u00e1zi csomagr\u00f3l, a sz\u00fcl\u00e9s folyamat\u00e1r\u00f3l, a gyermek\u00e1gyi id\u0151szakr\u00f3l, a szoptat\u00e1sr\u00f3l, a t\u00e1pl\u00e1lkoz\u00e1sr\u00f3l vagy b\u00e1rmi m\u00e1sr\u00f3l, ami \u00e9ppen foglalkoztat.<\/p><p>A besz\u00e9lget\u00e9st Zolyomi K\u00e1rmen R\u00e9ka \u2013 a Maros Megyei S\u00fcrg\u0151ss\u00e9gi K\u00f3rh\u00e1zban dolgoz\u00f3, szakk\u00e9pzett sz\u00fcl\u00e9szn\u0151, okleveles k\u00e9pz\u0151 vezeti.<\/p><ul><li>Konzult\u00e1ci\u00f3 id\u0151tartama 1,5 \u00f3ra (90 perc).<\/li><li>El\u00e9rhet\u0151 online vagy szem\u00e9lyesen.<\/li><li>Szem\u00e9lyes konzult\u00e1ci\u00f3 helysz\u00edne: Marosv\u00e1s\u00e1rhely &#8211; Holomed Klinika, Agricultorilor utca 30<\/li><\/ul><p>A tud\u00e1s magabiztoss\u00e1got ad, a magabiztoss\u00e1g pedig nyugalmat. Mi pedig seg\u00edt\u00fcnk Neked felk\u00e9sz\u00fclni, hogy a babav\u00e1r\u00e1s \u00e9s az azt k\u00f6vet\u0151 id\u0151szak a k\u00f6z\u00f6s csod\u00e1r\u00f3l, a harm\u00f3ni\u00e1r\u00f3l \u00e9s az \u00f6r\u00f6mr\u0151l sz\u00f3ljon, ne pedig a bizonytalans\u00e1gr\u00f3l.<\/p>\t\t\t\t\t\t<\/div>\n\t\t\t\t<\/div>\n\t\t\t\t\t<\/div>\n\t\t<\/div>\n\t\t\t\t<div class=\"aux-parallax-section elementor-column elementor-col-33 elementor-top-column elementor-element elementor-element-f81995a\" data-id=\"f81995a\" data-element_type=\"column\">\n\t\t\t<div class=\"elementor-widget-wrap elementor-element-populated\">\n\t\t\t\t\t\t\t\t<div class=\"elementor-element elementor-element-e718296 box-price smaller elementor-widget elementor-widget-text-editor\" data-id=\"e718296\" data-element_type=\"widget\" data-widget_type=\"text-editor.default\">\n\t\t\t\t<div class=\"elementor-widget-container\">\n\t\t\t\t\t\t\t<p><b><u>R\u00e9szv\u00e9teli d\u00edj:<\/u><\/b><\/p>\n<p>Online konzult\u00e1ci\u00f3: 190 RON<\/p>\n<p>Szem\u00e9lyes konzult\u00e1ci\u00f3: 250 RON<\/p>\t\t\t\t\t\t<\/div>\n\t\t\t\t<\/div>\n\t\t\t\t<div class=\"elementor-element elementor-element-daf5d01 elementor-align-center elementor-widget elementor-widget-button\" data-id=\"daf5d01\" data-element_type=\"widget\" data-widget_type=\"button.default\">\n\t\t\t\t<div class=\"elementor-widget-container\">\n\t\t\t\t\t<div class=\"elementor-button-wrapper\">\n\t\t\t<a href=\"https:\/\/treeofhope.ro\/hu\/jelentkezes-egyeni-konzultacio\/\" class=\"elementor-button-link elementor-button elementor-size-md\" role=\"button\">\n\t\t\t\t\t\t<span class=\"elementor-button-content-wrapper\">\n\t\t\t\t\t\t<span class=\"elementor-button-text\">Jelentkezem<\/span>\n\t\t<\/span>\n\t\t\t\t\t<\/a>\n\t\t<\/div>\n\t\t\t\t<\/div>\n\t\t\t\t<\/div>\n\t\t\t\t\t<\/div>\n\t\t<\/div>\n\t\t\t\t\t\t\t<\/div>\n\t\t<\/section>\n\t\t\t\t\t\t\t<\/div>\n\t\t","protected":false},"excerpt":{"rendered":"<p>Kismamak\u00e9nt rengeteg k\u00e9rd\u00e9s mer\u00fclhet fel Benned, hiszen a v\u00e1rand\u00f3ss\u00e1g egyar\u00e1nt hoz fizikai \u00e9s \u00e9rzelmi v\u00e1ltoz\u00e1sokat. Pontosan ez\u00e9rt hoztuk l\u00e9tre \u00faj szolg\u00e1ltat\u00e1sunkat, az EGY\u00c9NI KONZULT\u00c1CI\u00d3T, melynek c\u00e9lja, hogy a k\u00e9rd\u00e9seidb\u0151l v\u00e1laszok, az esetleges aggodalmaidb\u00f3l pedig magabiztoss\u00e1g sz\u00fclessen. A konzult\u00e1ci\u00f3 t\u00e9m\u00e1j\u00e1t Te hat\u00e1rozod meg \u2013 nincsenek el\u0151re megszabott vagy k\u00f6telez\u0151 k\u00e9rd\u00e9sk\u00f6r\u00f6k. Te d\u00f6nt\u00f6d el, mir\u0151l szeretn\u00e9l besz\u00e9lni: [&hellip;]<\/p>\n","protected":false},"author":2,"featured_media":0,"parent":0,"menu_order":0,"comment_status":"closed","ping_status":"closed","template":"","meta":[],"yoast_head":"<!-- This site is optimized with the Yoast SEO plugin v21.7 - https:\/\/yoast.com\/wordpress\/plugins\/seo\/ -->\n<title>VIII. Egy\u00e9ni konzult\u00e1ci\u00f3 - Tree of Hope<\/title>\n<meta name=\"robots\" content=\"index, follow, max-snippet:-1, max-image-preview:large, max-video-preview:-1\" \/>\n<link rel=\"canonical\" href=\"https:\/\/treeofhope.ro\/hu\/viii-egyeni-konzultacio\/\" \/>\n<meta property=\"og:locale\" content=\"hu_HU\" \/>\n<meta property=\"og:type\" content=\"article\" \/>\n<meta property=\"og:title\" content=\"VIII. Egy\u00e9ni konzult\u00e1ci\u00f3 - Tree of Hope\" \/>\n<meta property=\"og:description\" content=\"Kismamak\u00e9nt rengeteg k\u00e9rd\u00e9s mer\u00fclhet fel Benned, hiszen a v\u00e1rand\u00f3ss\u00e1g egyar\u00e1nt hoz fizikai \u00e9s \u00e9rzelmi v\u00e1ltoz\u00e1sokat. Pontosan ez\u00e9rt hoztuk l\u00e9tre \u00faj szolg\u00e1ltat\u00e1sunkat, az EGY\u00c9NI KONZULT\u00c1CI\u00d3T, melynek c\u00e9lja, hogy a k\u00e9rd\u00e9seidb\u0151l v\u00e1laszok, az esetleges aggodalmaidb\u00f3l pedig magabiztoss\u00e1g sz\u00fclessen. A konzult\u00e1ci\u00f3 t\u00e9m\u00e1j\u00e1t Te hat\u00e1rozod meg \u2013 nincsenek el\u0151re megszabott vagy k\u00f6telez\u0151 k\u00e9rd\u00e9sk\u00f6r\u00f6k. Te d\u00f6nt\u00f6d el, mir\u0151l szeretn\u00e9l besz\u00e9lni: [&hellip;]\" \/>\n<meta property=\"og:url\" content=\"https:\/\/treeofhope.ro\/hu\/viii-egyeni-konzultacio\/\" \/>\n<meta property=\"og:site_name\" content=\"Tree of Hope\" \/>\n<meta property=\"article:publisher\" content=\"https:\/\/www.facebook.com\/profile.php?id=100091503315415\" \/>\n<meta property=\"article:modified_time\" content=\"2025-07-24T08:36:00+00:00\" \/>\n<meta property=\"og:image\" content=\"https:\/\/treeofhope.ro\/wp-content\/uploads\/2023\/04\/bg-hometop.jpg\" \/>\n\t<meta property=\"og:image:width\" content=\"1400\" \/>\n\t<meta property=\"og:image:height\" content=\"754\" \/>\n\t<meta property=\"og:image:type\" content=\"image\/jpeg\" \/>\n<meta name=\"twitter:card\" content=\"summary_large_image\" \/>\n<meta name=\"twitter:label1\" content=\"Est. reading time\" \/>\n\t<meta name=\"twitter:data1\" content=\"1 perc\" \/>\n<script type=\"application\/ld+json\" class=\"yoast-schema-graph\">{\"@context\":\"https:\/\/schema.org\",\"@graph\":[{\"@type\":\"WebPage\",\"@id\":\"https:\/\/treeofhope.ro\/hu\/viii-egyeni-konzultacio\/\",\"url\":\"https:\/\/treeofhope.ro\/hu\/viii-egyeni-konzultacio\/\",\"name\":\"VIII. Egy\u00e9ni konzult\u00e1ci\u00f3 - Tree of Hope\",\"isPartOf\":{\"@id\":\"https:\/\/treeofhope.ro\/#website\"},\"datePublished\":\"2025-07-23T08:47:02+00:00\",\"dateModified\":\"2025-07-24T08:36:00+00:00\",\"breadcrumb\":{\"@id\":\"https:\/\/treeofhope.ro\/hu\/viii-egyeni-konzultacio\/#breadcrumb\"},\"inLanguage\":\"hu\",\"potentialAction\":[{\"@type\":\"ReadAction\",\"target\":[\"https:\/\/treeofhope.ro\/hu\/viii-egyeni-konzultacio\/\"]}]},{\"@type\":\"BreadcrumbList\",\"@id\":\"https:\/\/treeofhope.ro\/hu\/viii-egyeni-konzultacio\/#breadcrumb\",\"itemListElement\":[{\"@type\":\"ListItem\",\"position\":1,\"name\":\"Home\",\"item\":\"https:\/\/treeofhope.ro\/hu\/\"},{\"@type\":\"ListItem\",\"position\":2,\"name\":\"VIII. Egy\u00e9ni konzult\u00e1ci\u00f3\"}]},{\"@type\":\"WebSite\",\"@id\":\"https:\/\/treeofhope.ro\/#website\",\"url\":\"https:\/\/treeofhope.ro\/\",\"name\":\"Tree of Hope\",\"description\":\"Sz\u00fcl\u00e9sfelk\u00e9sz\u00edt\u0151k, csecsem\u0151gondoz\u00e1s, els\u0151seg\u00e9ly tanfolyam, terhestorna.\",\"publisher\":{\"@id\":\"https:\/\/treeofhope.ro\/#organization\"},\"potentialAction\":[{\"@type\":\"SearchAction\",\"target\":{\"@type\":\"EntryPoint\",\"urlTemplate\":\"https:\/\/treeofhope.ro\/?s={search_term_string}\"},\"query-input\":\"required name=search_term_string\"}],\"inLanguage\":\"hu\"},{\"@type\":\"Organization\",\"@id\":\"https:\/\/treeofhope.ro\/#organization\",\"name\":\"Tree of Hope\",\"url\":\"https:\/\/treeofhope.ro\/\",\"logo\":{\"@type\":\"ImageObject\",\"inLanguage\":\"hu\",\"@id\":\"https:\/\/treeofhope.ro\/#\/schema\/logo\/image\/\",\"url\":\"https:\/\/treeofhope.ro\/wp-content\/uploads\/2023\/04\/logo-treeofhope-150.png\",\"contentUrl\":\"https:\/\/treeofhope.ro\/wp-content\/uploads\/2023\/04\/logo-treeofhope-150.png\",\"width\":150,\"height\":150,\"caption\":\"Tree of Hope\"},\"image\":{\"@id\":\"https:\/\/treeofhope.ro\/#\/schema\/logo\/image\/\"},\"sameAs\":[\"https:\/\/www.facebook.com\/profile.php?id=100091503315415\"]}]}<\/script>\n<!-- \/ Yoast SEO plugin. -->","yoast_head_json":{"title":"VIII. Egy\u00e9ni konzult\u00e1ci\u00f3 - Tree of Hope","robots":{"index":"index","follow":"follow","max-snippet":"max-snippet:-1","max-image-preview":"max-image-preview:large","max-video-preview":"max-video-preview:-1"},"canonical":"https:\/\/treeofhope.ro\/hu\/viii-egyeni-konzultacio\/","og_locale":"hu_HU","og_type":"article","og_title":"VIII. Egy\u00e9ni konzult\u00e1ci\u00f3 - Tree of Hope","og_description":"Kismamak\u00e9nt rengeteg k\u00e9rd\u00e9s mer\u00fclhet fel Benned, hiszen a v\u00e1rand\u00f3ss\u00e1g egyar\u00e1nt hoz fizikai \u00e9s \u00e9rzelmi v\u00e1ltoz\u00e1sokat. Pontosan ez\u00e9rt hoztuk l\u00e9tre \u00faj szolg\u00e1ltat\u00e1sunkat, az EGY\u00c9NI KONZULT\u00c1CI\u00d3T, melynek c\u00e9lja, hogy a k\u00e9rd\u00e9seidb\u0151l v\u00e1laszok, az esetleges aggodalmaidb\u00f3l pedig magabiztoss\u00e1g sz\u00fclessen. A konzult\u00e1ci\u00f3 t\u00e9m\u00e1j\u00e1t Te hat\u00e1rozod meg \u2013 nincsenek el\u0151re megszabott vagy k\u00f6telez\u0151 k\u00e9rd\u00e9sk\u00f6r\u00f6k. Te d\u00f6nt\u00f6d el, mir\u0151l szeretn\u00e9l besz\u00e9lni: [&hellip;]","og_url":"https:\/\/treeofhope.ro\/hu\/viii-egyeni-konzultacio\/","og_site_name":"Tree of Hope","article_publisher":"https:\/\/www.facebook.com\/profile.php?id=100091503315415","article_modified_time":"2025-07-24T08:36:00+00:00","og_image":[{"width":1400,"height":754,"url":"https:\/\/treeofhope.ro\/wp-content\/uploads\/2023\/04\/bg-hometop.jpg","type":"image\/jpeg"}],"twitter_card":"summary_large_image","twitter_misc":{"Est. reading time":"1 perc"},"schema":{"@context":"https:\/\/schema.org","@graph":[{"@type":"WebPage","@id":"https:\/\/treeofhope.ro\/hu\/viii-egyeni-konzultacio\/","url":"https:\/\/treeofhope.ro\/hu\/viii-egyeni-konzultacio\/","name":"VIII. Egy\u00e9ni konzult\u00e1ci\u00f3 - Tree of Hope","isPartOf":{"@id":"https:\/\/treeofhope.ro\/#website"},"datePublished":"2025-07-23T08:47:02+00:00","dateModified":"2025-07-24T08:36:00+00:00","breadcrumb":{"@id":"https:\/\/treeofhope.ro\/hu\/viii-egyeni-konzultacio\/#breadcrumb"},"inLanguage":"hu","potentialAction":[{"@type":"ReadAction","target":["https:\/\/treeofhope.ro\/hu\/viii-egyeni-konzultacio\/"]}]},{"@type":"BreadcrumbList","@id":"https:\/\/treeofhope.ro\/hu\/viii-egyeni-konzultacio\/#breadcrumb","itemListElement":[{"@type":"ListItem","position":1,"name":"Home","item":"https:\/\/treeofhope.ro\/hu\/"},{"@type":"ListItem","position":2,"name":"VIII. Egy\u00e9ni konzult\u00e1ci\u00f3"}]},{"@type":"WebSite","@id":"https:\/\/treeofhope.ro\/#website","url":"https:\/\/treeofhope.ro\/","name":"Tree of Hope","description":"Sz\u00fcl\u00e9sfelk\u00e9sz\u00edt\u0151k, csecsem\u0151gondoz\u00e1s, els\u0151seg\u00e9ly tanfolyam, terhestorna.","publisher":{"@id":"https:\/\/treeofhope.ro\/#organization"},"potentialAction":[{"@type":"SearchAction","target":{"@type":"EntryPoint","urlTemplate":"https:\/\/treeofhope.ro\/?s={search_term_string}"},"query-input":"required name=search_term_string"}],"inLanguage":"hu"},{"@type":"Organization","@id":"https:\/\/treeofhope.ro\/#organization","name":"Tree of Hope","url":"https:\/\/treeofhope.ro\/","logo":{"@type":"ImageObject","inLanguage":"hu","@id":"https:\/\/treeofhope.ro\/#\/schema\/logo\/image\/","url":"https:\/\/treeofhope.ro\/wp-content\/uploads\/2023\/04\/logo-treeofhope-150.png","contentUrl":"https:\/\/treeofhope.ro\/wp-content\/uploads\/2023\/04\/logo-treeofhope-150.png","width":150,"height":150,"caption":"Tree of Hope"},"image":{"@id":"https:\/\/treeofhope.ro\/#\/schema\/logo\/image\/"},"sameAs":["https:\/\/www.facebook.com\/profile.php?id=100091503315415"]}]}},"_links":{"self":[{"href":"https:\/\/treeofhope.ro\/hu\/wp-json\/wp\/v2\/pages\/3018"}],"collection":[{"href":"https:\/\/treeofhope.ro\/hu\/wp-json\/wp\/v2\/pages"}],"about":[{"href":"https:\/\/treeofhope.ro\/hu\/wp-json\/wp\/v2\/types\/page"}],"author":[{"embeddable":true,"href":"https:\/\/treeofhope.ro\/hu\/wp-json\/wp\/v2\/users\/2"}],"replies":[{"embeddable":true,"href":"https:\/\/treeofhope.ro\/hu\/wp-json\/wp\/v2\/comments?post=3018"}],"version-history":[{"count":8,"href":"https:\/\/treeofhope.ro\/hu\/wp-json\/wp\/v2\/pages\/3018\/revisions"}],"predecessor-version":[{"id":3069,"href":"https:\/\/treeofhope.ro\/hu\/wp-json\/wp\/v2\/pages\/3018\/revisions\/3069"}],"wp:attachment":[{"href":"https:\/\/treeofhope.ro\/hu\/wp-json\/wp\/v2\/media?parent=3018"}],"curies":[{"name":"wp","href":"https:\/\/api.w.org\/{rel}","templated":true}]}}