{"id":315,"date":"2023-04-21T12:04:17","date_gmt":"2023-04-21T10:04:17","guid":{"rendered":"https:\/\/treeofhope.ro\/?page_id=315"},"modified":"2025-07-14T11:54:52","modified_gmt":"2025-07-14T09:54:52","slug":"jelentkezes","status":"publish","type":"page","link":"https:\/\/treeofhope.ro\/hu\/jelentkezes\/","title":{"rendered":"Jelentkez\u00e9s"},"content":{"rendered":"\t\t<div data-elementor-type=\"wp-page\" data-elementor-id=\"315\" class=\"elementor elementor-315\">\n\t\t\t\t\t\t\t\t\t<section class=\"elementor-section elementor-top-section elementor-element elementor-element-cbdb82b elementor-section-boxed elementor-section-height-default elementor-section-height-default\" data-id=\"cbdb82b\" data-element_type=\"section\">\n\t\t\t\t\t\t<div class=\"elementor-container elementor-column-gap-default\">\n\t\t\t\t\t<div class=\"aux-parallax-section elementor-column elementor-col-100 elementor-top-column elementor-element elementor-element-2f59f80\" data-id=\"2f59f80\" data-element_type=\"column\">\n\t\t\t<div class=\"elementor-widget-wrap elementor-element-populated\">\n\t\t\t\t\t\t\t\t<div class=\"elementor-element elementor-element-e8c717f elementor-widget__width-initial elementor-widget elementor-widget-text-editor\" data-id=\"e8c717f\" data-element_type=\"widget\" data-widget_type=\"text-editor.default\">\n\t\t\t\t<div class=\"elementor-widget-container\">\n\t\t\t<style>\/*! elementor - v3.12.1 - 02-04-2023 *\/\n.elementor-widget-text-editor.elementor-drop-cap-view-stacked .elementor-drop-cap{background-color:#69727d;color:#fff}.elementor-widget-text-editor.elementor-drop-cap-view-framed .elementor-drop-cap{color:#69727d;border:3px solid;background-color:transparent}.elementor-widget-text-editor:not(.elementor-drop-cap-view-default) .elementor-drop-cap{margin-top:8px}.elementor-widget-text-editor:not(.elementor-drop-cap-view-default) .elementor-drop-cap-letter{width:1em;height:1em}.elementor-widget-text-editor .elementor-drop-cap{float:left;text-align:center;line-height:1;font-size:50px}.elementor-widget-text-editor .elementor-drop-cap-letter{display:inline-block}<\/style>\t\t\t\t<p>\n<div class=\"wpcf7 no-js\" id=\"wpcf7-f295-o1\" lang=\"hu-HU\" dir=\"ltr\">\n<div class=\"screen-reader-response\"><p role=\"status\" aria-live=\"polite\" aria-atomic=\"true\"><\/p> <ul><\/ul><\/div>\n<form action=\"\/hu\/wp-json\/wp\/v2\/pages\/315#wpcf7-f295-o1\" method=\"post\" class=\"wpcf7-form init\" aria-label=\"Kapcsolatfelv\u00e9teli \u0171rlap\" novalidate=\"novalidate\" data-status=\"init\">\n<div style=\"display: none;\">\n<input type=\"hidden\" name=\"_wpcf7\" value=\"295\" \/>\n<input type=\"hidden\" name=\"_wpcf7_version\" value=\"5.7.5.1\" \/>\n<input type=\"hidden\" name=\"_wpcf7_locale\" value=\"hu_HU\" \/>\n<input type=\"hidden\" name=\"_wpcf7_unit_tag\" value=\"wpcf7-f295-o1\" \/>\n<input type=\"hidden\" name=\"_wpcf7_container_post\" value=\"0\" \/>\n<input type=\"hidden\" name=\"_wpcf7_posted_data_hash\" value=\"\" \/>\n<\/div>\n<div id=\"packageForm\">\n\t<p><label> N\u00e9v<br \/>\n<span class=\"wpcf7-form-control-wrap\" data-name=\"your-name\"><input size=\"40\" class=\"wpcf7-form-control wpcf7-text wpcf7-validates-as-required\" autocomplete=\"name\" aria-required=\"true\" aria-invalid=\"false\" value=\"\" type=\"text\" name=\"your-name\" \/><\/span> <\/label>\n\t<\/p>\n\t<p><label> E-mail c\u00edm<br \/>\n<span class=\"wpcf7-form-control-wrap\" data-name=\"your-email\"><input size=\"40\" class=\"wpcf7-form-control wpcf7-text wpcf7-email wpcf7-validates-as-required wpcf7-validates-as-email\" autocomplete=\"email\" aria-required=\"true\" aria-invalid=\"false\" value=\"\" type=\"email\" name=\"your-email\" \/><\/span> <\/label>\n\t<\/p>\n\t<p><label> Telefonsz\u00e1m<br \/>\n<span class=\"wpcf7-form-control-wrap\" data-name=\"your-phone\"><input size=\"40\" class=\"wpcf7-form-control wpcf7-text wpcf7-validates-as-required\" autocomplete=\"telephone\" aria-required=\"true\" aria-invalid=\"false\" value=\"\" type=\"text\" name=\"your-phone\" \/><\/span> <\/label>\n\t<\/p>\n\t<p><label> Csomag<br \/>\n<span class=\"wpcf7-form-control-wrap\" data-name=\"package\"><select class=\"wpcf7-form-control wpcf7-select wpcf7-validates-as-required\" aria-required=\"true\" aria-invalid=\"false\" name=\"package\"><option value=\"K\u00e9rlek v\u00e1lassz csomagot ...\">K\u00e9rlek v\u00e1lassz csomagot &#8230;<\/option><option value=\"I. BAB\u00c1RA HANGOL\u00d3 PROGRAM:\">I. BAB\u00c1RA HANGOL\u00d3 PROGRAM:<\/option><option value=\"6 alkalmas felk\u00e9sz\u00edt\u0151 - 750 RON egy\u00e9niben\/p\u00e1rban\">6 alkalmas felk\u00e9sz\u00edt\u0151 &#8211; 750 RON egy\u00e9niben\/p\u00e1rban<\/option><option value=\"k\u00fcl\u00f6n el\u0151ad\u00e1s - 150 RON\/alkalom\">k\u00fcl\u00f6n el\u0151ad\u00e1s &#8211; 150 RON\/alkalom<\/option><option value=\"II. HAZAV\u00c1R\u00d3 PROGRAM:\">II. HAZAV\u00c1R\u00d3 PROGRAM:<\/option><option value=\"csecsem\u0151gondoz\u00e1si alapismeretek - 150 RON egy\u00e9niben\/p\u00e1rban\">csecsem\u0151gondoz\u00e1si alapismeretek &#8211; 150 RON egy\u00e9niben\/p\u00e1rban<\/option><option value=\"III. HAZAV\u00c1R\u00d3 PLUSZ CSOMAG:\">III. HAZAV\u00c1R\u00d3 PLUSZ CSOMAG:<\/option><option value=\"csecsem\u0151gondoz\u00e1si alapismeretek + hazal\u00e1togat\u00e1s - 450 RON\">csecsem\u0151gondoz\u00e1si alapismeretek + hazal\u00e1togat\u00e1s &#8211; 450 RON<\/option><option value=\"IV. KOMPLEX BABAV\u00c1R\u00d3 CSOMAG:\">IV. KOMPLEX BABAV\u00c1R\u00d3 CSOMAG:<\/option><option value=\"6 hetes felk\u00e9sz\u00edt\u0151 + hazal\u00e1togat\u00e1s - 1000 RON\">6 hetes felk\u00e9sz\u00edt\u0151 + hazal\u00e1togat\u00e1s &#8211; 1000 RON<\/option><option value=\"V. CSECSEM\u0150- \u00c9S GYERMEK ELS\u0150SEG\u00c9LY TANFOLYAM:\">V. CSECSEM\u0150- \u00c9S GYERMEK ELS\u0150SEG\u00c9LY TANFOLYAM:<\/option><option value=\"egy szem\u00e9ly - 250 RON\">egy szem\u00e9ly &#8211; 250 RON<\/option><option value=\"k\u00e9t szem\u00e9ly - 400 RON\">k\u00e9t szem\u00e9ly &#8211; 400 RON<\/option><option value=\"h\u00e1rom szem\u00e9ly - 550 RON\">h\u00e1rom szem\u00e9ly &#8211; 550 RON<\/option><option value=\"VI. KISMAMA- \u00c9S BABA &amp; MAMA TORNA:\">VI. KISMAMA- \u00c9S BABA &amp; MAMA TORNA:<\/option><option value=\"kismama torna alkalmi \u00e1r - 60 RON\">kismama torna alkalmi \u00e1r &#8211; 60 RON<\/option><option value=\"kismama torna n\u00e9gy alkalmas b\u00e9rlet - 200 RON\">kismama torna n\u00e9gy alkalmas b\u00e9rlet &#8211; 200 RON<\/option><option value=\"kismama torna nyolc alkalmas b\u00e9rlet - 320 RON\">kismama torna nyolc alkalmas b\u00e9rlet &#8211; 320 RON<\/option><option value=\"baba &amp; mama torna alkalmi \u00e1r - 45 RON\">baba &amp; mama torna alkalmi \u00e1r &#8211; 45 RON<\/option><option value=\"VII. BABAHORDOZ\u00d3 KALAUZ WORKSHOP - 150 RON egy\u00e9niben\/p\u00e1rban\">VII. BABAHORDOZ\u00d3 KALAUZ WORKSHOP &#8211; 150 RON egy\u00e9niben\/p\u00e1rban<\/option><option value=\"EGY\u00c9B ESEM\u00c9NYEK:\">EGY\u00c9B ESEM\u00c9NYEK:<\/option><option value=\"Sz\u00fcl\u00e9sfelk\u00e9sz\u00edt\u0151 &amp; \u00dajsz\u00fcl\u00f6tt gondoz\u00e1s maraton - 550 RON egy\u00e9niben\/p\u00e1rban\">Sz\u00fcl\u00e9sfelk\u00e9sz\u00edt\u0151 &amp; \u00dajsz\u00fcl\u00f6tt gondoz\u00e1s maraton &#8211; 550 RON egy\u00e9niben\/p\u00e1rban<\/option><option value=\"Anyatejes t\u00e1pl\u00e1l\u00e1s &amp; \u00dajsz\u00fcl\u00f6tt gondoz\u00e1s maraton - 350 RON egy\u00e9niben\/p\u00e1rban\">Anyatejes t\u00e1pl\u00e1l\u00e1s &amp; \u00dajsz\u00fcl\u00f6tt gondoz\u00e1s maraton &#8211; 350 RON egy\u00e9niben\/p\u00e1rban<\/option><\/select><\/span> <\/label>\n\t<\/p>\n\t<p><label> Megjegyz\u00e9s<br \/>\n<span class=\"wpcf7-form-control-wrap\" data-name=\"your-message\"><textarea cols=\"40\" rows=\"10\" class=\"wpcf7-form-control wpcf7-textarea wpcf7-validates-as-required\" aria-required=\"true\" aria-invalid=\"false\" name=\"your-message\"><\/textarea><\/span> <\/label>\n\t<\/p>\n\t<p><span class=\"wpcf7-form-control-wrap\" data-name=\"acceptance-684\"><span class=\"wpcf7-form-control wpcf7-acceptance\"><span class=\"wpcf7-list-item\"><label><input type=\"checkbox\" name=\"acceptance-684\" value=\"1\" aria-invalid=\"false\" \/><span class=\"wpcf7-list-item-label\">Ezen \u0171rlap kit\u00f6lt\u00e9s\u00e9vel \u00e9s elk\u00fcld\u00e9s\u00e9vel hozz\u00e1j\u00e1rul az adatainak az oldalon val\u00f3 kezel\u00e9s\u00e9hez \u00e9s t\u00e1rol\u00e1s\u00e1hoz a v\u00e1lasz \u00e9rdek\u00e9ben<\/span><\/label><\/span><\/span><\/span>\n\t<\/p>\n\t<p><input class=\"wpcf7-form-control has-spinner wpcf7-submit\" type=\"submit\" value=\"Jelentkezem\" \/>\n\t<\/p>\n<\/div><div class=\"wpcf7-response-output\" aria-hidden=\"true\"><\/div>\n<\/form>\n<\/div>\n<\/p>\t\t\t\t\t\t<\/div>\n\t\t\t\t<\/div>\n\t\t\t\t\t<\/div>\n\t\t<\/div>\n\t\t\t\t\t\t\t<\/div>\n\t\t<\/section>\n\t\t\t\t\t\t\t<\/div>\n\t\t","protected":false},"excerpt":{"rendered":"","protected":false},"author":1,"featured_media":0,"parent":0,"menu_order":0,"comment_status":"closed","ping_status":"closed","template":"","meta":[],"yoast_head":"<!-- This site is optimized with the Yoast SEO plugin v21.7 - https:\/\/yoast.com\/wordpress\/plugins\/seo\/ -->\n<title>Jelentkez\u00e9s - Tree of Hope<\/title>\n<meta name=\"robots\" content=\"index, follow, max-snippet:-1, max-image-preview:large, max-video-preview:-1\" \/>\n<link rel=\"canonical\" href=\"https:\/\/treeofhope.ro\/hu\/jelentkezes\/\" \/>\n<meta property=\"og:locale\" content=\"hu_HU\" \/>\n<meta property=\"og:type\" content=\"article\" \/>\n<meta property=\"og:title\" content=\"Jelentkez\u00e9s - Tree of Hope\" \/>\n<meta property=\"og:url\" content=\"https:\/\/treeofhope.ro\/hu\/jelentkezes\/\" \/>\n<meta property=\"og:site_name\" content=\"Tree of Hope\" \/>\n<meta property=\"article:publisher\" content=\"https:\/\/www.facebook.com\/profile.php?id=100091503315415\" \/>\n<meta property=\"article:modified_time\" content=\"2025-07-14T09:54:52+00:00\" \/>\n<meta property=\"og:image\" content=\"https:\/\/treeofhope.ro\/wp-content\/uploads\/2023\/04\/bg-hometop.jpg\" \/>\n\t<meta property=\"og:image:width\" content=\"1400\" \/>\n\t<meta property=\"og:image:height\" content=\"754\" \/>\n\t<meta property=\"og:image:type\" content=\"image\/jpeg\" \/>\n<meta name=\"twitter:card\" content=\"summary_large_image\" \/>\n<meta name=\"twitter:label1\" content=\"Est. reading time\" \/>\n\t<meta name=\"twitter:data1\" content=\"1 perc\" \/>\n<script type=\"application\/ld+json\" class=\"yoast-schema-graph\">{\"@context\":\"https:\/\/schema.org\",\"@graph\":[{\"@type\":\"WebPage\",\"@id\":\"https:\/\/treeofhope.ro\/hu\/jelentkezes\/\",\"url\":\"https:\/\/treeofhope.ro\/hu\/jelentkezes\/\",\"name\":\"Jelentkez\u00e9s - Tree of Hope\",\"isPartOf\":{\"@id\":\"https:\/\/treeofhope.ro\/#website\"},\"datePublished\":\"2023-04-21T10:04:17+00:00\",\"dateModified\":\"2025-07-14T09:54:52+00:00\",\"breadcrumb\":{\"@id\":\"https:\/\/treeofhope.ro\/hu\/jelentkezes\/#breadcrumb\"},\"inLanguage\":\"hu\",\"potentialAction\":[{\"@type\":\"ReadAction\",\"target\":[\"https:\/\/treeofhope.ro\/hu\/jelentkezes\/\"]}]},{\"@type\":\"BreadcrumbList\",\"@id\":\"https:\/\/treeofhope.ro\/hu\/jelentkezes\/#breadcrumb\",\"itemListElement\":[{\"@type\":\"ListItem\",\"position\":1,\"name\":\"Home\",\"item\":\"https:\/\/treeofhope.ro\/hu\/\"},{\"@type\":\"ListItem\",\"position\":2,\"name\":\"Jelentkez\u00e9s\"}]},{\"@type\":\"WebSite\",\"@id\":\"https:\/\/treeofhope.ro\/#website\",\"url\":\"https:\/\/treeofhope.ro\/\",\"name\":\"Tree of Hope\",\"description\":\"Sz\u00fcl\u00e9sfelk\u00e9sz\u00edt\u0151k, csecsem\u0151gondoz\u00e1s, els\u0151seg\u00e9ly tanfolyam, terhestorna.\",\"publisher\":{\"@id\":\"https:\/\/treeofhope.ro\/#organization\"},\"potentialAction\":[{\"@type\":\"SearchAction\",\"target\":{\"@type\":\"EntryPoint\",\"urlTemplate\":\"https:\/\/treeofhope.ro\/?s={search_term_string}\"},\"query-input\":\"required name=search_term_string\"}],\"inLanguage\":\"hu\"},{\"@type\":\"Organization\",\"@id\":\"https:\/\/treeofhope.ro\/#organization\",\"name\":\"Tree of Hope\",\"url\":\"https:\/\/treeofhope.ro\/\",\"logo\":{\"@type\":\"ImageObject\",\"inLanguage\":\"hu\",\"@id\":\"https:\/\/treeofhope.ro\/#\/schema\/logo\/image\/\",\"url\":\"https:\/\/treeofhope.ro\/wp-content\/uploads\/2023\/04\/logo-treeofhope-150.png\",\"contentUrl\":\"https:\/\/treeofhope.ro\/wp-content\/uploads\/2023\/04\/logo-treeofhope-150.png\",\"width\":150,\"height\":150,\"caption\":\"Tree of Hope\"},\"image\":{\"@id\":\"https:\/\/treeofhope.ro\/#\/schema\/logo\/image\/\"},\"sameAs\":[\"https:\/\/www.facebook.com\/profile.php?id=100091503315415\"]}]}<\/script>\n<!-- \/ Yoast SEO plugin. -->","yoast_head_json":{"title":"Jelentkez\u00e9s - Tree of Hope","robots":{"index":"index","follow":"follow","max-snippet":"max-snippet:-1","max-image-preview":"max-image-preview:large","max-video-preview":"max-video-preview:-1"},"canonical":"https:\/\/treeofhope.ro\/hu\/jelentkezes\/","og_locale":"hu_HU","og_type":"article","og_title":"Jelentkez\u00e9s - Tree of Hope","og_url":"https:\/\/treeofhope.ro\/hu\/jelentkezes\/","og_site_name":"Tree of Hope","article_publisher":"https:\/\/www.facebook.com\/profile.php?id=100091503315415","article_modified_time":"2025-07-14T09:54:52+00:00","og_image":[{"width":1400,"height":754,"url":"https:\/\/treeofhope.ro\/wp-content\/uploads\/2023\/04\/bg-hometop.jpg","type":"image\/jpeg"}],"twitter_card":"summary_large_image","twitter_misc":{"Est. reading time":"1 perc"},"schema":{"@context":"https:\/\/schema.org","@graph":[{"@type":"WebPage","@id":"https:\/\/treeofhope.ro\/hu\/jelentkezes\/","url":"https:\/\/treeofhope.ro\/hu\/jelentkezes\/","name":"Jelentkez\u00e9s - Tree of Hope","isPartOf":{"@id":"https:\/\/treeofhope.ro\/#website"},"datePublished":"2023-04-21T10:04:17+00:00","dateModified":"2025-07-14T09:54:52+00:00","breadcrumb":{"@id":"https:\/\/treeofhope.ro\/hu\/jelentkezes\/#breadcrumb"},"inLanguage":"hu","potentialAction":[{"@type":"ReadAction","target":["https:\/\/treeofhope.ro\/hu\/jelentkezes\/"]}]},{"@type":"BreadcrumbList","@id":"https:\/\/treeofhope.ro\/hu\/jelentkezes\/#breadcrumb","itemListElement":[{"@type":"ListItem","position":1,"name":"Home","item":"https:\/\/treeofhope.ro\/hu\/"},{"@type":"ListItem","position":2,"name":"Jelentkez\u00e9s"}]},{"@type":"WebSite","@id":"https:\/\/treeofhope.ro\/#website","url":"https:\/\/treeofhope.ro\/","name":"Tree of Hope","description":"Sz\u00fcl\u00e9sfelk\u00e9sz\u00edt\u0151k, csecsem\u0151gondoz\u00e1s, els\u0151seg\u00e9ly tanfolyam, terhestorna.","publisher":{"@id":"https:\/\/treeofhope.ro\/#organization"},"potentialAction":[{"@type":"SearchAction","target":{"@type":"EntryPoint","urlTemplate":"https:\/\/treeofhope.ro\/?s={search_term_string}"},"query-input":"required name=search_term_string"}],"inLanguage":"hu"},{"@type":"Organization","@id":"https:\/\/treeofhope.ro\/#organization","name":"Tree of Hope","url":"https:\/\/treeofhope.ro\/","logo":{"@type":"ImageObject","inLanguage":"hu","@id":"https:\/\/treeofhope.ro\/#\/schema\/logo\/image\/","url":"https:\/\/treeofhope.ro\/wp-content\/uploads\/2023\/04\/logo-treeofhope-150.png","contentUrl":"https:\/\/treeofhope.ro\/wp-content\/uploads\/2023\/04\/logo-treeofhope-150.png","width":150,"height":150,"caption":"Tree of Hope"},"image":{"@id":"https:\/\/treeofhope.ro\/#\/schema\/logo\/image\/"},"sameAs":["https:\/\/www.facebook.com\/profile.php?id=100091503315415"]}]}},"_links":{"self":[{"href":"https:\/\/treeofhope.ro\/hu\/wp-json\/wp\/v2\/pages\/315"}],"collection":[{"href":"https:\/\/treeofhope.ro\/hu\/wp-json\/wp\/v2\/pages"}],"about":[{"href":"https:\/\/treeofhope.ro\/hu\/wp-json\/wp\/v2\/types\/page"}],"author":[{"embeddable":true,"href":"https:\/\/treeofhope.ro\/hu\/wp-json\/wp\/v2\/users\/1"}],"replies":[{"embeddable":true,"href":"https:\/\/treeofhope.ro\/hu\/wp-json\/wp\/v2\/comments?post=315"}],"version-history":[{"count":67,"href":"https:\/\/treeofhope.ro\/hu\/wp-json\/wp\/v2\/pages\/315\/revisions"}],"predecessor-version":[{"id":2989,"href":"https:\/\/treeofhope.ro\/hu\/wp-json\/wp\/v2\/pages\/315\/revisions\/2989"}],"wp:attachment":[{"href":"https:\/\/treeofhope.ro\/hu\/wp-json\/wp\/v2\/media?parent=315"}],"curies":[{"name":"wp","href":"https:\/\/api.w.org\/{rel}","templated":true}]}}