{"id":561,"date":"2023-06-21T14:11:17","date_gmt":"2023-06-21T12:11:17","guid":{"rendered":"https:\/\/treeofhope.ro\/?page_id=561"},"modified":"2023-12-20T15:30:09","modified_gmt":"2023-12-20T14:30:09","slug":"gyakori-kerdesek","status":"publish","type":"page","link":"https:\/\/treeofhope.ro\/hu\/gyakori-kerdesek\/","title":{"rendered":"Gyakori k\u00e9rd\u00e9sek"},"content":{"rendered":"\t\t<div data-elementor-type=\"wp-page\" data-elementor-id=\"561\" class=\"elementor elementor-561\">\n\t\t\t\t\t\t\t\t\t<section class=\"elementor-section elementor-top-section elementor-element elementor-element-c1c2d9a elementor-section-boxed elementor-section-height-default elementor-section-height-default\" data-id=\"c1c2d9a\" data-element_type=\"section\">\n\t\t\t\t\t\t<div class=\"elementor-container elementor-column-gap-default\">\n\t\t\t\t\t<div class=\"aux-parallax-section elementor-column elementor-col-100 elementor-top-column elementor-element elementor-element-109f350\" data-id=\"109f350\" data-element_type=\"column\">\n\t\t\t<div class=\"elementor-widget-wrap elementor-element-populated\">\n\t\t\t\t\t\t\t\t<div class=\"elementor-element elementor-element-11f88bd elementor-widget elementor-widget-text-editor\" data-id=\"11f88bd\" data-element_type=\"widget\" id=\"faq-list\" data-widget_type=\"text-editor.default\">\n\t\t\t\t<div class=\"elementor-widget-container\">\n\t\t\t<style>\/*! elementor - v3.12.1 - 02-04-2023 *\/\n.elementor-widget-text-editor.elementor-drop-cap-view-stacked .elementor-drop-cap{background-color:#69727d;color:#fff}.elementor-widget-text-editor.elementor-drop-cap-view-framed .elementor-drop-cap{color:#69727d;border:3px solid;background-color:transparent}.elementor-widget-text-editor:not(.elementor-drop-cap-view-default) .elementor-drop-cap{margin-top:8px}.elementor-widget-text-editor:not(.elementor-drop-cap-view-default) .elementor-drop-cap-letter{width:1em;height:1em}.elementor-widget-text-editor .elementor-drop-cap{float:left;text-align:center;line-height:1;font-size:50px}.elementor-widget-text-editor .elementor-drop-cap-letter{display:inline-block}<\/style>\t\t\t\t<ol><li><strong>Hogyan tudok jelentkezni?<\/strong><br \/>A men\u00fcpontban a \u201eJelentkezem!\u201d gombra kattintva.<\/li><li><strong>Milyen nyelven zajlanak a felk\u00e9sz\u00edt\u0151k?<\/strong><br \/>Magyar nyelven.<\/li><li><strong>Hol zajlanak a felk\u00e9sz\u00edt\u0151k?<\/strong><br \/>Marosv\u00e1s\u00e1rhelyen, a Holomed Klinika sz\u00e9khely\u00e9n &#8211; Agricultorilor utca 30 B<\/li><li><b>A felk\u00e9sz\u00edt\u0151k csoportosak vagy egy\u00e9niek?<\/b><br \/>A felk\u00e9sz\u00edt\u0151k csoportos tev\u00e9kenys\u00e9gek form\u00e1j\u00e1ban el\u00e9rhet\u0151ek kedvezm\u00e9nyes \u00e1ron, de egy\u00e9ni felk\u00e9sz\u00edt\u0151re is van lehet\u0151s\u00e9g.<\/li><li><b>Szakk\u00e9pzett el\u0151ad\u00f3k tartj\u00e1k a felk\u00e9sz\u00edt\u0151ket?<\/b><br \/>Igen. Zolyomi K\u00e1rmen R\u00e9ka &#8211; Msc, szakk\u00e9pzett sz\u00fcl\u00e9szn\u0151, okleveles k\u00e9pz\u0151 \u00e9s Don\u00e1th Em\u0151ke &#8211; szakk\u00e9pzett sz\u00fcl\u00e9szn\u0151.<\/li><li><b>Ap\u00e1k r\u00e9szv\u00e9tele eset\u00e9n, j\u00e1r sz\u00e1mukra k\u00fcl\u00f6n bizony\u00edtv\u00e1ny?<\/b><br \/>Igen, ap\u00e1k r\u00e9szv\u00e9tele eset\u00e9n j\u00e1r a csecsem\u0151gondoz\u00e1si bizony\u00edtv\u00e1ny, amely biztos\u00edt sz\u00e1mukra +10 nap fizetett szabads\u00e1got. Ehhez elegend\u0151 csak a csecsem\u0151gondoz\u00e1si alapismereteket szolg\u00e1ltat\u00f3 el\u0151ad\u00e1son r\u00e9szt venni\u00fck. Ez benne van a 6 hetes felk\u00e9sz\u00edt\u0151 sorozatban (utols\u00f3 alkalom), az egynapos \u201emaraton\u201d-ban, de lehet v\u00e1lasztani egy\u00e9ni alkalomk\u00e9nt is.<\/li><li><b>Ap\u00e1k r\u00e9szv\u00e9tele eset\u00e9n v\u00e1ltozik a felk\u00e9sz\u00edt\u0151 \u00e1ra?<\/b><br \/>Nem. A felk\u00e9sz\u00edt\u0151re befizetett d\u00edj tartalmazza a kismama \u00e9s az apa r\u00e9szv\u00e9tel\u00e9t is.<\/li><li><b>A 6 hetes felk\u00e9sz\u00edt\u0151 k\u00fcl\u00f6n alkalmai mennyi id\u0151t vesznek ig\u00e9nybe?<\/b><br \/>Mind a 6 alkalom egyenk\u00e9nt 2 &#8211; 2,5 \u00f3r\u00e1s tal\u00e1lkoz\u00f3t jelent.<\/li><li><b>Mi t\u00f6rt\u00e9nik akkor, ha el\u0151re befizetek egy 6 hetes felk\u00e9sz\u00edt\u0151re, de nem tudok minden k\u00fcl\u00f6n alkalmon r\u00e9szt venni?<\/b><br \/>Ilyen esetben k\u00e9t m\u00f3don p\u00f3tolhat\u00f3 be a kimaradt r\u00e9szv\u00e9tel: 1. a k\u00f6vetkez\u0151 6 hetes felk\u00e9sz\u00edt\u0151 sor\u00e1n a kismama becsatlakozhat a kimaradt el\u0151ad\u00e1sra vagy 2. kieg\u00e9sz\u00edt\u0151 d\u00edj ellen\u00e9ben \u00e9s el\u0151zetes egyeztet\u00e9ssel egy\u00e9ni felk\u00e9sz\u00edt\u0151 form\u00e1j\u00e1ban.<\/li><li><b>Ha egy\u00e1ltal\u00e1n nem tudok r\u00e9szt venni egy el\u0151re kifizetett programon, a befizetett \u00f6sszeg visszat\u00e9r\u00fcl?<\/b><br \/>Bizony\u00edtott orvosi okok eset\u00e9n a befizetett \u00f6sszeg 100%-a visszat\u00e9r\u00edt\u00e9sre ker\u00fcl. Ellenkez\u0151 esetben nincs visszat\u00e9r\u00edt\u00e9s.<\/li><\/ol>\t\t\t\t\t\t<\/div>\n\t\t\t\t<\/div>\n\t\t\t\t\t<\/div>\n\t\t<\/div>\n\t\t\t\t\t\t\t<\/div>\n\t\t<\/section>\n\t\t\t\t\t\t\t<\/div>\n\t\t","protected":false},"excerpt":{"rendered":"<p>Hogyan tudok jelentkezni?A men\u00fcpontban a \u201eJelentkezem!\u201d gombra kattintva. Milyen nyelven zajlanak a felk\u00e9sz\u00edt\u0151k?Magyar nyelven. Hol zajlanak a felk\u00e9sz\u00edt\u0151k?Marosv\u00e1s\u00e1rhelyen, a Holomed Klinika sz\u00e9khely\u00e9n &#8211; Agricultorilor utca 30 B A felk\u00e9sz\u00edt\u0151k csoportosak vagy egy\u00e9niek?A felk\u00e9sz\u00edt\u0151k csoportos tev\u00e9kenys\u00e9gek form\u00e1j\u00e1ban el\u00e9rhet\u0151ek kedvezm\u00e9nyes \u00e1ron, de egy\u00e9ni felk\u00e9sz\u00edt\u0151re is van lehet\u0151s\u00e9g. Szakk\u00e9pzett el\u0151ad\u00f3k tartj\u00e1k a felk\u00e9sz\u00edt\u0151ket?Igen. Zolyomi K\u00e1rmen R\u00e9ka &#8211; Msc, [&hellip;]<\/p>\n","protected":false},"author":1,"featured_media":0,"parent":0,"menu_order":0,"comment_status":"closed","ping_status":"closed","template":"","meta":[],"yoast_head":"<!-- This site is optimized with the Yoast SEO plugin v21.7 - https:\/\/yoast.com\/wordpress\/plugins\/seo\/ -->\n<title>Gyakori k\u00e9rd\u00e9sek - Tree of Hope<\/title>\n<meta name=\"robots\" content=\"index, follow, max-snippet:-1, max-image-preview:large, max-video-preview:-1\" \/>\n<link rel=\"canonical\" href=\"https:\/\/treeofhope.ro\/gyakori-kerdesek\/\" \/>\n<meta property=\"og:locale\" content=\"hu_HU\" \/>\n<meta property=\"og:type\" content=\"article\" \/>\n<meta property=\"og:title\" content=\"Gyakori k\u00e9rd\u00e9sek - Tree of Hope\" \/>\n<meta property=\"og:description\" content=\"Hogyan tudok jelentkezni?A men\u00fcpontban a \u201eJelentkezem!\u201d gombra kattintva. Milyen nyelven zajlanak a felk\u00e9sz\u00edt\u0151k?Magyar nyelven. Hol zajlanak a felk\u00e9sz\u00edt\u0151k?Marosv\u00e1s\u00e1rhelyen, a Holomed Klinika sz\u00e9khely\u00e9n &#8211; Agricultorilor utca 30 B A felk\u00e9sz\u00edt\u0151k csoportosak vagy egy\u00e9niek?A felk\u00e9sz\u00edt\u0151k csoportos tev\u00e9kenys\u00e9gek form\u00e1j\u00e1ban el\u00e9rhet\u0151ek kedvezm\u00e9nyes \u00e1ron, de egy\u00e9ni felk\u00e9sz\u00edt\u0151re is van lehet\u0151s\u00e9g. Szakk\u00e9pzett el\u0151ad\u00f3k tartj\u00e1k a felk\u00e9sz\u00edt\u0151ket?Igen. Zolyomi K\u00e1rmen R\u00e9ka &#8211; Msc, [&hellip;]\" \/>\n<meta property=\"og:url\" content=\"https:\/\/treeofhope.ro\/gyakori-kerdesek\/\" \/>\n<meta property=\"og:site_name\" content=\"Tree of Hope\" \/>\n<meta property=\"article:publisher\" content=\"https:\/\/www.facebook.com\/profile.php?id=100091503315415\" \/>\n<meta property=\"article:modified_time\" content=\"2023-12-20T14:30:09+00:00\" \/>\n<meta property=\"og:image\" content=\"https:\/\/treeofhope.ro\/wp-content\/uploads\/2023\/04\/bg-hometop.jpg\" \/>\n\t<meta property=\"og:image:width\" content=\"1400\" \/>\n\t<meta property=\"og:image:height\" content=\"754\" \/>\n\t<meta property=\"og:image:type\" content=\"image\/jpeg\" \/>\n<meta name=\"twitter:card\" content=\"summary_large_image\" \/>\n<meta name=\"twitter:label1\" content=\"Est. reading time\" \/>\n\t<meta name=\"twitter:data1\" content=\"2 perc\" \/>\n<script type=\"application\/ld+json\" class=\"yoast-schema-graph\">{\"@context\":\"https:\/\/schema.org\",\"@graph\":[{\"@type\":\"WebPage\",\"@id\":\"https:\/\/treeofhope.ro\/gyakori-kerdesek\/\",\"url\":\"https:\/\/treeofhope.ro\/gyakori-kerdesek\/\",\"name\":\"Gyakori k\u00e9rd\u00e9sek - Tree of Hope\",\"isPartOf\":{\"@id\":\"https:\/\/treeofhope.ro\/#website\"},\"datePublished\":\"2023-06-21T12:11:17+00:00\",\"dateModified\":\"2023-12-20T14:30:09+00:00\",\"breadcrumb\":{\"@id\":\"https:\/\/treeofhope.ro\/gyakori-kerdesek\/#breadcrumb\"},\"inLanguage\":\"hu\",\"potentialAction\":[{\"@type\":\"ReadAction\",\"target\":[\"https:\/\/treeofhope.ro\/gyakori-kerdesek\/\"]}]},{\"@type\":\"BreadcrumbList\",\"@id\":\"https:\/\/treeofhope.ro\/gyakori-kerdesek\/#breadcrumb\",\"itemListElement\":[{\"@type\":\"ListItem\",\"position\":1,\"name\":\"Home\",\"item\":\"https:\/\/treeofhope.ro\/hu\/\"},{\"@type\":\"ListItem\",\"position\":2,\"name\":\"Gyakori k\u00e9rd\u00e9sek\"}]},{\"@type\":\"WebSite\",\"@id\":\"https:\/\/treeofhope.ro\/#website\",\"url\":\"https:\/\/treeofhope.ro\/\",\"name\":\"Tree of Hope\",\"description\":\"Sz\u00fcl\u00e9sfelk\u00e9sz\u00edt\u0151k, csecsem\u0151gondoz\u00e1s, els\u0151seg\u00e9ly tanfolyam, terhestorna.\",\"publisher\":{\"@id\":\"https:\/\/treeofhope.ro\/#organization\"},\"potentialAction\":[{\"@type\":\"SearchAction\",\"target\":{\"@type\":\"EntryPoint\",\"urlTemplate\":\"https:\/\/treeofhope.ro\/?s={search_term_string}\"},\"query-input\":\"required name=search_term_string\"}],\"inLanguage\":\"hu\"},{\"@type\":\"Organization\",\"@id\":\"https:\/\/treeofhope.ro\/#organization\",\"name\":\"Tree of Hope\",\"url\":\"https:\/\/treeofhope.ro\/\",\"logo\":{\"@type\":\"ImageObject\",\"inLanguage\":\"hu\",\"@id\":\"https:\/\/treeofhope.ro\/#\/schema\/logo\/image\/\",\"url\":\"https:\/\/treeofhope.ro\/wp-content\/uploads\/2023\/04\/logo-treeofhope-150.png\",\"contentUrl\":\"https:\/\/treeofhope.ro\/wp-content\/uploads\/2023\/04\/logo-treeofhope-150.png\",\"width\":150,\"height\":150,\"caption\":\"Tree of Hope\"},\"image\":{\"@id\":\"https:\/\/treeofhope.ro\/#\/schema\/logo\/image\/\"},\"sameAs\":[\"https:\/\/www.facebook.com\/profile.php?id=100091503315415\"]}]}<\/script>\n<!-- \/ Yoast SEO plugin. -->","yoast_head_json":{"title":"Gyakori k\u00e9rd\u00e9sek - Tree of Hope","robots":{"index":"index","follow":"follow","max-snippet":"max-snippet:-1","max-image-preview":"max-image-preview:large","max-video-preview":"max-video-preview:-1"},"canonical":"https:\/\/treeofhope.ro\/gyakori-kerdesek\/","og_locale":"hu_HU","og_type":"article","og_title":"Gyakori k\u00e9rd\u00e9sek - Tree of Hope","og_description":"Hogyan tudok jelentkezni?A men\u00fcpontban a \u201eJelentkezem!\u201d gombra kattintva. Milyen nyelven zajlanak a felk\u00e9sz\u00edt\u0151k?Magyar nyelven. Hol zajlanak a felk\u00e9sz\u00edt\u0151k?Marosv\u00e1s\u00e1rhelyen, a Holomed Klinika sz\u00e9khely\u00e9n &#8211; Agricultorilor utca 30 B A felk\u00e9sz\u00edt\u0151k csoportosak vagy egy\u00e9niek?A felk\u00e9sz\u00edt\u0151k csoportos tev\u00e9kenys\u00e9gek form\u00e1j\u00e1ban el\u00e9rhet\u0151ek kedvezm\u00e9nyes \u00e1ron, de egy\u00e9ni felk\u00e9sz\u00edt\u0151re is van lehet\u0151s\u00e9g. Szakk\u00e9pzett el\u0151ad\u00f3k tartj\u00e1k a felk\u00e9sz\u00edt\u0151ket?Igen. Zolyomi K\u00e1rmen R\u00e9ka &#8211; Msc, [&hellip;]","og_url":"https:\/\/treeofhope.ro\/gyakori-kerdesek\/","og_site_name":"Tree of Hope","article_publisher":"https:\/\/www.facebook.com\/profile.php?id=100091503315415","article_modified_time":"2023-12-20T14:30:09+00:00","og_image":[{"width":1400,"height":754,"url":"https:\/\/treeofhope.ro\/wp-content\/uploads\/2023\/04\/bg-hometop.jpg","type":"image\/jpeg"}],"twitter_card":"summary_large_image","twitter_misc":{"Est. reading time":"2 perc"},"schema":{"@context":"https:\/\/schema.org","@graph":[{"@type":"WebPage","@id":"https:\/\/treeofhope.ro\/gyakori-kerdesek\/","url":"https:\/\/treeofhope.ro\/gyakori-kerdesek\/","name":"Gyakori k\u00e9rd\u00e9sek - Tree of Hope","isPartOf":{"@id":"https:\/\/treeofhope.ro\/#website"},"datePublished":"2023-06-21T12:11:17+00:00","dateModified":"2023-12-20T14:30:09+00:00","breadcrumb":{"@id":"https:\/\/treeofhope.ro\/gyakori-kerdesek\/#breadcrumb"},"inLanguage":"hu","potentialAction":[{"@type":"ReadAction","target":["https:\/\/treeofhope.ro\/gyakori-kerdesek\/"]}]},{"@type":"BreadcrumbList","@id":"https:\/\/treeofhope.ro\/gyakori-kerdesek\/#breadcrumb","itemListElement":[{"@type":"ListItem","position":1,"name":"Home","item":"https:\/\/treeofhope.ro\/hu\/"},{"@type":"ListItem","position":2,"name":"Gyakori k\u00e9rd\u00e9sek"}]},{"@type":"WebSite","@id":"https:\/\/treeofhope.ro\/#website","url":"https:\/\/treeofhope.ro\/","name":"Tree of Hope","description":"Sz\u00fcl\u00e9sfelk\u00e9sz\u00edt\u0151k, csecsem\u0151gondoz\u00e1s, els\u0151seg\u00e9ly tanfolyam, terhestorna.","publisher":{"@id":"https:\/\/treeofhope.ro\/#organization"},"potentialAction":[{"@type":"SearchAction","target":{"@type":"EntryPoint","urlTemplate":"https:\/\/treeofhope.ro\/?s={search_term_string}"},"query-input":"required name=search_term_string"}],"inLanguage":"hu"},{"@type":"Organization","@id":"https:\/\/treeofhope.ro\/#organization","name":"Tree of Hope","url":"https:\/\/treeofhope.ro\/","logo":{"@type":"ImageObject","inLanguage":"hu","@id":"https:\/\/treeofhope.ro\/#\/schema\/logo\/image\/","url":"https:\/\/treeofhope.ro\/wp-content\/uploads\/2023\/04\/logo-treeofhope-150.png","contentUrl":"https:\/\/treeofhope.ro\/wp-content\/uploads\/2023\/04\/logo-treeofhope-150.png","width":150,"height":150,"caption":"Tree of Hope"},"image":{"@id":"https:\/\/treeofhope.ro\/#\/schema\/logo\/image\/"},"sameAs":["https:\/\/www.facebook.com\/profile.php?id=100091503315415"]}]}},"_links":{"self":[{"href":"https:\/\/treeofhope.ro\/hu\/wp-json\/wp\/v2\/pages\/561"}],"collection":[{"href":"https:\/\/treeofhope.ro\/hu\/wp-json\/wp\/v2\/pages"}],"about":[{"href":"https:\/\/treeofhope.ro\/hu\/wp-json\/wp\/v2\/types\/page"}],"author":[{"embeddable":true,"href":"https:\/\/treeofhope.ro\/hu\/wp-json\/wp\/v2\/users\/1"}],"replies":[{"embeddable":true,"href":"https:\/\/treeofhope.ro\/hu\/wp-json\/wp\/v2\/comments?post=561"}],"version-history":[{"count":16,"href":"https:\/\/treeofhope.ro\/hu\/wp-json\/wp\/v2\/pages\/561\/revisions"}],"predecessor-version":[{"id":1156,"href":"https:\/\/treeofhope.ro\/hu\/wp-json\/wp\/v2\/pages\/561\/revisions\/1156"}],"wp:attachment":[{"href":"https:\/\/treeofhope.ro\/hu\/wp-json\/wp\/v2\/media?parent=561"}],"curies":[{"name":"wp","href":"https:\/\/api.w.org\/{rel}","templated":true}]}}