{"id":599,"date":"2023-06-22T09:07:39","date_gmt":"2023-06-22T07:07:39","guid":{"rendered":"https:\/\/treeofhope.ro\/?page_id=599"},"modified":"2023-12-19T07:47:24","modified_gmt":"2023-12-19T06:47:24","slug":"blog","status":"publish","type":"page","link":"https:\/\/treeofhope.ro\/hu\/blog\/","title":{"rendered":"Blog"},"content":{"rendered":"\t\t<div data-elementor-type=\"wp-page\" data-elementor-id=\"599\" class=\"elementor elementor-599\">\n\t\t\t\t\t\t\t\t\t<section class=\"elementor-section elementor-top-section elementor-element elementor-element-e7f9bb8 elementor-section-boxed elementor-section-height-default elementor-section-height-default\" data-id=\"e7f9bb8\" data-element_type=\"section\">\n\t\t\t\t\t\t<div class=\"elementor-container elementor-column-gap-default\">\n\t\t\t\t\t<div class=\"aux-parallax-section elementor-column elementor-col-100 elementor-top-column elementor-element elementor-element-efc5bf3\" data-id=\"efc5bf3\" data-element_type=\"column\">\n\t\t\t<div class=\"elementor-widget-wrap elementor-element-populated\">\n\t\t\t\t\t\t\t\t<div class=\"elementor-element elementor-element-89828ae elementor-widget elementor-widget-aux_recent_posts\" data-id=\"89828ae\" data-element_type=\"widget\" data-settings=\"{&quot;columns&quot;:&quot;4&quot;,&quot;columns_tablet&quot;:&quot;inherit&quot;,&quot;columns_mobile&quot;:&quot;1&quot;}\" data-widget_type=\"aux_recent_posts.default\">\n\t\t\t\t<div class=\"elementor-widget-container\">\n\t\t\t<section class=\"widget-container aux-widget-recent-posts aux-parent-auda72cc2c\"><div data-element-id=\"auda72cc2c\" class=\"aux-match-height aux-row aux-de-col4 aux-tb-col4 aux-mb-col1 aux-total-3 aux-ajax-view  \"><div class=\"aux-col post-2588\">\n                        <article class=\"post column-entry post-2588 type-post status-publish format-standard has-post-thumbnail hentry category-blog\">\n                                                        <div class=\"entry-media\"><div class=\"aux-media-frame aux-media-image aux-image-mask\"><a href=\"https:\/\/treeofhope.ro\/hu\/blog\/terhesseg-alatti-cukorbetegseg\/\"><img decoding=\"async\" src=\"https:\/\/treeofhope.ro\/wp-content\/uploads\/2025\/02\/2150756370-1-320x160.jpg\" class=\"aux-attachment aux-featured-image attachment-320x160 aux-attachment-id-2603 \" alt=\"2150756370\" srcset=\"https:\/\/treeofhope.ro\/wp-content\/uploads\/2025\/02\/2150756370-1-150x75.jpg 150w,https:\/\/treeofhope.ro\/wp-content\/uploads\/2025\/02\/2150756370-1-300x150.jpg 300w,https:\/\/treeofhope.ro\/wp-content\/uploads\/2025\/02\/2150756370-1-768x384.jpg 768w,https:\/\/treeofhope.ro\/wp-content\/uploads\/2025\/02\/2150756370-1-1024x512.jpg 1024w,https:\/\/treeofhope.ro\/wp-content\/uploads\/2025\/02\/2150756370-1-320x160.jpg 320w,https:\/\/treeofhope.ro\/wp-content\/uploads\/2025\/02\/2150756370-1-1490x745.jpg 1490w\" data-ratio=\"2\" data-original-w=\"1500\" sizes=\"(max-width:479px) 480px,(max-width:767px) 768px,(max-width:1023px) 1024px,320px\" \/><\/a><\/div><\/div>\n                            \n                            <div class=\"entry-main\">\n                                                        \n                                <header class=\"entry-header\">\n                                \n                                    <h4 class=\"entry-title\">\n                                        <a href=\"https:\/\/treeofhope.ro\/hu\/blog\/terhesseg-alatti-cukorbetegseg\/\">\n                                            Terhess\u00e9g alatti cukorbetegs\u00e9g                                        <\/a>\n                                    <\/h4>\n                                                                    <div class=\"entry-format\">\n                                        <a href=\"https:\/\/treeofhope.ro\/hu\/blog\/terhesseg-alatti-cukorbetegseg\/\">\n                                            <div class=\"post-format format-\"> <\/div>\n                                        <\/a>\n                                    <\/div>\n                                <\/header>\n                            \n                                                                                        <footer class=\"entry-meta aux-after-content\">\n                                                                        <div class=\"readmore\">\n                                        <a href=\"https:\/\/treeofhope.ro\/hu\/blog\/terhesseg-alatti-cukorbetegseg\/\" class=\"aux-read-more\"><span class=\"aux-read-more-text\">R\u00e9szletek<\/span><\/a>\n                                    <\/div>\n                                                                    <\/footer>\n                            \n                            <\/div>\n\n                        <\/article>\n<\/div><div class=\"aux-col post-791\">\n                        <article class=\"post column-entry post-791 type-post status-publish format-standard has-post-thumbnail hentry category-blog\">\n                                                        <div class=\"entry-media\"><div class=\"aux-media-frame aux-media-image aux-image-mask\"><a href=\"https:\/\/treeofhope.ro\/hu\/blog\/tudtad-e-hogy\/\"><img decoding=\"async\" src=\"https:\/\/treeofhope.ro\/wp-content\/uploads\/2023\/12\/Tudtad-e-hogy-1-320x160.png\" class=\"aux-attachment aux-featured-image attachment-320x160 aux-attachment-id-2561 \" alt=\"Tudtad-e, hogy\" srcset=\"https:\/\/treeofhope.ro\/wp-content\/uploads\/2023\/12\/Tudtad-e-hogy-1-150x75.png 150w,https:\/\/treeofhope.ro\/wp-content\/uploads\/2023\/12\/Tudtad-e-hogy-1-300x150.png 300w,https:\/\/treeofhope.ro\/wp-content\/uploads\/2023\/12\/Tudtad-e-hogy-1-768x384.png 768w,https:\/\/treeofhope.ro\/wp-content\/uploads\/2023\/12\/Tudtad-e-hogy-1-1024x512.png 1024w,https:\/\/treeofhope.ro\/wp-content\/uploads\/2023\/12\/Tudtad-e-hogy-1-320x160.png 320w,https:\/\/treeofhope.ro\/wp-content\/uploads\/2023\/12\/Tudtad-e-hogy-1-1910x955.png 1910w\" data-ratio=\"2\" data-original-w=\"1920\" sizes=\"(max-width:479px) 480px,(max-width:767px) 768px,(max-width:1023px) 1024px,320px\" \/><\/a><\/div><\/div>\n                            \n                            <div class=\"entry-main\">\n                                                        \n                                <header class=\"entry-header\">\n                                \n                                    <h4 class=\"entry-title\">\n                                        <a href=\"https:\/\/treeofhope.ro\/hu\/blog\/tudtad-e-hogy\/\">\n                                            Tudtad-e, hogy&#8230;?                                        <\/a>\n                                    <\/h4>\n                                                                    <div class=\"entry-format\">\n                                        <a href=\"https:\/\/treeofhope.ro\/hu\/blog\/tudtad-e-hogy\/\">\n                                            <div class=\"post-format format-\"> <\/div>\n                                        <\/a>\n                                    <\/div>\n                                <\/header>\n                            \n                                                                                        <footer class=\"entry-meta aux-after-content\">\n                                                                        <div class=\"readmore\">\n                                        <a href=\"https:\/\/treeofhope.ro\/hu\/blog\/tudtad-e-hogy\/\" class=\"aux-read-more\"><span class=\"aux-read-more-text\">R\u00e9szletek<\/span><\/a>\n                                    <\/div>\n                                                                    <\/footer>\n                            \n                            <\/div>\n\n                        <\/article>\n<\/div><div class=\"aux-col post-677\">\n                        <article class=\"post column-entry post-677 type-post status-publish format-standard has-post-thumbnail hentry category-blog\">\n                                                        <div class=\"entry-media\"><div class=\"aux-media-frame aux-media-image aux-image-mask\"><a href=\"https:\/\/treeofhope.ro\/hu\/blog\/mozgas-a-varandossag-alatt\/\"><img decoding=\"async\" src=\"https:\/\/treeofhope.ro\/wp-content\/uploads\/2023\/07\/terhestorna-1-320x160.jpg\" class=\"aux-attachment aux-featured-image attachment-320x160 aux-attachment-id-681 \" alt=\"terhestorna\" srcset=\"https:\/\/treeofhope.ro\/wp-content\/uploads\/2023\/07\/terhestorna-1-150x75.jpg 150w,https:\/\/treeofhope.ro\/wp-content\/uploads\/2023\/07\/terhestorna-1-300x150.jpg 300w,https:\/\/treeofhope.ro\/wp-content\/uploads\/2023\/07\/terhestorna-1-768x384.jpg 768w,https:\/\/treeofhope.ro\/wp-content\/uploads\/2023\/07\/terhestorna-1-1024x512.jpg 1024w,https:\/\/treeofhope.ro\/wp-content\/uploads\/2023\/07\/terhestorna-1-320x160.jpg 320w,https:\/\/treeofhope.ro\/wp-content\/uploads\/2023\/07\/terhestorna-1-1910x955.jpg 1910w\" data-ratio=\"2\" data-original-w=\"1920\" sizes=\"(max-width:479px) 480px,(max-width:767px) 768px,(max-width:1023px) 1024px,320px\" \/><\/a><\/div><\/div>\n                            \n                            <div class=\"entry-main\">\n                                                        \n                                <header class=\"entry-header\">\n                                \n                                    <h4 class=\"entry-title\">\n                                        <a href=\"https:\/\/treeofhope.ro\/hu\/blog\/mozgas-a-varandossag-alatt\/\">\n                                            Mozg\u00e1s a v\u00e1rand\u00f3ss\u00e1g alatt                                        <\/a>\n                                    <\/h4>\n                                                                    <div class=\"entry-format\">\n                                        <a href=\"https:\/\/treeofhope.ro\/hu\/blog\/mozgas-a-varandossag-alatt\/\">\n                                            <div class=\"post-format format-\"> <\/div>\n                                        <\/a>\n                                    <\/div>\n                                <\/header>\n                            \n                                                                                        <footer class=\"entry-meta aux-after-content\">\n                                                                        <div class=\"readmore\">\n                                        <a href=\"https:\/\/treeofhope.ro\/hu\/blog\/mozgas-a-varandossag-alatt\/\" class=\"aux-read-more\"><span class=\"aux-read-more-text\">R\u00e9szletek<\/span><\/a>\n                                    <\/div>\n                                                                    <\/footer>\n                            \n                            <\/div>\n\n                        <\/article>\n<\/div><\/div><\/section><!-- widget-container -->\t\t<\/div>\n\t\t\t\t<\/div>\n\t\t\t\t\t<\/div>\n\t\t<\/div>\n\t\t\t\t\t\t\t<\/div>\n\t\t<\/section>\n\t\t\t\t\t\t\t<\/div>\n\t\t","protected":false},"excerpt":{"rendered":"<p>Tudtad-e, hogy&#8230;? R\u00e9szletek Mozg\u00e1s a v\u00e1rand\u00f3ss\u00e1g alatt R\u00e9szletek<\/p>\n","protected":false},"author":1,"featured_media":0,"parent":0,"menu_order":0,"comment_status":"closed","ping_status":"closed","template":"","meta":[],"yoast_head":"<!-- This site is optimized with the Yoast SEO plugin v21.7 - https:\/\/yoast.com\/wordpress\/plugins\/seo\/ -->\n<title>Blog - Tree of Hope<\/title>\n<meta name=\"robots\" content=\"index, follow, max-snippet:-1, max-image-preview:large, max-video-preview:-1\" \/>\n<link rel=\"canonical\" href=\"https:\/\/treeofhope.ro\/blog\/\" \/>\n<meta property=\"og:locale\" content=\"hu_HU\" \/>\n<meta property=\"og:type\" content=\"article\" \/>\n<meta property=\"og:title\" content=\"Blog - Tree of Hope\" \/>\n<meta property=\"og:description\" content=\"Tudtad-e, hogy&#8230;? R\u00e9szletek Mozg\u00e1s a v\u00e1rand\u00f3ss\u00e1g alatt R\u00e9szletek\" \/>\n<meta property=\"og:url\" content=\"https:\/\/treeofhope.ro\/blog\/\" \/>\n<meta property=\"og:site_name\" content=\"Tree of Hope\" \/>\n<meta property=\"article:publisher\" content=\"https:\/\/www.facebook.com\/profile.php?id=100091503315415\" \/>\n<meta property=\"article:modified_time\" content=\"2023-12-19T06:47:24+00:00\" \/>\n<meta property=\"og:image\" content=\"https:\/\/treeofhope.ro\/wp-content\/uploads\/2023\/12\/Tudtad-e-hogy-320x160.png\" \/>\n<meta name=\"twitter:card\" content=\"summary_large_image\" \/>\n<script type=\"application\/ld+json\" class=\"yoast-schema-graph\">{\"@context\":\"https:\/\/schema.org\",\"@graph\":[{\"@type\":\"WebPage\",\"@id\":\"https:\/\/treeofhope.ro\/blog\/\",\"url\":\"https:\/\/treeofhope.ro\/blog\/\",\"name\":\"Blog - Tree of Hope\",\"isPartOf\":{\"@id\":\"https:\/\/treeofhope.ro\/#website\"},\"datePublished\":\"2023-06-22T07:07:39+00:00\",\"dateModified\":\"2023-12-19T06:47:24+00:00\",\"breadcrumb\":{\"@id\":\"https:\/\/treeofhope.ro\/blog\/#breadcrumb\"},\"inLanguage\":\"hu\",\"potentialAction\":[{\"@type\":\"ReadAction\",\"target\":[\"https:\/\/treeofhope.ro\/blog\/\"]}]},{\"@type\":\"BreadcrumbList\",\"@id\":\"https:\/\/treeofhope.ro\/blog\/#breadcrumb\",\"itemListElement\":[{\"@type\":\"ListItem\",\"position\":1,\"name\":\"Home\",\"item\":\"https:\/\/treeofhope.ro\/hu\/\"},{\"@type\":\"ListItem\",\"position\":2,\"name\":\"Blog\"}]},{\"@type\":\"WebSite\",\"@id\":\"https:\/\/treeofhope.ro\/#website\",\"url\":\"https:\/\/treeofhope.ro\/\",\"name\":\"Tree of Hope\",\"description\":\"Sz\u00fcl\u00e9sfelk\u00e9sz\u00edt\u0151k, csecsem\u0151gondoz\u00e1s, els\u0151seg\u00e9ly tanfolyam, terhestorna.\",\"publisher\":{\"@id\":\"https:\/\/treeofhope.ro\/#organization\"},\"potentialAction\":[{\"@type\":\"SearchAction\",\"target\":{\"@type\":\"EntryPoint\",\"urlTemplate\":\"https:\/\/treeofhope.ro\/?s={search_term_string}\"},\"query-input\":\"required name=search_term_string\"}],\"inLanguage\":\"hu\"},{\"@type\":\"Organization\",\"@id\":\"https:\/\/treeofhope.ro\/#organization\",\"name\":\"Tree of Hope\",\"url\":\"https:\/\/treeofhope.ro\/\",\"logo\":{\"@type\":\"ImageObject\",\"inLanguage\":\"hu\",\"@id\":\"https:\/\/treeofhope.ro\/#\/schema\/logo\/image\/\",\"url\":\"https:\/\/treeofhope.ro\/wp-content\/uploads\/2023\/04\/logo-treeofhope-150.png\",\"contentUrl\":\"https:\/\/treeofhope.ro\/wp-content\/uploads\/2023\/04\/logo-treeofhope-150.png\",\"width\":150,\"height\":150,\"caption\":\"Tree of Hope\"},\"image\":{\"@id\":\"https:\/\/treeofhope.ro\/#\/schema\/logo\/image\/\"},\"sameAs\":[\"https:\/\/www.facebook.com\/profile.php?id=100091503315415\"]}]}<\/script>\n<!-- \/ Yoast SEO plugin. -->","yoast_head_json":{"title":"Blog - Tree of Hope","robots":{"index":"index","follow":"follow","max-snippet":"max-snippet:-1","max-image-preview":"max-image-preview:large","max-video-preview":"max-video-preview:-1"},"canonical":"https:\/\/treeofhope.ro\/blog\/","og_locale":"hu_HU","og_type":"article","og_title":"Blog - Tree of Hope","og_description":"Tudtad-e, hogy&#8230;? R\u00e9szletek Mozg\u00e1s a v\u00e1rand\u00f3ss\u00e1g alatt R\u00e9szletek","og_url":"https:\/\/treeofhope.ro\/blog\/","og_site_name":"Tree of Hope","article_publisher":"https:\/\/www.facebook.com\/profile.php?id=100091503315415","article_modified_time":"2023-12-19T06:47:24+00:00","og_image":[{"url":"https:\/\/treeofhope.ro\/wp-content\/uploads\/2023\/12\/Tudtad-e-hogy-320x160.png"}],"twitter_card":"summary_large_image","schema":{"@context":"https:\/\/schema.org","@graph":[{"@type":"WebPage","@id":"https:\/\/treeofhope.ro\/blog\/","url":"https:\/\/treeofhope.ro\/blog\/","name":"Blog - Tree of Hope","isPartOf":{"@id":"https:\/\/treeofhope.ro\/#website"},"datePublished":"2023-06-22T07:07:39+00:00","dateModified":"2023-12-19T06:47:24+00:00","breadcrumb":{"@id":"https:\/\/treeofhope.ro\/blog\/#breadcrumb"},"inLanguage":"hu","potentialAction":[{"@type":"ReadAction","target":["https:\/\/treeofhope.ro\/blog\/"]}]},{"@type":"BreadcrumbList","@id":"https:\/\/treeofhope.ro\/blog\/#breadcrumb","itemListElement":[{"@type":"ListItem","position":1,"name":"Home","item":"https:\/\/treeofhope.ro\/hu\/"},{"@type":"ListItem","position":2,"name":"Blog"}]},{"@type":"WebSite","@id":"https:\/\/treeofhope.ro\/#website","url":"https:\/\/treeofhope.ro\/","name":"Tree of Hope","description":"Sz\u00fcl\u00e9sfelk\u00e9sz\u00edt\u0151k, csecsem\u0151gondoz\u00e1s, els\u0151seg\u00e9ly tanfolyam, terhestorna.","publisher":{"@id":"https:\/\/treeofhope.ro\/#organization"},"potentialAction":[{"@type":"SearchAction","target":{"@type":"EntryPoint","urlTemplate":"https:\/\/treeofhope.ro\/?s={search_term_string}"},"query-input":"required name=search_term_string"}],"inLanguage":"hu"},{"@type":"Organization","@id":"https:\/\/treeofhope.ro\/#organization","name":"Tree of Hope","url":"https:\/\/treeofhope.ro\/","logo":{"@type":"ImageObject","inLanguage":"hu","@id":"https:\/\/treeofhope.ro\/#\/schema\/logo\/image\/","url":"https:\/\/treeofhope.ro\/wp-content\/uploads\/2023\/04\/logo-treeofhope-150.png","contentUrl":"https:\/\/treeofhope.ro\/wp-content\/uploads\/2023\/04\/logo-treeofhope-150.png","width":150,"height":150,"caption":"Tree of Hope"},"image":{"@id":"https:\/\/treeofhope.ro\/#\/schema\/logo\/image\/"},"sameAs":["https:\/\/www.facebook.com\/profile.php?id=100091503315415"]}]}},"_links":{"self":[{"href":"https:\/\/treeofhope.ro\/hu\/wp-json\/wp\/v2\/pages\/599"}],"collection":[{"href":"https:\/\/treeofhope.ro\/hu\/wp-json\/wp\/v2\/pages"}],"about":[{"href":"https:\/\/treeofhope.ro\/hu\/wp-json\/wp\/v2\/types\/page"}],"author":[{"embeddable":true,"href":"https:\/\/treeofhope.ro\/hu\/wp-json\/wp\/v2\/users\/1"}],"replies":[{"embeddable":true,"href":"https:\/\/treeofhope.ro\/hu\/wp-json\/wp\/v2\/comments?post=599"}],"version-history":[{"count":10,"href":"https:\/\/treeofhope.ro\/hu\/wp-json\/wp\/v2\/pages\/599\/revisions"}],"predecessor-version":[{"id":1058,"href":"https:\/\/treeofhope.ro\/hu\/wp-json\/wp\/v2\/pages\/599\/revisions\/1058"}],"wp:attachment":[{"href":"https:\/\/treeofhope.ro\/hu\/wp-json\/wp\/v2\/media?parent=599"}],"curies":[{"name":"wp","href":"https:\/\/api.w.org\/{rel}","templated":true}]}}