{"id":916,"date":"2023-12-18T17:10:39","date_gmt":"2023-12-18T16:10:39","guid":{"rendered":"https:\/\/treeofhope.ro\/?page_id=916"},"modified":"2025-07-30T13:07:15","modified_gmt":"2025-07-30T11:07:15","slug":"v-csecsemo-es-gyermek-elsosegely-tanfolyam","status":"publish","type":"page","link":"https:\/\/treeofhope.ro\/hu\/v-csecsemo-es-gyermek-elsosegely-tanfolyam\/","title":{"rendered":"V. Csecsem\u0151- \u00e9s gyermek els\u0151seg\u00e9ly tanfolyam"},"content":{"rendered":"\t\t<div data-elementor-type=\"wp-page\" data-elementor-id=\"916\" class=\"elementor elementor-916\">\n\t\t\t\t\t\t\t\t\t<section class=\"elementor-section elementor-top-section elementor-element elementor-element-074af91 elementor-section-boxed elementor-section-height-default elementor-section-height-default\" data-id=\"074af91\" data-element_type=\"section\">\n\t\t\t\t\t\t<div class=\"elementor-container elementor-column-gap-default\">\n\t\t\t\t\t<div class=\"aux-parallax-section elementor-column elementor-col-66 elementor-top-column elementor-element elementor-element-0b641d5\" data-id=\"0b641d5\" data-element_type=\"column\">\n\t\t\t<div class=\"elementor-widget-wrap elementor-element-populated\">\n\t\t\t\t\t\t\t\t<div class=\"elementor-element elementor-element-90d5790 elementor-widget elementor-widget-text-editor\" data-id=\"90d5790\" data-element_type=\"widget\" data-widget_type=\"text-editor.default\">\n\t\t\t\t<div class=\"elementor-widget-container\">\n\t\t\t<style>\/*! elementor - v3.12.1 - 02-04-2023 *\/\n.elementor-widget-text-editor.elementor-drop-cap-view-stacked .elementor-drop-cap{background-color:#69727d;color:#fff}.elementor-widget-text-editor.elementor-drop-cap-view-framed .elementor-drop-cap{color:#69727d;border:3px solid;background-color:transparent}.elementor-widget-text-editor:not(.elementor-drop-cap-view-default) .elementor-drop-cap{margin-top:8px}.elementor-widget-text-editor:not(.elementor-drop-cap-view-default) .elementor-drop-cap-letter{width:1em;height:1em}.elementor-widget-text-editor .elementor-drop-cap{float:left;text-align:center;line-height:1;font-size:50px}.elementor-widget-text-editor .elementor-drop-cap-letter{display:inline-block}<\/style>\t\t\t\t<p>Egy alkalmas elm\u00e9leti \u00e9s gyakorlati k\u00e9pz\u00e9s melynek id\u0151tartama 4 \u00f3ra.<\/p>\t\t\t\t\t\t<\/div>\n\t\t\t\t<\/div>\n\t\t\t\t<div class=\"elementor-element elementor-element-5a4dec0 elementor-widget elementor-widget-text-editor\" data-id=\"5a4dec0\" data-element_type=\"widget\" data-widget_type=\"text-editor.default\">\n\t\t\t\t<div class=\"elementor-widget-container\">\n\t\t\t\t\t\t\t<p>Sz\u00fcl\u0151k, nagysz\u00fcl\u0151k, babysitterek, gyermekekkel dolgoz\u00f3 szakemberek felvil\u00e1gosit\u00e1s\u00e1ra l\u00e9trehozott program, amely \u00e1ltal a r\u00e9sztvev\u0151k olyan alapinform\u00e1ci\u00f3k birtok\u00e1ba jutnak, melyek k\u00e9pess\u00e9 teszik \u0151ket csecsem\u0151k, kis \u00e9s serd\u00fcl\u0151kor\u00fa gyermekek azonnali el\u0151seg\u00e9ly ell\u00e1t\u00e1s\u00e1ra, a szakk\u00e9pzett eg\u00e9szs\u00e9g\u00fcgyi seg\u00edts\u00e9g \u00e9rkez\u00e9se el\u0151tt.<\/p><p>A r\u00e9sztvev\u0151k hozz\u00e1jutnak az el\u0151ad\u00e1son elhangzott inform\u00e1ci\u00f3kat t\u00f6m\u00f6r\u00edt\u0151 \u201cCsecsem\u0151 \u00e9s gyermek els\u0151seg\u00e9ly k\u00e9zik\u00f6nyv\u201d-h\u00f6z, amely \u00fatmutat\u00f3ul szolg\u00e1l nekik. \u00cdgy a legfontosabb inform\u00e1ci\u00f3kat magukkal vihetik otthonaikba \u00e9s b\u00e1rmikor belelapozva feleleven\u00edthetik az \u00e1tbesz\u00e9lt t\u00e9m\u00e1kat, kulcsszavakat, technik\u00e1kat.<\/p><p><br \/>Minden alkalmat a r\u00e9szv\u00e9teli oklevelek \u00e1tny\u00fajt\u00e1s\u00e1val z\u00e1runk.<\/p>\t\t\t\t\t\t<\/div>\n\t\t\t\t<\/div>\n\t\t\t\t<div class=\"elementor-element elementor-element-b90023e mb-3 mt-3 elementor-widget elementor-widget-heading\" data-id=\"b90023e\" data-element_type=\"widget\" data-widget_type=\"heading.default\">\n\t\t\t\t<div class=\"elementor-widget-container\">\n\t\t\t<style>\/*! elementor - v3.12.1 - 02-04-2023 *\/\n.elementor-heading-title{padding:0;margin:0;line-height:1}.elementor-widget-heading .elementor-heading-title[class*=elementor-size-]>a{color:inherit;font-size:inherit;line-height:inherit}.elementor-widget-heading .elementor-heading-title.elementor-size-small{font-size:15px}.elementor-widget-heading .elementor-heading-title.elementor-size-medium{font-size:19px}.elementor-widget-heading .elementor-heading-title.elementor-size-large{font-size:29px}.elementor-widget-heading .elementor-heading-title.elementor-size-xl{font-size:39px}.elementor-widget-heading .elementor-heading-title.elementor-size-xxl{font-size:59px}<\/style><h3 class=\"elementor-heading-title elementor-size-default\">A program le\u00edr\u00e1sa:<\/h3>\t\t<\/div>\n\t\t\t\t<\/div>\n\t\t\t\t\t<\/div>\n\t\t<\/div>\n\t\t\t\t<div class=\"aux-parallax-section elementor-column elementor-col-33 elementor-top-column elementor-element elementor-element-f81995a\" data-id=\"f81995a\" data-element_type=\"column\">\n\t\t\t<div class=\"elementor-widget-wrap elementor-element-populated\">\n\t\t\t\t\t\t\t\t<div class=\"elementor-element elementor-element-e718296 box-price smaller elementor-widget elementor-widget-text-editor\" data-id=\"e718296\" data-element_type=\"widget\" data-widget_type=\"text-editor.default\">\n\t\t\t\t<div class=\"elementor-widget-container\">\n\t\t\t\t\t\t\t<p style=\"text-align: center;\">Egyszem\u00e9lyes r\u00e9szv\u00e9tel: <strong style=\"color: var(--brown);\">250 lej<\/strong><\/p>\n<p style=\"text-align: center;\">P\u00e1ros r\u00e9szv\u00e9tel: <strong>400 lej<\/strong><\/p>\n<p style=\"text-align: center;\">P\u00e1ros r\u00e9szv\u00e9tel + harmadik szem\u00e9ly (nagysz\u00fcl\u0151 \/ babysitter): <strong>550 lej<\/strong><\/p>\t\t\t\t\t\t<\/div>\n\t\t\t\t<\/div>\n\t\t\t\t<div class=\"elementor-element elementor-element-daf5d01 elementor-align-center elementor-widget elementor-widget-button\" data-id=\"daf5d01\" data-element_type=\"widget\" data-widget_type=\"button.default\">\n\t\t\t\t<div class=\"elementor-widget-container\">\n\t\t\t\t\t<div class=\"elementor-button-wrapper\">\n\t\t\t<a href=\"https:\/\/treeofhope.ro\/hu\/jelentkezes-csecsemo-es-gyermek-elsosegely-tanfolyam\/\" class=\"elementor-button-link elementor-button elementor-size-md\" role=\"button\">\n\t\t\t\t\t\t<span class=\"elementor-button-content-wrapper\">\n\t\t\t\t\t\t<span class=\"elementor-button-text\">Jelentkezem<\/span>\n\t\t<\/span>\n\t\t\t\t\t<\/a>\n\t\t<\/div>\n\t\t\t\t<\/div>\n\t\t\t\t<\/div>\n\t\t\t\t\t<\/div>\n\t\t<\/div>\n\t\t\t\t\t\t\t<\/div>\n\t\t<\/section>\n\t\t\t\t<section class=\"elementor-section elementor-top-section elementor-element elementor-element-187cee9 elementor-section-boxed elementor-section-height-default elementor-section-height-default\" data-id=\"187cee9\" data-element_type=\"section\">\n\t\t\t\t\t\t<div class=\"elementor-container elementor-column-gap-default\">\n\t\t\t\t\t<div class=\"aux-parallax-section elementor-column elementor-col-100 elementor-top-column elementor-element elementor-element-3d59b18\" data-id=\"3d59b18\" data-element_type=\"column\">\n\t\t\t<div class=\"elementor-widget-wrap elementor-element-populated\">\n\t\t\t\t\t\t\t\t<div class=\"elementor-element elementor-element-85f9062 elementor-widget elementor-widget-text-editor\" data-id=\"85f9062\" data-element_type=\"widget\" data-widget_type=\"text-editor.default\">\n\t\t\t\t<div class=\"elementor-widget-container\">\n\t\t\t\t\t\t\t<p><strong>Alapszint\u0171 \u00fajra\u00e9leszt\u00e9si technik\u00e1k<\/strong><\/p><p>Hangs\u00falyt fektet\u00fcnk arra, hogyan reag\u00e1ljunk s\u00fcrg\u0151ss\u00e9gi esetben. Az els\u0151dleges \u00e1llapotfelm\u00e9r\u00e9st, az \u00fajra\u00e9leszt\u00e9s ABC- j\u00e9t, fullad\u00e1s, l\u00e9gcs\u0151elz\u00e1r\u00f3d\u00e1s \u00e9s l\u00e9gutak felszabad\u00edt\u00e1s\u00e1t els\u0151seg\u00e9ly gyakorl\u00f3 bab\u00e1kkal oktatjuk, korrig\u00e1lva a felmer\u00fcl\u0151 hib\u00e1kat, annak \u00e9rdek\u00e9ben, hogy a r\u00e9sztvev\u0151k min\u00e9l pontosabban saj\u00e1t\u00edts\u00e1k el az egym\u00e1st k\u00f6vet\u0151 l\u00e9p\u00e9seket.<\/p><p><strong>Balesetek<\/strong><\/p><p>&#8211; S\u00e9r\u00fcl\u00e9sek \u00e9s v\u00e9rz\u00e9sek ell\u00e1t\u00e1sa<br \/>&#8211; Csont, \u00edz\u00fcleti, izom s\u00e9r\u00fcl\u00e9sek ell\u00e1t\u00e1sa<br \/>&#8211; Koponyatrauma, gerinc s\u00e9r\u00fcl\u00e9s, mellkas s\u00e9r\u00fcl\u00e9s ell\u00e1t\u00e1sa<br \/>&#8211; \u00c1ram\u00fct\u00e9s<br \/>&#8211; Fullad\u00e1s (v\u00edzben)<br \/>&#8211; T\u0171zeset\/\u00e9g\u00e9si s\u00e9r\u00fcl\u00e9sek ell\u00e1t\u00e1sa<br \/>&#8211; Idegen t\u00e1rgyak<br \/>&#8211; Cs\u00edp\u00e9sek \u00e9s harap\u00e1sok<\/p><p><br \/><strong>Els\u0151seg\u00e9lyny\u00fajt\u00e1s medik\u00e1lis esetekben<\/strong><\/p><p>&#8211; Mit tegy\u00fcnk l\u00e1z &#8211; l\u00e1zg\u00f6rcs eset\u00e9n?<br \/>&#8211; Dehidrat\u00e1ci\u00f3 jelei<br \/>&#8211; Hideg \u00e9s h\u0151s\u00e9g hat\u00e1sai a gyerekekre<br \/>&#8211; Allergia \u00e9s anafilaxi\u00e1s sokk <br \/>&#8211; M\u00e9rgez\u00e9s (gy\u00f3gyszer, gomba, n\u00f6v\u00e9ny)<br \/>&#8211; Lenyelt idegen test a gyomor-b\u00e9lrendszerben (pl. elem, m\u00e1gnes, p\u00e9nz\u00e9rme)<br \/>&#8211; F\u00fcl- \u00e9s fogf\u00e1j\u00e1s ell\u00e1t\u00e1sa<br \/>&#8211; Gy\u00f3gyszerek (h\u00e1zipatika)<\/p><p>\u00a0<\/p>\t\t\t\t\t\t<\/div>\n\t\t\t\t<\/div>\n\t\t\t\t\t<\/div>\n\t\t<\/div>\n\t\t\t\t\t\t\t<\/div>\n\t\t<\/section>\n\t\t\t\t\t\t\t<\/div>\n\t\t","protected":false},"excerpt":{"rendered":"<p>Egy alkalmas elm\u00e9leti \u00e9s gyakorlati k\u00e9pz\u00e9s melynek id\u0151tartama 4 \u00f3ra. Sz\u00fcl\u0151k, nagysz\u00fcl\u0151k, babysitterek, gyermekekkel dolgoz\u00f3 szakemberek felvil\u00e1gosit\u00e1s\u00e1ra l\u00e9trehozott program, amely \u00e1ltal a r\u00e9sztvev\u0151k olyan alapinform\u00e1ci\u00f3k birtok\u00e1ba jutnak, melyek k\u00e9pess\u00e9 teszik \u0151ket csecsem\u0151k, kis \u00e9s serd\u00fcl\u0151kor\u00fa gyermekek azonnali el\u0151seg\u00e9ly ell\u00e1t\u00e1s\u00e1ra, a szakk\u00e9pzett eg\u00e9szs\u00e9g\u00fcgyi seg\u00edts\u00e9g \u00e9rkez\u00e9se el\u0151tt. A r\u00e9sztvev\u0151k hozz\u00e1jutnak az el\u0151ad\u00e1son elhangzott inform\u00e1ci\u00f3kat t\u00f6m\u00f6r\u00edt\u0151 \u201cCsecsem\u0151 \u00e9s [&hellip;]<\/p>\n","protected":false},"author":2,"featured_media":0,"parent":0,"menu_order":0,"comment_status":"closed","ping_status":"closed","template":"","meta":[],"yoast_head":"<!-- This site is optimized with the Yoast SEO plugin v21.7 - https:\/\/yoast.com\/wordpress\/plugins\/seo\/ -->\n<title>V. Csecsem\u0151- \u00e9s gyermek els\u0151seg\u00e9ly tanfolyam - Tree of Hope<\/title>\n<meta name=\"robots\" content=\"index, follow, max-snippet:-1, max-image-preview:large, max-video-preview:-1\" \/>\n<link rel=\"canonical\" href=\"https:\/\/treeofhope.ro\/hu\/v-csecsemo-es-gyermek-elsosegely-tanfolyam\/\" \/>\n<meta property=\"og:locale\" content=\"hu_HU\" \/>\n<meta property=\"og:type\" content=\"article\" \/>\n<meta property=\"og:title\" content=\"V. Csecsem\u0151- \u00e9s gyermek els\u0151seg\u00e9ly tanfolyam - Tree of Hope\" \/>\n<meta property=\"og:description\" content=\"Egy alkalmas elm\u00e9leti \u00e9s gyakorlati k\u00e9pz\u00e9s melynek id\u0151tartama 4 \u00f3ra. Sz\u00fcl\u0151k, nagysz\u00fcl\u0151k, babysitterek, gyermekekkel dolgoz\u00f3 szakemberek felvil\u00e1gosit\u00e1s\u00e1ra l\u00e9trehozott program, amely \u00e1ltal a r\u00e9sztvev\u0151k olyan alapinform\u00e1ci\u00f3k birtok\u00e1ba jutnak, melyek k\u00e9pess\u00e9 teszik \u0151ket csecsem\u0151k, kis \u00e9s serd\u00fcl\u0151kor\u00fa gyermekek azonnali el\u0151seg\u00e9ly ell\u00e1t\u00e1s\u00e1ra, a szakk\u00e9pzett eg\u00e9szs\u00e9g\u00fcgyi seg\u00edts\u00e9g \u00e9rkez\u00e9se el\u0151tt. A r\u00e9sztvev\u0151k hozz\u00e1jutnak az el\u0151ad\u00e1son elhangzott inform\u00e1ci\u00f3kat t\u00f6m\u00f6r\u00edt\u0151 \u201cCsecsem\u0151 \u00e9s [&hellip;]\" \/>\n<meta property=\"og:url\" content=\"https:\/\/treeofhope.ro\/hu\/v-csecsemo-es-gyermek-elsosegely-tanfolyam\/\" \/>\n<meta property=\"og:site_name\" content=\"Tree of Hope\" \/>\n<meta property=\"article:publisher\" content=\"https:\/\/www.facebook.com\/profile.php?id=100091503315415\" \/>\n<meta property=\"article:modified_time\" content=\"2025-07-30T11:07:15+00:00\" \/>\n<meta property=\"og:image\" content=\"https:\/\/treeofhope.ro\/wp-content\/uploads\/2023\/04\/bg-hometop.jpg\" \/>\n\t<meta property=\"og:image:width\" content=\"1400\" \/>\n\t<meta property=\"og:image:height\" content=\"754\" \/>\n\t<meta property=\"og:image:type\" content=\"image\/jpeg\" \/>\n<meta name=\"twitter:card\" content=\"summary_large_image\" \/>\n<meta name=\"twitter:label1\" content=\"Est. reading time\" \/>\n\t<meta name=\"twitter:data1\" content=\"2 perc\" \/>\n<script type=\"application\/ld+json\" class=\"yoast-schema-graph\">{\"@context\":\"https:\/\/schema.org\",\"@graph\":[{\"@type\":\"WebPage\",\"@id\":\"https:\/\/treeofhope.ro\/hu\/v-csecsemo-es-gyermek-elsosegely-tanfolyam\/\",\"url\":\"https:\/\/treeofhope.ro\/hu\/v-csecsemo-es-gyermek-elsosegely-tanfolyam\/\",\"name\":\"V. Csecsem\u0151- \u00e9s gyermek els\u0151seg\u00e9ly tanfolyam - Tree of Hope\",\"isPartOf\":{\"@id\":\"https:\/\/treeofhope.ro\/#website\"},\"datePublished\":\"2023-12-18T16:10:39+00:00\",\"dateModified\":\"2025-07-30T11:07:15+00:00\",\"breadcrumb\":{\"@id\":\"https:\/\/treeofhope.ro\/hu\/v-csecsemo-es-gyermek-elsosegely-tanfolyam\/#breadcrumb\"},\"inLanguage\":\"hu\",\"potentialAction\":[{\"@type\":\"ReadAction\",\"target\":[\"https:\/\/treeofhope.ro\/hu\/v-csecsemo-es-gyermek-elsosegely-tanfolyam\/\"]}]},{\"@type\":\"BreadcrumbList\",\"@id\":\"https:\/\/treeofhope.ro\/hu\/v-csecsemo-es-gyermek-elsosegely-tanfolyam\/#breadcrumb\",\"itemListElement\":[{\"@type\":\"ListItem\",\"position\":1,\"name\":\"Home\",\"item\":\"https:\/\/treeofhope.ro\/hu\/\"},{\"@type\":\"ListItem\",\"position\":2,\"name\":\"V. Csecsem\u0151- \u00e9s gyermek els\u0151seg\u00e9ly tanfolyam\"}]},{\"@type\":\"WebSite\",\"@id\":\"https:\/\/treeofhope.ro\/#website\",\"url\":\"https:\/\/treeofhope.ro\/\",\"name\":\"Tree of Hope\",\"description\":\"Sz\u00fcl\u00e9sfelk\u00e9sz\u00edt\u0151k, csecsem\u0151gondoz\u00e1s, els\u0151seg\u00e9ly tanfolyam, terhestorna.\",\"publisher\":{\"@id\":\"https:\/\/treeofhope.ro\/#organization\"},\"potentialAction\":[{\"@type\":\"SearchAction\",\"target\":{\"@type\":\"EntryPoint\",\"urlTemplate\":\"https:\/\/treeofhope.ro\/?s={search_term_string}\"},\"query-input\":\"required name=search_term_string\"}],\"inLanguage\":\"hu\"},{\"@type\":\"Organization\",\"@id\":\"https:\/\/treeofhope.ro\/#organization\",\"name\":\"Tree of Hope\",\"url\":\"https:\/\/treeofhope.ro\/\",\"logo\":{\"@type\":\"ImageObject\",\"inLanguage\":\"hu\",\"@id\":\"https:\/\/treeofhope.ro\/#\/schema\/logo\/image\/\",\"url\":\"https:\/\/treeofhope.ro\/wp-content\/uploads\/2023\/04\/logo-treeofhope-150.png\",\"contentUrl\":\"https:\/\/treeofhope.ro\/wp-content\/uploads\/2023\/04\/logo-treeofhope-150.png\",\"width\":150,\"height\":150,\"caption\":\"Tree of Hope\"},\"image\":{\"@id\":\"https:\/\/treeofhope.ro\/#\/schema\/logo\/image\/\"},\"sameAs\":[\"https:\/\/www.facebook.com\/profile.php?id=100091503315415\"]}]}<\/script>\n<!-- \/ Yoast SEO plugin. -->","yoast_head_json":{"title":"V. Csecsem\u0151- \u00e9s gyermek els\u0151seg\u00e9ly tanfolyam - Tree of Hope","robots":{"index":"index","follow":"follow","max-snippet":"max-snippet:-1","max-image-preview":"max-image-preview:large","max-video-preview":"max-video-preview:-1"},"canonical":"https:\/\/treeofhope.ro\/hu\/v-csecsemo-es-gyermek-elsosegely-tanfolyam\/","og_locale":"hu_HU","og_type":"article","og_title":"V. Csecsem\u0151- \u00e9s gyermek els\u0151seg\u00e9ly tanfolyam - Tree of Hope","og_description":"Egy alkalmas elm\u00e9leti \u00e9s gyakorlati k\u00e9pz\u00e9s melynek id\u0151tartama 4 \u00f3ra. Sz\u00fcl\u0151k, nagysz\u00fcl\u0151k, babysitterek, gyermekekkel dolgoz\u00f3 szakemberek felvil\u00e1gosit\u00e1s\u00e1ra l\u00e9trehozott program, amely \u00e1ltal a r\u00e9sztvev\u0151k olyan alapinform\u00e1ci\u00f3k birtok\u00e1ba jutnak, melyek k\u00e9pess\u00e9 teszik \u0151ket csecsem\u0151k, kis \u00e9s serd\u00fcl\u0151kor\u00fa gyermekek azonnali el\u0151seg\u00e9ly ell\u00e1t\u00e1s\u00e1ra, a szakk\u00e9pzett eg\u00e9szs\u00e9g\u00fcgyi seg\u00edts\u00e9g \u00e9rkez\u00e9se el\u0151tt. A r\u00e9sztvev\u0151k hozz\u00e1jutnak az el\u0151ad\u00e1son elhangzott inform\u00e1ci\u00f3kat t\u00f6m\u00f6r\u00edt\u0151 \u201cCsecsem\u0151 \u00e9s [&hellip;]","og_url":"https:\/\/treeofhope.ro\/hu\/v-csecsemo-es-gyermek-elsosegely-tanfolyam\/","og_site_name":"Tree of Hope","article_publisher":"https:\/\/www.facebook.com\/profile.php?id=100091503315415","article_modified_time":"2025-07-30T11:07:15+00:00","og_image":[{"width":1400,"height":754,"url":"https:\/\/treeofhope.ro\/wp-content\/uploads\/2023\/04\/bg-hometop.jpg","type":"image\/jpeg"}],"twitter_card":"summary_large_image","twitter_misc":{"Est. reading time":"2 perc"},"schema":{"@context":"https:\/\/schema.org","@graph":[{"@type":"WebPage","@id":"https:\/\/treeofhope.ro\/hu\/v-csecsemo-es-gyermek-elsosegely-tanfolyam\/","url":"https:\/\/treeofhope.ro\/hu\/v-csecsemo-es-gyermek-elsosegely-tanfolyam\/","name":"V. Csecsem\u0151- \u00e9s gyermek els\u0151seg\u00e9ly tanfolyam - Tree of Hope","isPartOf":{"@id":"https:\/\/treeofhope.ro\/#website"},"datePublished":"2023-12-18T16:10:39+00:00","dateModified":"2025-07-30T11:07:15+00:00","breadcrumb":{"@id":"https:\/\/treeofhope.ro\/hu\/v-csecsemo-es-gyermek-elsosegely-tanfolyam\/#breadcrumb"},"inLanguage":"hu","potentialAction":[{"@type":"ReadAction","target":["https:\/\/treeofhope.ro\/hu\/v-csecsemo-es-gyermek-elsosegely-tanfolyam\/"]}]},{"@type":"BreadcrumbList","@id":"https:\/\/treeofhope.ro\/hu\/v-csecsemo-es-gyermek-elsosegely-tanfolyam\/#breadcrumb","itemListElement":[{"@type":"ListItem","position":1,"name":"Home","item":"https:\/\/treeofhope.ro\/hu\/"},{"@type":"ListItem","position":2,"name":"V. Csecsem\u0151- \u00e9s gyermek els\u0151seg\u00e9ly tanfolyam"}]},{"@type":"WebSite","@id":"https:\/\/treeofhope.ro\/#website","url":"https:\/\/treeofhope.ro\/","name":"Tree of Hope","description":"Sz\u00fcl\u00e9sfelk\u00e9sz\u00edt\u0151k, csecsem\u0151gondoz\u00e1s, els\u0151seg\u00e9ly tanfolyam, terhestorna.","publisher":{"@id":"https:\/\/treeofhope.ro\/#organization"},"potentialAction":[{"@type":"SearchAction","target":{"@type":"EntryPoint","urlTemplate":"https:\/\/treeofhope.ro\/?s={search_term_string}"},"query-input":"required name=search_term_string"}],"inLanguage":"hu"},{"@type":"Organization","@id":"https:\/\/treeofhope.ro\/#organization","name":"Tree of Hope","url":"https:\/\/treeofhope.ro\/","logo":{"@type":"ImageObject","inLanguage":"hu","@id":"https:\/\/treeofhope.ro\/#\/schema\/logo\/image\/","url":"https:\/\/treeofhope.ro\/wp-content\/uploads\/2023\/04\/logo-treeofhope-150.png","contentUrl":"https:\/\/treeofhope.ro\/wp-content\/uploads\/2023\/04\/logo-treeofhope-150.png","width":150,"height":150,"caption":"Tree of Hope"},"image":{"@id":"https:\/\/treeofhope.ro\/#\/schema\/logo\/image\/"},"sameAs":["https:\/\/www.facebook.com\/profile.php?id=100091503315415"]}]}},"_links":{"self":[{"href":"https:\/\/treeofhope.ro\/hu\/wp-json\/wp\/v2\/pages\/916"}],"collection":[{"href":"https:\/\/treeofhope.ro\/hu\/wp-json\/wp\/v2\/pages"}],"about":[{"href":"https:\/\/treeofhope.ro\/hu\/wp-json\/wp\/v2\/types\/page"}],"author":[{"embeddable":true,"href":"https:\/\/treeofhope.ro\/hu\/wp-json\/wp\/v2\/users\/2"}],"replies":[{"embeddable":true,"href":"https:\/\/treeofhope.ro\/hu\/wp-json\/wp\/v2\/comments?post=916"}],"version-history":[{"count":29,"href":"https:\/\/treeofhope.ro\/hu\/wp-json\/wp\/v2\/pages\/916\/revisions"}],"predecessor-version":[{"id":3095,"href":"https:\/\/treeofhope.ro\/hu\/wp-json\/wp\/v2\/pages\/916\/revisions\/3095"}],"wp:attachment":[{"href":"https:\/\/treeofhope.ro\/hu\/wp-json\/wp\/v2\/media?parent=916"}],"curies":[{"name":"wp","href":"https:\/\/api.w.org\/{rel}","templated":true}]}}